{"id":1068,"date":"2020-08-08T15:21:59","date_gmt":"2020-08-08T13:21:59","guid":{"rendered":"https:\/\/aigueliere.fr\/?page_id=1068"},"modified":"2020-08-18T15:28:34","modified_gmt":"2020-08-18T13:28:34","slug":"acces-restreint","status":"publish","type":"page","link":"https:\/\/aigueliere.fr\/index.php\/acces-restreint\/","title":{"rendered":"Acc\u00e8s restreint"},"content":{"rendered":"<p>[et_pb_section fb_built=&#8221;1&#8243; _builder_version=&#8221;4.5.6&#8243; _module_preset=&#8221;default&#8221; background_image=&#8221;https:\/\/aigueliere.fr\/wp-content\/uploads\/2020\/07\/Grossiste_bandeau.jpg&#8221;][et_pb_row column_structure=&#8221;1_2,1_2&#8243; _builder_version=&#8221;4.5.6&#8243; _module_preset=&#8221;default&#8221; background_color=&#8221;#d6d6d6&#8243; filter_opacity=&#8221;91%&#8221;][et_pb_column type=&#8221;1_2&#8243; _builder_version=&#8221;4.5.4&#8243; _module_preset=&#8221;default&#8221;][et_pb_text _builder_version=&#8221;4.5.6&#8243; _module_preset=&#8221;default&#8221; custom_padding=&#8221;|||31px|false|false&#8221;]<\/p>\n<p><strong><span style=\"font-size: 14px; color: #000000;\">Pour acc\u00e9der \u00e0 notre Boutique r\u00e9serv\u00e9e aux Professionnels de la fili\u00e8re Vins, merci de vous inscrire.<\/span><\/strong><\/p>\n<p><strong><span style=\"font-size: 14px; color: #000000;\">Il sera n\u00e9cessaire de nous fournir :<\/span><\/strong><\/p>\n<p><strong><span style=\"color: #000000;\">\u00a0&#8211; Le nom de votre Etablissement<\/span><\/strong><\/p>\n<p><strong><span style=\"color: #000000;\">\u00a0&#8211; Votre Nom et Pr\u00e9nom<\/span><\/strong><\/p>\n<p><strong><span style=\"color: #000000;\">&#8211; vos coordonn\u00e9es t\u00e9l\u00e9phoniques<\/span><\/strong><\/p>\n<p><strong><span style=\"color: #000000;\">\u00a0&#8211; Votre adresse Email<\/span><\/strong><\/p>\n<p><strong><span style=\"color: #000000;\">\u00a0&#8211; Votre N\u00b0 de SIRET<\/span><\/strong><\/p>\n<p><strong><span style=\"color: #000000;\">Vous acc\u00e9derez ainsi \u00e0 l&#8217;ensemble de nos Tarifs et Promotions<\/span><\/strong><\/p>\n<p>&nbsp;<\/p>\n<p>[\/et_pb_text][\/et_pb_column][et_pb_column type=&#8221;1_2&#8243; _builder_version=&#8221;4.5.4&#8243; _module_preset=&#8221;default&#8221;][et_pb_button button_url=&#8221;@ET-DC@eyJkeW5hbWljIjp0cnVlLCJjb250ZW50IjoicG9zdF9saW5rX3VybF9wYWdlIiwic2V0dGluZ3MiOnsicG9zdF9pZCI6IjEwNTAifX0=@&#8221; button_text=&#8221;Inscrivez-vous&#8221; _builder_version=&#8221;4.5.6&#8243; _dynamic_attributes=&#8221;button_url&#8221; _module_preset=&#8221;default&#8221; custom_button=&#8221;on&#8221; button_text_size=&#8221;20px&#8221; button_text_color=&#8221;#7c1e11&#8243; button_border_width=&#8221;4px&#8221; button_border_radius=&#8221;14px&#8221; button_font=&#8221;|600|||||||&#8221; button_icon=&#8221;%%75%%&#8221; custom_margin=&#8221;||94px|||&#8221; custom_padding=&#8221;|44px|||false|false&#8221;][\/et_pb_button][et_pb_button button_url=&#8221;@ET-DC@eyJkeW5hbWljIjp0cnVlLCJjb250ZW50IjoicG9zdF9saW5rX3VybF9wYWdlIiwic2V0dGluZ3MiOnsicG9zdF9pZCI6IjEwNDkifX0=@&#8221; button_text=&#8221;Connexion&#8221; button_alignment=&#8221;left&#8221; _builder_version=&#8221;4.5.6&#8243; _dynamic_attributes=&#8221;button_url&#8221; _module_preset=&#8221;default&#8221; custom_button=&#8221;on&#8221; button_text_size=&#8221;16px&#8221; button_text_color=&#8221;#000000&#8243; button_bg_color=&#8221;#bcbcbc&#8221; button_border_radius=&#8221;7px&#8221; button_font=&#8221;|600|||||||&#8221; custom_padding=&#8221;|74px|||false|false&#8221; animation_style=&#8221;fold&#8221;][\/et_pb_button][et_pb_button button_url=&#8221;@ET-DC@eyJkeW5hbWljIjp0cnVlLCJjb250ZW50IjoicG9zdF9saW5rX3VybF9wYWdlIiwic2V0dGluZ3MiOnsicG9zdF9pZCI6IjEwNTIifX0=@&#8221; button_text=&#8221;D\u00e9connexion&#8221; button_alignment=&#8221;left&#8221; _builder_version=&#8221;4.5.6&#8243; _dynamic_attributes=&#8221;button_url&#8221; _module_preset=&#8221;default&#8221; custom_button=&#8221;on&#8221; button_text_size=&#8221;16px&#8221; button_text_color=&#8221;#000000&#8243; button_bg_color=&#8221;#bcbcbc&#8221; button_border_radius=&#8221;7px&#8221; button_font=&#8221;|600|||||||&#8221; custom_padding=&#8221;|57px|||false|false&#8221;][\/et_pb_button][et_pb_button button_url=&#8221;https:\/\/boutique-aigueliere.com&#8221; button_text=&#8221;Boutique %22Particuliers%22&#8243; button_alignment=&#8221;right&#8221; _builder_version=&#8221;4.5.6&#8243; _module_preset=&#8221;default&#8221; custom_button=&#8221;on&#8221; button_text_size=&#8221;16px&#8221; button_text_color=&#8221;#ffffff&#8221; button_bg_color=&#8221;#651906&#8243; button_border_radius=&#8221;7px&#8221; button_font=&#8221;|600|||||||&#8221; custom_padding=&#8221;|12px||20px|false|false&#8221; hover_enabled=&#8221;0&#8243; custom_margin=&#8221;|22px|||false|false&#8221; button_bg_enable_color=&#8221;on&#8221;][\/et_pb_button][\/et_pb_column][\/et_pb_row][\/et_pb_section]<\/p>\n","protected":false},"excerpt":{"rendered":"<p>Pour acc\u00e9der \u00e0 notre Boutique r\u00e9serv\u00e9e aux Professionnels de la fili\u00e8re Vins, merci de vous inscrire. Il sera n\u00e9cessaire de nous fournir : \u00a0&#8211; Le nom de votre Etablissement \u00a0&#8211; Votre Nom et Pr\u00e9nom &#8211; vos coordonn\u00e9es t\u00e9l\u00e9phoniques \u00a0&#8211; Votre adresse Email \u00a0&#8211; Votre N\u00b0 de SIRET Vous acc\u00e9derez ainsi \u00e0 l&#8217;ensemble de nos Tarifs [&hellip;]<\/p>\n","protected":false},"author":1,"featured_media":0,"parent":0,"menu_order":0,"comment_status":"closed","ping_status":"closed","template":"","meta":{"_et_pb_use_builder":"on","_et_pb_old_content":"","_et_gb_content_width":"","footnotes":""},"class_list":["post-1068","page","type-page","status-publish","hentry"],"yoast_head":"<!-- This site is optimized with the Yoast SEO plugin v26.9 - https:\/\/yoast.com\/product\/yoast-seo-wordpress\/ -->\n<title>Acc\u00e8s restreint - Domaine L&#039;Aigueli\u00e8re<\/title>\n<meta name=\"robots\" content=\"index, follow, max-snippet:-1, max-image-preview:large, max-video-preview:-1\" \/>\n<link rel=\"canonical\" href=\"https:\/\/aigueliere.fr\/index.php\/acces-restreint\/\" \/>\n<meta property=\"og:locale\" content=\"fr_FR\" \/>\n<meta property=\"og:type\" content=\"article\" \/>\n<meta property=\"og:title\" content=\"Acc\u00e8s restreint - Domaine L&#039;Aigueli\u00e8re\" \/>\n<meta property=\"og:description\" content=\"Pour acc\u00e9der \u00e0 notre Boutique r\u00e9serv\u00e9e aux Professionnels de la fili\u00e8re Vins, merci de vous inscrire. Il sera n\u00e9cessaire de nous fournir : \u00a0- Le nom de votre Etablissement \u00a0- Votre Nom et Pr\u00e9nom - vos coordonn\u00e9es t\u00e9l\u00e9phoniques \u00a0- Votre adresse Email \u00a0- Votre N\u00b0 de SIRET Vous acc\u00e9derez ainsi \u00e0 l&#039;ensemble de nos Tarifs [&hellip;]\" \/>\n<meta property=\"og:url\" content=\"https:\/\/aigueliere.fr\/index.php\/acces-restreint\/\" \/>\n<meta property=\"og:site_name\" content=\"Domaine L&#039;Aigueli\u00e8re\" \/>\n<meta property=\"article:modified_time\" content=\"2020-08-18T13:28:34+00:00\" \/>\n<meta name=\"twitter:card\" content=\"summary_large_image\" \/>\n<meta name=\"twitter:label1\" content=\"Dur\u00e9e de lecture estim\u00e9e\" \/>\n\t<meta name=\"twitter:data1\" content=\"2 minutes\" \/>\n<script type=\"application\/ld+json\" class=\"yoast-schema-graph\">{\"@context\":\"https:\/\/schema.org\",\"@graph\":[{\"@type\":\"WebPage\",\"@id\":\"https:\/\/aigueliere.fr\/index.php\/acces-restreint\/\",\"url\":\"https:\/\/aigueliere.fr\/index.php\/acces-restreint\/\",\"name\":\"Acc\u00e8s restreint - Domaine L&#039;Aigueli\u00e8re\",\"isPartOf\":{\"@id\":\"https:\/\/aigueliere.fr\/#website\"},\"datePublished\":\"2020-08-08T13:21:59+00:00\",\"dateModified\":\"2020-08-18T13:28:34+00:00\",\"breadcrumb\":{\"@id\":\"https:\/\/aigueliere.fr\/index.php\/acces-restreint\/#breadcrumb\"},\"inLanguage\":\"fr-FR\",\"potentialAction\":[{\"@type\":\"ReadAction\",\"target\":[\"https:\/\/aigueliere.fr\/index.php\/acces-restreint\/\"]}]},{\"@type\":\"BreadcrumbList\",\"@id\":\"https:\/\/aigueliere.fr\/index.php\/acces-restreint\/#breadcrumb\",\"itemListElement\":[{\"@type\":\"ListItem\",\"position\":1,\"name\":\"Accueil\",\"item\":\"https:\/\/aigueliere.fr\/\"},{\"@type\":\"ListItem\",\"position\":2,\"name\":\"Acc\u00e8s restreint\"}]},{\"@type\":\"WebSite\",\"@id\":\"https:\/\/aigueliere.fr\/#website\",\"url\":\"https:\/\/aigueliere.fr\/\",\"name\":\"Domaine L&#039;Aigueli\u00e8re\",\"description\":\"Un vigneron \u00e0 votre \u00e9coute\",\"potentialAction\":[{\"@type\":\"SearchAction\",\"target\":{\"@type\":\"EntryPoint\",\"urlTemplate\":\"https:\/\/aigueliere.fr\/?s={search_term_string}\"},\"query-input\":{\"@type\":\"PropertyValueSpecification\",\"valueRequired\":true,\"valueName\":\"search_term_string\"}}],\"inLanguage\":\"fr-FR\"}]}<\/script>\n<!-- \/ Yoast SEO plugin. -->","yoast_head_json":{"title":"Acc\u00e8s restreint - Domaine L&#039;Aigueli\u00e8re","robots":{"index":"index","follow":"follow","max-snippet":"max-snippet:-1","max-image-preview":"max-image-preview:large","max-video-preview":"max-video-preview:-1"},"canonical":"https:\/\/aigueliere.fr\/index.php\/acces-restreint\/","og_locale":"fr_FR","og_type":"article","og_title":"Acc\u00e8s restreint - Domaine L&#039;Aigueli\u00e8re","og_description":"Pour acc\u00e9der \u00e0 notre Boutique r\u00e9serv\u00e9e aux Professionnels de la fili\u00e8re Vins, merci de vous inscrire. Il sera n\u00e9cessaire de nous fournir : \u00a0- Le nom de votre Etablissement \u00a0- Votre Nom et Pr\u00e9nom - vos coordonn\u00e9es t\u00e9l\u00e9phoniques \u00a0- Votre adresse Email \u00a0- Votre N\u00b0 de SIRET Vous acc\u00e9derez ainsi \u00e0 l'ensemble de nos Tarifs [&hellip;]","og_url":"https:\/\/aigueliere.fr\/index.php\/acces-restreint\/","og_site_name":"Domaine L&#039;Aigueli\u00e8re","article_modified_time":"2020-08-18T13:28:34+00:00","twitter_card":"summary_large_image","twitter_misc":{"Dur\u00e9e de lecture estim\u00e9e":"2 minutes"},"schema":{"@context":"https:\/\/schema.org","@graph":[{"@type":"WebPage","@id":"https:\/\/aigueliere.fr\/index.php\/acces-restreint\/","url":"https:\/\/aigueliere.fr\/index.php\/acces-restreint\/","name":"Acc\u00e8s restreint - Domaine L&#039;Aigueli\u00e8re","isPartOf":{"@id":"https:\/\/aigueliere.fr\/#website"},"datePublished":"2020-08-08T13:21:59+00:00","dateModified":"2020-08-18T13:28:34+00:00","breadcrumb":{"@id":"https:\/\/aigueliere.fr\/index.php\/acces-restreint\/#breadcrumb"},"inLanguage":"fr-FR","potentialAction":[{"@type":"ReadAction","target":["https:\/\/aigueliere.fr\/index.php\/acces-restreint\/"]}]},{"@type":"BreadcrumbList","@id":"https:\/\/aigueliere.fr\/index.php\/acces-restreint\/#breadcrumb","itemListElement":[{"@type":"ListItem","position":1,"name":"Accueil","item":"https:\/\/aigueliere.fr\/"},{"@type":"ListItem","position":2,"name":"Acc\u00e8s restreint"}]},{"@type":"WebSite","@id":"https:\/\/aigueliere.fr\/#website","url":"https:\/\/aigueliere.fr\/","name":"Domaine L&#039;Aigueli\u00e8re","description":"Un vigneron \u00e0 votre \u00e9coute","potentialAction":[{"@type":"SearchAction","target":{"@type":"EntryPoint","urlTemplate":"https:\/\/aigueliere.fr\/?s={search_term_string}"},"query-input":{"@type":"PropertyValueSpecification","valueRequired":true,"valueName":"search_term_string"}}],"inLanguage":"fr-FR"}]}},"_links":{"self":[{"href":"https:\/\/aigueliere.fr\/index.php\/wp-json\/wp\/v2\/pages\/1068","targetHints":{"allow":["GET"]}}],"collection":[{"href":"https:\/\/aigueliere.fr\/index.php\/wp-json\/wp\/v2\/pages"}],"about":[{"href":"https:\/\/aigueliere.fr\/index.php\/wp-json\/wp\/v2\/types\/page"}],"author":[{"embeddable":true,"href":"https:\/\/aigueliere.fr\/index.php\/wp-json\/wp\/v2\/users\/1"}],"replies":[{"embeddable":true,"href":"https:\/\/aigueliere.fr\/index.php\/wp-json\/wp\/v2\/comments?post=1068"}],"version-history":[{"count":9,"href":"https:\/\/aigueliere.fr\/index.php\/wp-json\/wp\/v2\/pages\/1068\/revisions"}],"predecessor-version":[{"id":1205,"href":"https:\/\/aigueliere.fr\/index.php\/wp-json\/wp\/v2\/pages\/1068\/revisions\/1205"}],"wp:attachment":[{"href":"https:\/\/aigueliere.fr\/index.php\/wp-json\/wp\/v2\/media?parent=1068"}],"curies":[{"name":"wp","href":"https:\/\/api.w.org\/{rel}","templated":true}]}}