{"id":470,"date":"2020-07-11T15:06:57","date_gmt":"2020-07-11T13:06:57","guid":{"rendered":"https:\/\/aigueliere.fr\/?page_id=470"},"modified":"2020-08-18T19:05:42","modified_gmt":"2020-08-18T17:05:42","slug":"contact","status":"publish","type":"page","link":"https:\/\/aigueliere.fr\/index.php\/contact\/","title":{"rendered":"Contact"},"content":{"rendered":"<p>[et_pb_section fb_built=&#8221;1&#8243; _builder_version=&#8221;3.22&#8243;][et_pb_row column_structure=&#8221;1_2,1_2&#8243; _builder_version=&#8221;3.25&#8243; background_size=&#8221;initial&#8221; background_position=&#8221;top_left&#8221; background_repeat=&#8221;repeat&#8221;][et_pb_column type=&#8221;1_2&#8243; _builder_version=&#8221;3.25&#8243; custom_padding=&#8221;|||&#8221; custom_padding__hover=&#8221;|||&#8221;][et_pb_code _builder_version=&#8221;4.0.9&#8243;]<iframe loading=\"lazy\" src=\"https:\/\/www.google.com\/maps\/embed?pb=!1m14!1m8!1m3!1d1985.197720686985!2d3.508986!3d43.6933292!3m2!1i1024!2i768!4f13.1!3m3!1m2!1s0x0%3A0x4eaa14a3b4d5f324!2sDomaine%20l&#39;%20Aigueli%C3%A8re!5e1!3m2!1sfr!2sfr!4v1578139936199!5m2!1sfr!2sfr\" width=\"600\" height=\"450\" frameborder=\"0\" style=\"border:0;\" allowfullscreen=\"\"><\/iframe>[\/et_pb_code][et_pb_image src=&#8221;https:\/\/aigueliere.fr\/wp-content\/uploads\/2020\/07\/Le-Plan-acces-au-Chai-1.jpg&#8221; admin_label=&#8221;Image&#8221; _builder_version=&#8221;4.0.9&#8243;][\/et_pb_image][\/et_pb_column][et_pb_column type=&#8221;1_2&#8243; _builder_version=&#8221;3.25&#8243; custom_padding=&#8221;|||&#8221; custom_padding__hover=&#8221;|||&#8221;][et_pb_image src=&#8221;https:\/\/aigueliere.fr\/wp-content\/uploads\/2019\/04\/Caveau.jpg&#8221; _builder_version=&#8221;4.0.9&#8243;][\/et_pb_image][et_pb_text _builder_version=&#8221;4.0.9&#8243; background_size=&#8221;initial&#8221; background_position=&#8221;top_left&#8221; background_repeat=&#8221;repeat&#8221; custom_margin=&#8221;||2px|||&#8221;]<\/p>\n<h3><strong>\u00a0NOUS RENDRE VISITE :<br \/> <\/strong><strong style=\"color: #666666; font-size: 14px;\"><br \/> Domaine L&#8217;Aigueli\u00e8re<\/strong><\/h3>\n<ul wfd-id=\"3210\">\n<li wfd-id=\"3214\">2 Place Du Square &#8211;\u00a034150 Montpeyrou, FRANCE<\/li>\n<li wfd-id=\"3214\">T\u00e9l\u00e9phone fixe : 07 50 04 98 31<\/li>\n<li wfd-id=\"3212\"><strong><abbr title=\"Email\">Xiao xiao Lin (commercial) : <\/abbr><\/strong><a href=\"mailto:contact@aigueliere.com\" target=\"_blank\" rel=\"noopener noreferrer\">contact@aigueliere.com<\/a>\u00a0\/\u00a006 60 25 03 69<abbr title=\"Email\"><\/abbr><\/li>\n<li wfd-id=\"3211\"><strong><abbr title=\"Email\">Auguste (g\u00e9rant) :\u00a0<\/abbr><\/strong><a href=\"mailto:auguste@aigueliere.com\">auguste@aigueliere.com<\/a>\u00a0\/\u00a0<abbr title=\"Email\">06 84 61 13 65\n<p><\/abbr><\/li>\n<\/ul>\n<address><\/address>\n<ul wfd-id=\"3207\">\n<li wfd-id=\"3208\"><strong>Livraisons et retraits au Chai du Domaine<span style=\"color: #00ff00;\" wfd-id=\"3209\"><span style=\"color: #e02b20;\" wfd-id=\"3490\"> (en Rouge sur la carte)<\/span>\u00a0<\/span>:<\/strong><br \/>Le CHAI : Route de Montpeyroux (entre Lagamas et Montpeyroux)<br \/> COORDONNEES GPS :\u00a0<strong>N<\/strong>\u00a043.68488;\u00a0<strong>E<\/strong>\u00a03.51531<br \/> <strong>Portable David :<\/strong> 06 76 45 27 15<\/li>\n<\/ul>\n<p>&nbsp;<\/p>\n<hr \/>\n<p><a href=\"https:\/\/www.facebook.com\/aigueliere\" target=\"_blank\" rel=\"noopener noreferrer\"><img loading=\"lazy\" decoding=\"async\" class=\"alignnone wp-image-102\" src=\"https:\/\/aigueliere.fr\/wp-content\/uploads\/2020\/07\/logov1.2.png\" alt=\"\" width=\"65\" height=\"65\" \/><\/a><\/p>\n<p>[\/et_pb_text][et_pb_text _builder_version=&#8221;4.5.6&#8243; background_size=&#8221;initial&#8221; background_position=&#8221;top_left&#8221; background_repeat=&#8221;repeat&#8221; custom_padding=&#8221;|||5px||&#8221; hover_enabled=&#8221;0&#8243;]<\/p>\n<p>&nbsp;<\/p>\n<h3 class=\"post-title\">NOUS CONTACTER<\/h3>\n<p>Pour nous joindre veuillez remplir le formulaire ci-dessous :<\/p>\n<p class=\"wpcf7-contact-form-not-found\"><strong>Erreur\u00a0:<\/strong> Formulaire de contact non trouv\u00e9\u00a0!<\/p>\n<hr \/>\n<p>&nbsp;<\/p>\n<p>&nbsp;<\/p>\n<p>&nbsp;<\/p>\n<p>&nbsp;<\/p>\n<p>&nbsp;<\/p>\n<p>&nbsp;<\/p>\n<p>[\/et_pb_text][et_pb_text _builder_version=&#8221;4.0.9&#8243; hover_enabled=&#8221;0&#8243;][\/et_pb_text][\/et_pb_column][\/et_pb_row][\/et_pb_section]<\/p>\n","protected":false},"excerpt":{"rendered":"<p>\u00a0NOUS RENDRE VISITE : Domaine L&#8217;Aigueli\u00e8re 2 Place Du Square &#8211;\u00a034150 Montpeyrou, FRANCE T\u00e9l\u00e9phone fixe : 07 50 04 98 31 Xiao xiao Lin (commercial) : contact@aigueliere.com\u00a0\/\u00a006 60 25 03 69 Auguste (g\u00e9rant) :\u00a0auguste@aigueliere.com\u00a0\/\u00a006 84 61 13 65 Livraisons et retraits au Chai du Domaine (en Rouge sur la carte)\u00a0:Le CHAI : Route de Montpeyroux [&hellip;]<\/p>\n","protected":false},"author":1,"featured_media":0,"parent":0,"menu_order":0,"comment_status":"closed","ping_status":"closed","template":"","meta":{"_et_pb_use_builder":"on","_et_pb_old_content":"","_et_gb_content_width":"","footnotes":""},"class_list":["post-470","page","type-page","status-publish","hentry"],"yoast_head":"<!-- This site is optimized with the Yoast SEO plugin v26.9 - https:\/\/yoast.com\/product\/yoast-seo-wordpress\/ -->\n<title>Contact - Domaine L&#039;Aigueli\u00e8re<\/title>\n<meta name=\"robots\" content=\"index, follow, max-snippet:-1, max-image-preview:large, max-video-preview:-1\" \/>\n<link rel=\"canonical\" href=\"https:\/\/aigueliere.fr\/index.php\/contact\/\" \/>\n<meta property=\"og:locale\" content=\"fr_FR\" \/>\n<meta property=\"og:type\" content=\"article\" \/>\n<meta property=\"og:title\" content=\"Contact - Domaine L&#039;Aigueli\u00e8re\" \/>\n<meta property=\"og:description\" content=\"\u00a0NOUS RENDRE VISITE : Domaine L&#039;Aigueli\u00e8re 2 Place Du Square -\u00a034150 Montpeyrou, FRANCE T\u00e9l\u00e9phone fixe : 07 50 04 98 31 Xiao xiao Lin (commercial) : contact@aigueliere.com\u00a0\/\u00a006 60 25 03 69 Auguste (g\u00e9rant) :\u00a0auguste@aigueliere.com\u00a0\/\u00a006 84 61 13 65 Livraisons et retraits au Chai du Domaine (en Rouge sur la carte)\u00a0:Le CHAI : Route de Montpeyroux [&hellip;]\" \/>\n<meta property=\"og:url\" content=\"https:\/\/aigueliere.fr\/index.php\/contact\/\" \/>\n<meta property=\"og:site_name\" content=\"Domaine L&#039;Aigueli\u00e8re\" \/>\n<meta property=\"article:modified_time\" content=\"2020-08-18T17:05:42+00:00\" \/>\n<meta property=\"og:image\" content=\"https:\/\/aigueliere.fr\/wp-content\/uploads\/2020\/07\/logov1.2.png\" \/>\n<meta name=\"twitter:card\" content=\"summary_large_image\" \/>\n<meta name=\"twitter:label1\" content=\"Dur\u00e9e de lecture estim\u00e9e\" \/>\n\t<meta name=\"twitter:data1\" content=\"1 minute\" \/>\n<script type=\"application\/ld+json\" class=\"yoast-schema-graph\">{\"@context\":\"https:\/\/schema.org\",\"@graph\":[{\"@type\":\"WebPage\",\"@id\":\"https:\/\/aigueliere.fr\/index.php\/contact\/\",\"url\":\"https:\/\/aigueliere.fr\/index.php\/contact\/\",\"name\":\"Contact - Domaine L&#039;Aigueli\u00e8re\",\"isPartOf\":{\"@id\":\"https:\/\/aigueliere.fr\/#website\"},\"primaryImageOfPage\":{\"@id\":\"https:\/\/aigueliere.fr\/index.php\/contact\/#primaryimage\"},\"image\":{\"@id\":\"https:\/\/aigueliere.fr\/index.php\/contact\/#primaryimage\"},\"thumbnailUrl\":\"https:\/\/aigueliere.fr\/wp-content\/uploads\/2020\/07\/logov1.2.png\",\"datePublished\":\"2020-07-11T13:06:57+00:00\",\"dateModified\":\"2020-08-18T17:05:42+00:00\",\"breadcrumb\":{\"@id\":\"https:\/\/aigueliere.fr\/index.php\/contact\/#breadcrumb\"},\"inLanguage\":\"fr-FR\",\"potentialAction\":[{\"@type\":\"ReadAction\",\"target\":[\"https:\/\/aigueliere.fr\/index.php\/contact\/\"]}]},{\"@type\":\"ImageObject\",\"inLanguage\":\"fr-FR\",\"@id\":\"https:\/\/aigueliere.fr\/index.php\/contact\/#primaryimage\",\"url\":\"https:\/\/aigueliere.fr\/wp-content\/uploads\/2020\/07\/logov1.2.png\",\"contentUrl\":\"https:\/\/aigueliere.fr\/wp-content\/uploads\/2020\/07\/logov1.2.png\",\"width\":53,\"height\":53},{\"@type\":\"BreadcrumbList\",\"@id\":\"https:\/\/aigueliere.fr\/index.php\/contact\/#breadcrumb\",\"itemListElement\":[{\"@type\":\"ListItem\",\"position\":1,\"name\":\"Accueil\",\"item\":\"https:\/\/aigueliere.fr\/\"},{\"@type\":\"ListItem\",\"position\":2,\"name\":\"Contact\"}]},{\"@type\":\"WebSite\",\"@id\":\"https:\/\/aigueliere.fr\/#website\",\"url\":\"https:\/\/aigueliere.fr\/\",\"name\":\"Domaine L&#039;Aigueli\u00e8re\",\"description\":\"Un vigneron \u00e0 votre \u00e9coute\",\"potentialAction\":[{\"@type\":\"SearchAction\",\"target\":{\"@type\":\"EntryPoint\",\"urlTemplate\":\"https:\/\/aigueliere.fr\/?s={search_term_string}\"},\"query-input\":{\"@type\":\"PropertyValueSpecification\",\"valueRequired\":true,\"valueName\":\"search_term_string\"}}],\"inLanguage\":\"fr-FR\"}]}<\/script>\n<!-- \/ Yoast SEO plugin. -->","yoast_head_json":{"title":"Contact - Domaine L&#039;Aigueli\u00e8re","robots":{"index":"index","follow":"follow","max-snippet":"max-snippet:-1","max-image-preview":"max-image-preview:large","max-video-preview":"max-video-preview:-1"},"canonical":"https:\/\/aigueliere.fr\/index.php\/contact\/","og_locale":"fr_FR","og_type":"article","og_title":"Contact - Domaine L&#039;Aigueli\u00e8re","og_description":"\u00a0NOUS RENDRE VISITE : Domaine L'Aigueli\u00e8re 2 Place Du Square -\u00a034150 Montpeyrou, FRANCE T\u00e9l\u00e9phone fixe : 07 50 04 98 31 Xiao xiao Lin (commercial) : contact@aigueliere.com\u00a0\/\u00a006 60 25 03 69 Auguste (g\u00e9rant) :\u00a0auguste@aigueliere.com\u00a0\/\u00a006 84 61 13 65 Livraisons et retraits au Chai du Domaine (en Rouge sur la carte)\u00a0:Le CHAI : Route de Montpeyroux [&hellip;]","og_url":"https:\/\/aigueliere.fr\/index.php\/contact\/","og_site_name":"Domaine L&#039;Aigueli\u00e8re","article_modified_time":"2020-08-18T17:05:42+00:00","og_image":[{"url":"https:\/\/aigueliere.fr\/wp-content\/uploads\/2020\/07\/logov1.2.png","type":"","width":"","height":""}],"twitter_card":"summary_large_image","twitter_misc":{"Dur\u00e9e de lecture estim\u00e9e":"1 minute"},"schema":{"@context":"https:\/\/schema.org","@graph":[{"@type":"WebPage","@id":"https:\/\/aigueliere.fr\/index.php\/contact\/","url":"https:\/\/aigueliere.fr\/index.php\/contact\/","name":"Contact - Domaine L&#039;Aigueli\u00e8re","isPartOf":{"@id":"https:\/\/aigueliere.fr\/#website"},"primaryImageOfPage":{"@id":"https:\/\/aigueliere.fr\/index.php\/contact\/#primaryimage"},"image":{"@id":"https:\/\/aigueliere.fr\/index.php\/contact\/#primaryimage"},"thumbnailUrl":"https:\/\/aigueliere.fr\/wp-content\/uploads\/2020\/07\/logov1.2.png","datePublished":"2020-07-11T13:06:57+00:00","dateModified":"2020-08-18T17:05:42+00:00","breadcrumb":{"@id":"https:\/\/aigueliere.fr\/index.php\/contact\/#breadcrumb"},"inLanguage":"fr-FR","potentialAction":[{"@type":"ReadAction","target":["https:\/\/aigueliere.fr\/index.php\/contact\/"]}]},{"@type":"ImageObject","inLanguage":"fr-FR","@id":"https:\/\/aigueliere.fr\/index.php\/contact\/#primaryimage","url":"https:\/\/aigueliere.fr\/wp-content\/uploads\/2020\/07\/logov1.2.png","contentUrl":"https:\/\/aigueliere.fr\/wp-content\/uploads\/2020\/07\/logov1.2.png","width":53,"height":53},{"@type":"BreadcrumbList","@id":"https:\/\/aigueliere.fr\/index.php\/contact\/#breadcrumb","itemListElement":[{"@type":"ListItem","position":1,"name":"Accueil","item":"https:\/\/aigueliere.fr\/"},{"@type":"ListItem","position":2,"name":"Contact"}]},{"@type":"WebSite","@id":"https:\/\/aigueliere.fr\/#website","url":"https:\/\/aigueliere.fr\/","name":"Domaine L&#039;Aigueli\u00e8re","description":"Un vigneron \u00e0 votre \u00e9coute","potentialAction":[{"@type":"SearchAction","target":{"@type":"EntryPoint","urlTemplate":"https:\/\/aigueliere.fr\/?s={search_term_string}"},"query-input":{"@type":"PropertyValueSpecification","valueRequired":true,"valueName":"search_term_string"}}],"inLanguage":"fr-FR"}]}},"_links":{"self":[{"href":"https:\/\/aigueliere.fr\/index.php\/wp-json\/wp\/v2\/pages\/470","targetHints":{"allow":["GET"]}}],"collection":[{"href":"https:\/\/aigueliere.fr\/index.php\/wp-json\/wp\/v2\/pages"}],"about":[{"href":"https:\/\/aigueliere.fr\/index.php\/wp-json\/wp\/v2\/types\/page"}],"author":[{"embeddable":true,"href":"https:\/\/aigueliere.fr\/index.php\/wp-json\/wp\/v2\/users\/1"}],"replies":[{"embeddable":true,"href":"https:\/\/aigueliere.fr\/index.php\/wp-json\/wp\/v2\/comments?post=470"}],"version-history":[{"count":5,"href":"https:\/\/aigueliere.fr\/index.php\/wp-json\/wp\/v2\/pages\/470\/revisions"}],"predecessor-version":[{"id":1217,"href":"https:\/\/aigueliere.fr\/index.php\/wp-json\/wp\/v2\/pages\/470\/revisions\/1217"}],"wp:attachment":[{"href":"https:\/\/aigueliere.fr\/index.php\/wp-json\/wp\/v2\/media?parent=470"}],"curies":[{"name":"wp","href":"https:\/\/api.w.org\/{rel}","templated":true}]}}