{"id":484,"date":"2020-07-12T11:50:46","date_gmt":"2020-07-12T09:50:46","guid":{"rendered":"https:\/\/aigueliere.fr\/?page_id=484"},"modified":"2020-07-12T11:56:28","modified_gmt":"2020-07-12T09:56:28","slug":"484-2","status":"publish","type":"page","link":"https:\/\/aigueliere.fr\/index.php\/484-2\/","title":{"rendered":"Le Domaine"},"content":{"rendered":"\n\n[et_pb_section fb_built=&#8221;1&#8243; _builder_version=&#8221;4.0.6&#8243; background_color=&#8221;#d8d8d8&#8243;][et_pb_row _builder_version=&#8221;3.25&#8243; background_size=&#8221;initial&#8221; background_position=&#8221;top_left&#8221; background_repeat=&#8221;repeat&#8221;][et_pb_column type=&#8221;4_4&#8243; _builder_version=&#8221;3.25&#8243; custom_padding=&#8221;|||&#8221; custom_padding__hover=&#8221;|||&#8221;][et_pb_text _builder_version=&#8221;3.27.4&#8243; background_size=&#8221;initial&#8221; background_position=&#8221;top_left&#8221; background_repeat=&#8221;repeat&#8221;]<div class=\"page-header\" wfd-id=\"4869\">\n<h1 class=\"page-title\"><strong>Le Domaine L&#8217;Aigueli\u00e8re<\/strong><\/h1>\n<h4 class=\"page-title\"><strong>Histoire d&#8217;un terroir magique<\/strong><\/h4>\n<p class=\"page-title\">Une ancienne famille de vignerons de Montpeyroux, Aim\u00e9 Commeyras en t\u00eate, et le Dr Pierre-Louis Teissedre actuellement Professeur d&#8217;\u0153nologie \u00e0 l&#8217;Universit\u00e9 de Bordeaux, se sont rencontr\u00e9s il y a de cela plus de 30 ans pour cr\u00e9er le Domaine l&#8217;Aigueli\u00e8re. Apr\u00e8s la disparition d\u2019Aim\u00e9, Auguste (son fr\u00e8re cadet) anime avec Claude son \u00e9pouse le Domaine l&#8217;Aigueli\u00e8re avec Pierre Louis Teissedre, et Yuqian HUANG, une jeune ex-\u00e9tudiante Chinoise, qui apr\u00e8s un stage brillant a d\u00e9cid\u00e9 de faire de l\u2019Aigueli\u00e8re le germe de sa future carri\u00e8re professionnelle. Elle en a les capacit\u00e9s.<\/p>\n<p><img loading=\"lazy\" decoding=\"async\" class=\"alignnone wp-image-78\" src=\"https:\/\/aigueliere.fr\/wp-content\/uploads\/2020\/07\/terroir_aigueliere-300x169-5-scaled.jpg\" alt=\"\" width=\"600\" height=\"338\" style=\"display: block; margin-left: auto; margin-right: auto;\" \/><\/p>\n<p class=\"page-title\">Un matin de mars, elle prit le temps d\u2019aller saluer chaque arbre et chaque branchette sur le parcours qui la menait de la maison aux b\u00e2timents ou sont stock\u00e9s nos pr\u00e9cieux flacons. M\u00eame sous la pluie qui n\u2019avait gu\u00e8re cess\u00e9e depuis la veille, la date m\u00e9ritait cet effort et ce respect. Et m\u00eame si, cette ann\u00e9e, la Nature s\u2019\u00e9tait mise en retard, suite \u00e0 des rendez-vous inconnus, \u00e0 moins qu\u2019elle n\u2019ait tra\u00een\u00e9 au lit, on n\u2019allait pas lui en vouloir. La nature est capricieuse. On ne pouvait pas exiger d\u2019elle que tout soit strictement en place pour ce matin de mars, vue la quantit\u00e9 astronomique de bourgeons dont elle avait \u00e0 s\u2019occuper, sans compter les larves, les racines et les germes, qu\u2019on ne voyait pas, mais qui devait certainement lui manger une \u00e9nergie folle.<\/p>\n<p class=\"page-title\">Elle apprenait \u00e9galement la g\u00e9ologie tourment\u00e9e, vari\u00e9e, tr\u00e8s originale de la commune ou sont \u00e9labor\u00e9s nos vins, complexes, riches, et de longue garde \u00e0 partir de Syrah, Grenache, Mourv\u00e8dre, Cabernet Sauvignon, Viognier et Sauvignon Blanc.<\/p>\n<p class=\"page-title\">L\u2019\u00e9merveillement de notre jeune citadine \u00e9tait magique.<\/p>\n<\/div>[\/et_pb_text][\/et_pb_column][\/et_pb_row][et_pb_row column_structure=&#8221;1_2,1_2&#8243; _builder_version=&#8221;3.25&#8243; background_size=&#8221;initial&#8221; background_position=&#8221;top_left&#8221; background_repeat=&#8221;repeat&#8221; custom_padding=&#8221;20px|||||&#8221;][et_pb_column type=&#8221;1_2&#8243; _builder_version=&#8221;3.25&#8243; custom_padding=&#8221;|||&#8221; custom_padding__hover=&#8221;|||&#8221;][et_pb_image src=&#8221;https:\/\/aigueliere.fr\/wp-content\/uploads\/2020\/07\/medaille.png&#8221; _builder_version=&#8221;4.0.6&#8243; width=&#8221;65.9%&#8221; min_height=&#8221;300px&#8221; custom_margin=&#8221;|151px||||&#8221; custom_padding=&#8221;|0px||||&#8221;][\/et_pb_image][\/et_pb_column][et_pb_column type=&#8221;1_2&#8243; _builder_version=&#8221;4.0.9&#8243;][et_pb_image src=&#8221;https:\/\/aigueliere.fr\/wp-content\/uploads\/2020\/07\/domaine-vignoble-42.jpg&#8221; _builder_version=&#8221;4.0.9&#8243; width=&#8221;100%&#8221; custom_margin=&#8221;||117px|2px||&#8221; custom_padding=&#8221;|||0px||&#8221;][\/et_pb_image][\/et_pb_column][\/et_pb_row][\/et_pb_section]\n\n","protected":false},"excerpt":{"rendered":"<p>Le Domaine L&#8217;Aigueli\u00e8re Histoire d&#8217;un terroir magique Une ancienne famille de vignerons de Montpeyroux, Aim\u00e9 Commeyras en t\u00eate, et le Dr Pierre-Louis Teissedre actuellement Professeur d&#8217;\u0153nologie \u00e0 l&#8217;Universit\u00e9 de Bordeaux, se sont rencontr\u00e9s il y a de cela plus de 30 ans pour cr\u00e9er le Domaine l&#8217;Aigueli\u00e8re. Apr\u00e8s la disparition d\u2019Aim\u00e9, Auguste (son fr\u00e8re cadet) [&hellip;]<\/p>\n","protected":false},"author":1,"featured_media":0,"parent":0,"menu_order":0,"comment_status":"closed","ping_status":"closed","template":"","meta":{"_et_pb_use_builder":"on","_et_pb_old_content":"","_et_gb_content_width":"","footnotes":""},"class_list":["post-484","page","type-page","status-publish","hentry"],"yoast_head":"<!-- This site is optimized with the Yoast SEO plugin v26.9 - https:\/\/yoast.com\/product\/yoast-seo-wordpress\/ -->\n<title>Le Domaine - Domaine L&#039;Aigueli\u00e8re<\/title>\n<meta name=\"robots\" content=\"index, follow, max-snippet:-1, max-image-preview:large, max-video-preview:-1\" \/>\n<link rel=\"canonical\" href=\"https:\/\/aigueliere.fr\/index.php\/484-2\/\" \/>\n<meta property=\"og:locale\" content=\"fr_FR\" \/>\n<meta property=\"og:type\" content=\"article\" \/>\n<meta property=\"og:title\" content=\"Le Domaine - Domaine L&#039;Aigueli\u00e8re\" \/>\n<meta property=\"og:description\" content=\"Le Domaine L&#039;Aigueli\u00e8re Histoire d&#039;un terroir magique Une ancienne famille de vignerons de Montpeyroux, Aim\u00e9 Commeyras en t\u00eate, et le Dr Pierre-Louis Teissedre actuellement Professeur d&#039;\u0153nologie \u00e0 l&#039;Universit\u00e9 de Bordeaux, se sont rencontr\u00e9s il y a de cela plus de 30 ans pour cr\u00e9er le Domaine l&#039;Aigueli\u00e8re. Apr\u00e8s la disparition d\u2019Aim\u00e9, Auguste (son fr\u00e8re cadet) [&hellip;]\" \/>\n<meta property=\"og:url\" content=\"https:\/\/aigueliere.fr\/index.php\/484-2\/\" \/>\n<meta property=\"og:site_name\" content=\"Domaine L&#039;Aigueli\u00e8re\" \/>\n<meta property=\"article:modified_time\" content=\"2020-07-12T09:56:28+00:00\" \/>\n<meta property=\"og:image\" content=\"https:\/\/aigueliere.fr\/wp-content\/uploads\/2020\/07\/terroir_aigueliere-300x169-5-scaled.jpg\" \/>\n<meta name=\"twitter:card\" content=\"summary_large_image\" \/>\n<meta name=\"twitter:label1\" content=\"Dur\u00e9e de lecture estim\u00e9e\" \/>\n\t<meta name=\"twitter:data1\" content=\"2 minutes\" \/>\n<script type=\"application\/ld+json\" class=\"yoast-schema-graph\">{\"@context\":\"https:\/\/schema.org\",\"@graph\":[{\"@type\":\"WebPage\",\"@id\":\"https:\/\/aigueliere.fr\/index.php\/484-2\/\",\"url\":\"https:\/\/aigueliere.fr\/index.php\/484-2\/\",\"name\":\"Le Domaine - Domaine L&#039;Aigueli\u00e8re\",\"isPartOf\":{\"@id\":\"https:\/\/aigueliere.fr\/#website\"},\"primaryImageOfPage\":{\"@id\":\"https:\/\/aigueliere.fr\/index.php\/484-2\/#primaryimage\"},\"image\":{\"@id\":\"https:\/\/aigueliere.fr\/index.php\/484-2\/#primaryimage\"},\"thumbnailUrl\":\"https:\/\/aigueliere.fr\/wp-content\/uploads\/2020\/07\/terroir_aigueliere-300x169-5-scaled.jpg\",\"datePublished\":\"2020-07-12T09:50:46+00:00\",\"dateModified\":\"2020-07-12T09:56:28+00:00\",\"breadcrumb\":{\"@id\":\"https:\/\/aigueliere.fr\/index.php\/484-2\/#breadcrumb\"},\"inLanguage\":\"fr-FR\",\"potentialAction\":[{\"@type\":\"ReadAction\",\"target\":[\"https:\/\/aigueliere.fr\/index.php\/484-2\/\"]}]},{\"@type\":\"ImageObject\",\"inLanguage\":\"fr-FR\",\"@id\":\"https:\/\/aigueliere.fr\/index.php\/484-2\/#primaryimage\",\"url\":\"https:\/\/aigueliere.fr\/wp-content\/uploads\/2020\/07\/terroir_aigueliere-300x169-5-scaled.jpg\",\"contentUrl\":\"https:\/\/aigueliere.fr\/wp-content\/uploads\/2020\/07\/terroir_aigueliere-300x169-5-scaled.jpg\",\"width\":2560,\"height\":1440},{\"@type\":\"BreadcrumbList\",\"@id\":\"https:\/\/aigueliere.fr\/index.php\/484-2\/#breadcrumb\",\"itemListElement\":[{\"@type\":\"ListItem\",\"position\":1,\"name\":\"Accueil\",\"item\":\"https:\/\/aigueliere.fr\/\"},{\"@type\":\"ListItem\",\"position\":2,\"name\":\"Le Domaine\"}]},{\"@type\":\"WebSite\",\"@id\":\"https:\/\/aigueliere.fr\/#website\",\"url\":\"https:\/\/aigueliere.fr\/\",\"name\":\"Domaine L&#039;Aigueli\u00e8re\",\"description\":\"Un vigneron \u00e0 votre \u00e9coute\",\"potentialAction\":[{\"@type\":\"SearchAction\",\"target\":{\"@type\":\"EntryPoint\",\"urlTemplate\":\"https:\/\/aigueliere.fr\/?s={search_term_string}\"},\"query-input\":{\"@type\":\"PropertyValueSpecification\",\"valueRequired\":true,\"valueName\":\"search_term_string\"}}],\"inLanguage\":\"fr-FR\"}]}<\/script>\n<!-- \/ Yoast SEO plugin. -->","yoast_head_json":{"title":"Le Domaine - Domaine L&#039;Aigueli\u00e8re","robots":{"index":"index","follow":"follow","max-snippet":"max-snippet:-1","max-image-preview":"max-image-preview:large","max-video-preview":"max-video-preview:-1"},"canonical":"https:\/\/aigueliere.fr\/index.php\/484-2\/","og_locale":"fr_FR","og_type":"article","og_title":"Le Domaine - Domaine L&#039;Aigueli\u00e8re","og_description":"Le Domaine L'Aigueli\u00e8re Histoire d'un terroir magique Une ancienne famille de vignerons de Montpeyroux, Aim\u00e9 Commeyras en t\u00eate, et le Dr Pierre-Louis Teissedre actuellement Professeur d'\u0153nologie \u00e0 l'Universit\u00e9 de Bordeaux, se sont rencontr\u00e9s il y a de cela plus de 30 ans pour cr\u00e9er le Domaine l'Aigueli\u00e8re. Apr\u00e8s la disparition d\u2019Aim\u00e9, Auguste (son fr\u00e8re cadet) [&hellip;]","og_url":"https:\/\/aigueliere.fr\/index.php\/484-2\/","og_site_name":"Domaine L&#039;Aigueli\u00e8re","article_modified_time":"2020-07-12T09:56:28+00:00","og_image":[{"url":"https:\/\/aigueliere.fr\/wp-content\/uploads\/2020\/07\/terroir_aigueliere-300x169-5-scaled.jpg","type":"","width":"","height":""}],"twitter_card":"summary_large_image","twitter_misc":{"Dur\u00e9e de lecture estim\u00e9e":"2 minutes"},"schema":{"@context":"https:\/\/schema.org","@graph":[{"@type":"WebPage","@id":"https:\/\/aigueliere.fr\/index.php\/484-2\/","url":"https:\/\/aigueliere.fr\/index.php\/484-2\/","name":"Le Domaine - Domaine L&#039;Aigueli\u00e8re","isPartOf":{"@id":"https:\/\/aigueliere.fr\/#website"},"primaryImageOfPage":{"@id":"https:\/\/aigueliere.fr\/index.php\/484-2\/#primaryimage"},"image":{"@id":"https:\/\/aigueliere.fr\/index.php\/484-2\/#primaryimage"},"thumbnailUrl":"https:\/\/aigueliere.fr\/wp-content\/uploads\/2020\/07\/terroir_aigueliere-300x169-5-scaled.jpg","datePublished":"2020-07-12T09:50:46+00:00","dateModified":"2020-07-12T09:56:28+00:00","breadcrumb":{"@id":"https:\/\/aigueliere.fr\/index.php\/484-2\/#breadcrumb"},"inLanguage":"fr-FR","potentialAction":[{"@type":"ReadAction","target":["https:\/\/aigueliere.fr\/index.php\/484-2\/"]}]},{"@type":"ImageObject","inLanguage":"fr-FR","@id":"https:\/\/aigueliere.fr\/index.php\/484-2\/#primaryimage","url":"https:\/\/aigueliere.fr\/wp-content\/uploads\/2020\/07\/terroir_aigueliere-300x169-5-scaled.jpg","contentUrl":"https:\/\/aigueliere.fr\/wp-content\/uploads\/2020\/07\/terroir_aigueliere-300x169-5-scaled.jpg","width":2560,"height":1440},{"@type":"BreadcrumbList","@id":"https:\/\/aigueliere.fr\/index.php\/484-2\/#breadcrumb","itemListElement":[{"@type":"ListItem","position":1,"name":"Accueil","item":"https:\/\/aigueliere.fr\/"},{"@type":"ListItem","position":2,"name":"Le Domaine"}]},{"@type":"WebSite","@id":"https:\/\/aigueliere.fr\/#website","url":"https:\/\/aigueliere.fr\/","name":"Domaine L&#039;Aigueli\u00e8re","description":"Un vigneron \u00e0 votre \u00e9coute","potentialAction":[{"@type":"SearchAction","target":{"@type":"EntryPoint","urlTemplate":"https:\/\/aigueliere.fr\/?s={search_term_string}"},"query-input":{"@type":"PropertyValueSpecification","valueRequired":true,"valueName":"search_term_string"}}],"inLanguage":"fr-FR"}]}},"_links":{"self":[{"href":"https:\/\/aigueliere.fr\/index.php\/wp-json\/wp\/v2\/pages\/484","targetHints":{"allow":["GET"]}}],"collection":[{"href":"https:\/\/aigueliere.fr\/index.php\/wp-json\/wp\/v2\/pages"}],"about":[{"href":"https:\/\/aigueliere.fr\/index.php\/wp-json\/wp\/v2\/types\/page"}],"author":[{"embeddable":true,"href":"https:\/\/aigueliere.fr\/index.php\/wp-json\/wp\/v2\/users\/1"}],"replies":[{"embeddable":true,"href":"https:\/\/aigueliere.fr\/index.php\/wp-json\/wp\/v2\/comments?post=484"}],"version-history":[{"count":5,"href":"https:\/\/aigueliere.fr\/index.php\/wp-json\/wp\/v2\/pages\/484\/revisions"}],"predecessor-version":[{"id":494,"href":"https:\/\/aigueliere.fr\/index.php\/wp-json\/wp\/v2\/pages\/484\/revisions\/494"}],"wp:attachment":[{"href":"https:\/\/aigueliere.fr\/index.php\/wp-json\/wp\/v2\/media?parent=484"}],"curies":[{"name":"wp","href":"https:\/\/api.w.org\/{rel}","templated":true}]}}