{"id":497,"date":"2020-07-12T12:01:45","date_gmt":"2020-07-12T10:01:45","guid":{"rendered":"https:\/\/aigueliere.fr\/?page_id=497"},"modified":"2020-07-12T12:07:33","modified_gmt":"2020-07-12T10:07:33","slug":"sols-et-terroir","status":"publish","type":"page","link":"https:\/\/aigueliere.fr\/index.php\/484-2\/sols-et-terroir\/","title":{"rendered":"Sols et Terroir"},"content":{"rendered":"<p>[et_pb_section fb_built=&#8221;1&#8243; _builder_version=&#8221;4.1&#8243;][et_pb_row _builder_version=&#8221;4.1&#8243; custom_margin=&#8221;|auto||414px||&#8221;][et_pb_column type=&#8221;4_4&#8243; _builder_version=&#8221;4.1&#8243;][et_pb_image src=&#8221;https:\/\/aigueliere.fr\/wp-content\/uploads\/2020\/07\/Collines-Montpeyroux.jpg&#8221; _builder_version=&#8221;4.1&#8243;][\/et_pb_image][\/et_pb_column][\/et_pb_row][et_pb_row _builder_version=&#8221;4.1&#8243; custom_margin=&#8221;-10px|auto||414px||&#8221;][et_pb_column type=&#8221;4_4&#8243; _builder_version=&#8221;4.1&#8243;][et_pb_image _builder_version=&#8221;4.1&#8243; custom_margin=&#8221;||8px|||&#8221;][\/et_pb_image][et_pb_text _builder_version=&#8221;4.1&#8243; custom_margin=&#8221;-29px|||||&#8221;]<\/p>\n<h2>L&#8217;histoire de la vigne et du vin \u00e0 Montpeyroux<\/h2>\n<h5><strong>La vigne et le vin : une longue histoire depuis la p\u00e9riode romaine<\/strong><\/h5>\n<p>Chemin muletier, route du sel, voie de transhumance \u2026 les vestiges qui jonchent l\u2019aire de l\u2019AOC Languedoc-Montpeyroux attestent de la vie foisonnante et du trait d\u2019union qu\u2019a repr\u00e9sent\u00e9 et que repr\u00e9sente encore le village de Montpeyroux. Aujourd\u2019hui, avec son bar \u00e0 vin et ses f\u00eates vigneronnes, il a su pr\u00e9server son esprit vigneron.<br \/> La vingtaine de domaines producteurs de Montpeyroux est compos\u00e9 d\u2019autant de paysans issus de familles du cru que de nouveaux vignerons attir\u00e9s par cette appellation qui n\u2019arr\u00eate pas d\u2019\u00e9voluer et de faire parler d\u2019elle.<\/p>\n<h5><strong>Montpeyroux, un trait d\u2019union entre la mer et la montagne<\/strong><\/h5>\n<p>Son histoire est fascinante par bien des c\u00f4t\u00e9s : autrefois important centre d\u2019\u00e9changes commerciaux ainsi que halte des p\u00e8lerins en route vers Saint-Jacques-de-Compostelle, son architecture t\u00e9moigne toujours de l\u2019activit\u00e9 des populations pass\u00e9es. Les anciennes demeures dress\u00e9es en enfilades le long des rues \u00e9troites et minuscules traverses, rec\u00e8lent pour la plupart des caves de vinification, des caves vo\u00fbt\u00e9es, des caves \u00e0 verdet, puits ou jarres \u00e0 olives. Les remparts du Ch\u00e2teau du Castellas, accroch\u00e9s aux flancs des \u00e9tag\u00e8res rocailleuses veillent sur tout le village. Gr\u00e2ce \u00e0 cette situation g\u00e9ographique id\u00e9ale, le vin de Montpeyroux a acquis depuis plusieurs si\u00e8cles sa r\u00e9putation.<\/p>\n<h5><strong>Une longue histoire viticole depuis la p\u00e9riode romaine<\/strong><\/h5>\n<p>Avec la cr\u00e9ation \u00e0 Montpeyroux de trois villas romaines, exploitations agricoles qui ont donn\u00e9 leurs noms \u00e0 des rues du village (l\u2019adissias, la m\u00e9lia, les mazes), les romains au premier si\u00e8cle de notre \u00e8re, vont largement favoriser l\u2019extension du vignoble existant et la commercialisation du vin. A cette \u00e9poque, toutes les marchandises et les poteries de Gaufresenque (site arch\u00e9ologique situ\u00e9 pr\u00e8s de Millau), vaisselle vernis de couleur de briques tr\u00e8s appr\u00e9ci\u00e9e \u00e0 l\u2019\u00e9poque romaine, transitent par l\u2019unique rue du village de Montpeyroux.<\/p>\n<h5><strong>Une tradition qui perdure au Moyen \u00c2ge<\/strong><\/h5>\n<p>Cette tradition viticole n\u00e9e pendant la p\u00e9riode romaine perdure au Moyen-\u00c2ge et jusqu\u2019au XV\u00e8me si\u00e8cle. \u00c0 cette p\u00e9riode, les pi\u00e9monts de Montpeyroux sont enti\u00e8rement consacr\u00e9s \u00e0 la culture viticole. Tous les habitants poss\u00e8dent au moins une pi\u00e8ce de vignes comme en attestent les compoix, cadastres rudimentaires avec description, arpentage et estimation de toutes les parcelles. Les puits \u00e0 verdet, fournisseurs d\u2019ac\u00e9tate de cuivre et fr\u00e9quents dans les caves du village, prouvent leur utilit\u00e9 en tant que fongicide ou colorant.<\/p>\n<h5><strong>Si\u00e8cles d\u2019or<\/strong><\/h5>\n<p>Le 17\u00e8me et le d\u00e9but du 18\u00e8me sont des si\u00e8cles d\u2019or pour le commerce local. Les muletiers parcourent toute la France diffusant avec succ\u00e8s les produits locaux dont les vins de Montpeyroux. Mais c\u2019est bien le 19\u00e8me qui verra l\u2019essor de la culture viticole avec le d\u00e9cret de Marly (1770). Ce dernier accorde le d\u00e9frichement \u00e0 grande \u00e9chelle. La superficie du vignoble passe de 100 \u00e0 276 hectares au rendement de 20 \u00e0 50 hl\/ha. Cette tradition viticole survivra \u00e0 la crise phyllox\u00e9rique.<\/p>\n<p>[\/et_pb_text][\/et_pb_column][\/et_pb_row][\/et_pb_section]<\/p>\n","protected":false},"excerpt":{"rendered":"<p>L&#8217;histoire de la vigne et du vin \u00e0 Montpeyroux La vigne et le vin : une longue histoire depuis la p\u00e9riode romaine Chemin muletier, route du sel, voie de transhumance \u2026 les vestiges qui jonchent l\u2019aire de l\u2019AOC Languedoc-Montpeyroux attestent de la vie foisonnante et du trait d\u2019union qu\u2019a repr\u00e9sent\u00e9 et que repr\u00e9sente encore le [&hellip;]<\/p>\n","protected":false},"author":1,"featured_media":0,"parent":484,"menu_order":0,"comment_status":"closed","ping_status":"closed","template":"","meta":{"_et_pb_use_builder":"on","_et_pb_old_content":"","_et_gb_content_width":"","footnotes":""},"class_list":["post-497","page","type-page","status-publish","hentry"],"yoast_head":"<!-- This site is optimized with the Yoast SEO plugin v26.9 - https:\/\/yoast.com\/product\/yoast-seo-wordpress\/ -->\n<title>Sols et Terroir - Domaine L&#039;Aigueli\u00e8re<\/title>\n<meta name=\"robots\" content=\"index, follow, max-snippet:-1, max-image-preview:large, max-video-preview:-1\" \/>\n<link rel=\"canonical\" href=\"https:\/\/aigueliere.fr\/index.php\/484-2\/sols-et-terroir\/\" \/>\n<meta property=\"og:locale\" content=\"fr_FR\" \/>\n<meta property=\"og:type\" content=\"article\" \/>\n<meta property=\"og:title\" content=\"Sols et Terroir - Domaine L&#039;Aigueli\u00e8re\" \/>\n<meta property=\"og:description\" content=\"L&#039;histoire de la vigne et du vin \u00e0 Montpeyroux La vigne et le vin : une longue histoire depuis la p\u00e9riode romaine Chemin muletier, route du sel, voie de transhumance \u2026 les vestiges qui jonchent l\u2019aire de l\u2019AOC Languedoc-Montpeyroux attestent de la vie foisonnante et du trait d\u2019union qu\u2019a repr\u00e9sent\u00e9 et que repr\u00e9sente encore le [&hellip;]\" \/>\n<meta property=\"og:url\" content=\"https:\/\/aigueliere.fr\/index.php\/484-2\/sols-et-terroir\/\" \/>\n<meta property=\"og:site_name\" content=\"Domaine L&#039;Aigueli\u00e8re\" \/>\n<meta property=\"article:modified_time\" content=\"2020-07-12T10:07:33+00:00\" \/>\n<meta name=\"twitter:card\" content=\"summary_large_image\" \/>\n<meta name=\"twitter:label1\" content=\"Dur\u00e9e de lecture estim\u00e9e\" \/>\n\t<meta name=\"twitter:data1\" content=\"3 minutes\" \/>\n<script type=\"application\/ld+json\" class=\"yoast-schema-graph\">{\"@context\":\"https:\/\/schema.org\",\"@graph\":[{\"@type\":\"WebPage\",\"@id\":\"https:\/\/aigueliere.fr\/index.php\/484-2\/sols-et-terroir\/\",\"url\":\"https:\/\/aigueliere.fr\/index.php\/484-2\/sols-et-terroir\/\",\"name\":\"Sols et Terroir - Domaine L&#039;Aigueli\u00e8re\",\"isPartOf\":{\"@id\":\"https:\/\/aigueliere.fr\/#website\"},\"datePublished\":\"2020-07-12T10:01:45+00:00\",\"dateModified\":\"2020-07-12T10:07:33+00:00\",\"breadcrumb\":{\"@id\":\"https:\/\/aigueliere.fr\/index.php\/484-2\/sols-et-terroir\/#breadcrumb\"},\"inLanguage\":\"fr-FR\",\"potentialAction\":[{\"@type\":\"ReadAction\",\"target\":[\"https:\/\/aigueliere.fr\/index.php\/484-2\/sols-et-terroir\/\"]}]},{\"@type\":\"BreadcrumbList\",\"@id\":\"https:\/\/aigueliere.fr\/index.php\/484-2\/sols-et-terroir\/#breadcrumb\",\"itemListElement\":[{\"@type\":\"ListItem\",\"position\":1,\"name\":\"Accueil\",\"item\":\"https:\/\/aigueliere.fr\/\"},{\"@type\":\"ListItem\",\"position\":2,\"name\":\"Le Domaine\",\"item\":\"https:\/\/aigueliere.fr\/index.php\/484-2\/\"},{\"@type\":\"ListItem\",\"position\":3,\"name\":\"Sols et Terroir\"}]},{\"@type\":\"WebSite\",\"@id\":\"https:\/\/aigueliere.fr\/#website\",\"url\":\"https:\/\/aigueliere.fr\/\",\"name\":\"Domaine L&#039;Aigueli\u00e8re\",\"description\":\"Un vigneron \u00e0 votre \u00e9coute\",\"potentialAction\":[{\"@type\":\"SearchAction\",\"target\":{\"@type\":\"EntryPoint\",\"urlTemplate\":\"https:\/\/aigueliere.fr\/?s={search_term_string}\"},\"query-input\":{\"@type\":\"PropertyValueSpecification\",\"valueRequired\":true,\"valueName\":\"search_term_string\"}}],\"inLanguage\":\"fr-FR\"}]}<\/script>\n<!-- \/ Yoast SEO plugin. -->","yoast_head_json":{"title":"Sols et Terroir - Domaine L&#039;Aigueli\u00e8re","robots":{"index":"index","follow":"follow","max-snippet":"max-snippet:-1","max-image-preview":"max-image-preview:large","max-video-preview":"max-video-preview:-1"},"canonical":"https:\/\/aigueliere.fr\/index.php\/484-2\/sols-et-terroir\/","og_locale":"fr_FR","og_type":"article","og_title":"Sols et Terroir - Domaine L&#039;Aigueli\u00e8re","og_description":"L'histoire de la vigne et du vin \u00e0 Montpeyroux La vigne et le vin : une longue histoire depuis la p\u00e9riode romaine Chemin muletier, route du sel, voie de transhumance \u2026 les vestiges qui jonchent l\u2019aire de l\u2019AOC Languedoc-Montpeyroux attestent de la vie foisonnante et du trait d\u2019union qu\u2019a repr\u00e9sent\u00e9 et que repr\u00e9sente encore le [&hellip;]","og_url":"https:\/\/aigueliere.fr\/index.php\/484-2\/sols-et-terroir\/","og_site_name":"Domaine L&#039;Aigueli\u00e8re","article_modified_time":"2020-07-12T10:07:33+00:00","twitter_card":"summary_large_image","twitter_misc":{"Dur\u00e9e de lecture estim\u00e9e":"3 minutes"},"schema":{"@context":"https:\/\/schema.org","@graph":[{"@type":"WebPage","@id":"https:\/\/aigueliere.fr\/index.php\/484-2\/sols-et-terroir\/","url":"https:\/\/aigueliere.fr\/index.php\/484-2\/sols-et-terroir\/","name":"Sols et Terroir - Domaine L&#039;Aigueli\u00e8re","isPartOf":{"@id":"https:\/\/aigueliere.fr\/#website"},"datePublished":"2020-07-12T10:01:45+00:00","dateModified":"2020-07-12T10:07:33+00:00","breadcrumb":{"@id":"https:\/\/aigueliere.fr\/index.php\/484-2\/sols-et-terroir\/#breadcrumb"},"inLanguage":"fr-FR","potentialAction":[{"@type":"ReadAction","target":["https:\/\/aigueliere.fr\/index.php\/484-2\/sols-et-terroir\/"]}]},{"@type":"BreadcrumbList","@id":"https:\/\/aigueliere.fr\/index.php\/484-2\/sols-et-terroir\/#breadcrumb","itemListElement":[{"@type":"ListItem","position":1,"name":"Accueil","item":"https:\/\/aigueliere.fr\/"},{"@type":"ListItem","position":2,"name":"Le Domaine","item":"https:\/\/aigueliere.fr\/index.php\/484-2\/"},{"@type":"ListItem","position":3,"name":"Sols et Terroir"}]},{"@type":"WebSite","@id":"https:\/\/aigueliere.fr\/#website","url":"https:\/\/aigueliere.fr\/","name":"Domaine L&#039;Aigueli\u00e8re","description":"Un vigneron \u00e0 votre \u00e9coute","potentialAction":[{"@type":"SearchAction","target":{"@type":"EntryPoint","urlTemplate":"https:\/\/aigueliere.fr\/?s={search_term_string}"},"query-input":{"@type":"PropertyValueSpecification","valueRequired":true,"valueName":"search_term_string"}}],"inLanguage":"fr-FR"}]}},"_links":{"self":[{"href":"https:\/\/aigueliere.fr\/index.php\/wp-json\/wp\/v2\/pages\/497","targetHints":{"allow":["GET"]}}],"collection":[{"href":"https:\/\/aigueliere.fr\/index.php\/wp-json\/wp\/v2\/pages"}],"about":[{"href":"https:\/\/aigueliere.fr\/index.php\/wp-json\/wp\/v2\/types\/page"}],"author":[{"embeddable":true,"href":"https:\/\/aigueliere.fr\/index.php\/wp-json\/wp\/v2\/users\/1"}],"replies":[{"embeddable":true,"href":"https:\/\/aigueliere.fr\/index.php\/wp-json\/wp\/v2\/comments?post=497"}],"version-history":[{"count":3,"href":"https:\/\/aigueliere.fr\/index.php\/wp-json\/wp\/v2\/pages\/497\/revisions"}],"predecessor-version":[{"id":502,"href":"https:\/\/aigueliere.fr\/index.php\/wp-json\/wp\/v2\/pages\/497\/revisions\/502"}],"up":[{"embeddable":true,"href":"https:\/\/aigueliere.fr\/index.php\/wp-json\/wp\/v2\/pages\/484"}],"wp:attachment":[{"href":"https:\/\/aigueliere.fr\/index.php\/wp-json\/wp\/v2\/media?parent=497"}],"curies":[{"name":"wp","href":"https:\/\/api.w.org\/{rel}","templated":true}]}}