{"id":518,"date":"2020-07-12T12:21:00","date_gmt":"2020-07-12T10:21:00","guid":{"rendered":"https:\/\/aigueliere.fr\/?page_id=518"},"modified":"2020-07-12T12:57:44","modified_gmt":"2020-07-12T10:57:44","slug":"notre-caveau","status":"publish","type":"page","link":"https:\/\/aigueliere.fr\/index.php\/votre-visite\/notre-caveau\/","title":{"rendered":"notre Caveau"},"content":{"rendered":"<p>[et_pb_section fb_built=&#8221;1&#8243; _builder_version=&#8221;4.0.9&#8243;][et_pb_row column_structure=&#8221;1_2,1_2&#8243; _builder_version=&#8221;4.0.9&#8243; custom_margin=&#8221;5px|auto||auto||&#8221;][et_pb_column type=&#8221;1_2&#8243; _builder_version=&#8221;4.0.9&#8243;][et_pb_image src=&#8221;https:\/\/aigueliere.fr\/wp-content\/uploads\/2019\/04\/Caveau.jpg&#8221; _builder_version=&#8221;4.0.9&#8243;][\/et_pb_image][\/et_pb_column][et_pb_column type=&#8221;1_2&#8243; _builder_version=&#8221;4.0.9&#8243;][et_pb_text _builder_version=&#8221;4.1&#8243;]<\/p>\n<h2>notre CAVEAU<\/h2>\n<p>Nous vous accueillons tous les jours sauf dimanche et jours f\u00e9ri\u00e9s :<\/p>\n<ul wfd-id=\"3511\">\n<li wfd-id=\"3512\">de 9h \u00e0 12h et de 14h \u00e0 18h..<\/li>\n<\/ul>\n<p><img loading=\"lazy\" decoding=\"async\" alt=\"\" width=\"33\" height=\"20\" data-src=\"https:\/\/dev4.velsya.fr\/dev-daumas-gassac\/wp-content\/uploads\/2019\/08\/flag_FR.png\" class=\"alignnone size-full wp-image-4269 lazyloaded\" src=\"https:\/\/dev4.velsya.fr\/dev-daumas-gassac\/wp-content\/uploads\/2019\/08\/flag_FR.png\" \/><span wfd-id=\"3510\">\u00a0\u00a0<img loading=\"lazy\" decoding=\"async\" alt=\"\" width=\"34\" height=\"21\" data-src=\"https:\/\/dev4.velsya.fr\/dev-daumas-gassac\/wp-content\/uploads\/2019\/08\/flag_EN.png\" class=\"alignnone wp-image-4273 lazyloaded\" src=\"https:\/\/dev4.velsya.fr\/dev-daumas-gassac\/wp-content\/uploads\/2019\/08\/flag_EN.png\" \/>\u00a0\u00a0<img loading=\"lazy\" decoding=\"async\" src=\"https:\/\/aigueliere.fr\/wp-content\/uploads\/2020\/07\/Drapeau-Chinois.jpg\" width=\"34\" height=\"23\" alt=\"\" class=\"wp-image-791 alignnone size-full\" \/><\/span><\/p>\n<p>Visites et d\u00e9gustations en fran\u00e7ais et en anglais, de pr\u00e9f\u00e9rence sur r\u00e9servation.<br \/> Pour les<span wfd-id=\"3509\">\u00a0<\/span><b>groupes<\/b><span wfd-id=\"3508\">\u00a0<\/span>de plus de 8 personnes, merci de nous contacter.<\/p>\n<p><a href=\"mailto:contact@aigueliere.com\" target=\"_blank\" rel=\"noopener noreferrer\">contact@aigueliere.com<\/a><br \/> Tel : 07 50 04 98 31<\/p>\n<p>[\/et_pb_text][\/et_pb_column][\/et_pb_row][\/et_pb_section]<\/p>\n","protected":false},"excerpt":{"rendered":"<p>notre CAVEAU Nous vous accueillons tous les jours sauf dimanche et jours f\u00e9ri\u00e9s : de 9h \u00e0 12h et de 14h \u00e0 18h.. \u00a0\u00a0\u00a0\u00a0 Visites et d\u00e9gustations en fran\u00e7ais et en anglais, de pr\u00e9f\u00e9rence sur r\u00e9servation. Pour les\u00a0groupes\u00a0de plus de 8 personnes, merci de nous contacter. contact@aigueliere.com Tel : 07 50 04 98 31<\/p>\n","protected":false},"author":1,"featured_media":0,"parent":515,"menu_order":0,"comment_status":"closed","ping_status":"closed","template":"","meta":{"_et_pb_use_builder":"on","_et_pb_old_content":"","_et_gb_content_width":"","footnotes":""},"class_list":["post-518","page","type-page","status-publish","hentry"],"yoast_head":"<!-- This site is optimized with the Yoast SEO plugin v26.9 - https:\/\/yoast.com\/product\/yoast-seo-wordpress\/ -->\n<title>notre Caveau - Domaine L&#039;Aigueli\u00e8re<\/title>\n<meta name=\"robots\" content=\"index, follow, max-snippet:-1, max-image-preview:large, max-video-preview:-1\" \/>\n<link rel=\"canonical\" href=\"https:\/\/aigueliere.fr\/index.php\/votre-visite\/notre-caveau\/\" \/>\n<meta property=\"og:locale\" content=\"fr_FR\" \/>\n<meta property=\"og:type\" content=\"article\" \/>\n<meta property=\"og:title\" content=\"notre Caveau - Domaine L&#039;Aigueli\u00e8re\" \/>\n<meta property=\"og:description\" content=\"notre CAVEAU Nous vous accueillons tous les jours sauf dimanche et jours f\u00e9ri\u00e9s : de 9h \u00e0 12h et de 14h \u00e0 18h.. \u00a0\u00a0\u00a0\u00a0 Visites et d\u00e9gustations en fran\u00e7ais et en anglais, de pr\u00e9f\u00e9rence sur r\u00e9servation. Pour les\u00a0groupes\u00a0de plus de 8 personnes, merci de nous contacter. contact@aigueliere.com Tel : 07 50 04 98 31\" \/>\n<meta property=\"og:url\" content=\"https:\/\/aigueliere.fr\/index.php\/votre-visite\/notre-caveau\/\" \/>\n<meta property=\"og:site_name\" content=\"Domaine L&#039;Aigueli\u00e8re\" \/>\n<meta property=\"article:modified_time\" content=\"2020-07-12T10:57:44+00:00\" \/>\n<meta property=\"og:image\" content=\"https:\/\/dev4.velsya.fr\/dev-daumas-gassac\/wp-content\/uploads\/2019\/08\/flag_FR.png\" \/>\n<meta name=\"twitter:card\" content=\"summary_large_image\" \/>\n<meta name=\"twitter:label1\" content=\"Dur\u00e9e de lecture estim\u00e9e\" \/>\n\t<meta name=\"twitter:data1\" content=\"1 minute\" \/>\n<script type=\"application\/ld+json\" class=\"yoast-schema-graph\">{\"@context\":\"https:\/\/schema.org\",\"@graph\":[{\"@type\":\"WebPage\",\"@id\":\"https:\/\/aigueliere.fr\/index.php\/votre-visite\/notre-caveau\/\",\"url\":\"https:\/\/aigueliere.fr\/index.php\/votre-visite\/notre-caveau\/\",\"name\":\"notre Caveau - Domaine L&#039;Aigueli\u00e8re\",\"isPartOf\":{\"@id\":\"https:\/\/aigueliere.fr\/#website\"},\"primaryImageOfPage\":{\"@id\":\"https:\/\/aigueliere.fr\/index.php\/votre-visite\/notre-caveau\/#primaryimage\"},\"image\":{\"@id\":\"https:\/\/aigueliere.fr\/index.php\/votre-visite\/notre-caveau\/#primaryimage\"},\"thumbnailUrl\":\"https:\/\/dev4.velsya.fr\/dev-daumas-gassac\/wp-content\/uploads\/2019\/08\/flag_FR.png\",\"datePublished\":\"2020-07-12T10:21:00+00:00\",\"dateModified\":\"2020-07-12T10:57:44+00:00\",\"breadcrumb\":{\"@id\":\"https:\/\/aigueliere.fr\/index.php\/votre-visite\/notre-caveau\/#breadcrumb\"},\"inLanguage\":\"fr-FR\",\"potentialAction\":[{\"@type\":\"ReadAction\",\"target\":[\"https:\/\/aigueliere.fr\/index.php\/votre-visite\/notre-caveau\/\"]}]},{\"@type\":\"ImageObject\",\"inLanguage\":\"fr-FR\",\"@id\":\"https:\/\/aigueliere.fr\/index.php\/votre-visite\/notre-caveau\/#primaryimage\",\"url\":\"https:\/\/dev4.velsya.fr\/dev-daumas-gassac\/wp-content\/uploads\/2019\/08\/flag_FR.png\",\"contentUrl\":\"https:\/\/dev4.velsya.fr\/dev-daumas-gassac\/wp-content\/uploads\/2019\/08\/flag_FR.png\"},{\"@type\":\"BreadcrumbList\",\"@id\":\"https:\/\/aigueliere.fr\/index.php\/votre-visite\/notre-caveau\/#breadcrumb\",\"itemListElement\":[{\"@type\":\"ListItem\",\"position\":1,\"name\":\"Accueil\",\"item\":\"https:\/\/aigueliere.fr\/\"},{\"@type\":\"ListItem\",\"position\":2,\"name\":\"votre Visite\",\"item\":\"https:\/\/aigueliere.fr\/index.php\/votre-visite\/\"},{\"@type\":\"ListItem\",\"position\":3,\"name\":\"notre Caveau\"}]},{\"@type\":\"WebSite\",\"@id\":\"https:\/\/aigueliere.fr\/#website\",\"url\":\"https:\/\/aigueliere.fr\/\",\"name\":\"Domaine L&#039;Aigueli\u00e8re\",\"description\":\"Un vigneron \u00e0 votre \u00e9coute\",\"potentialAction\":[{\"@type\":\"SearchAction\",\"target\":{\"@type\":\"EntryPoint\",\"urlTemplate\":\"https:\/\/aigueliere.fr\/?s={search_term_string}\"},\"query-input\":{\"@type\":\"PropertyValueSpecification\",\"valueRequired\":true,\"valueName\":\"search_term_string\"}}],\"inLanguage\":\"fr-FR\"}]}<\/script>\n<!-- \/ Yoast SEO plugin. -->","yoast_head_json":{"title":"notre Caveau - Domaine L&#039;Aigueli\u00e8re","robots":{"index":"index","follow":"follow","max-snippet":"max-snippet:-1","max-image-preview":"max-image-preview:large","max-video-preview":"max-video-preview:-1"},"canonical":"https:\/\/aigueliere.fr\/index.php\/votre-visite\/notre-caveau\/","og_locale":"fr_FR","og_type":"article","og_title":"notre Caveau - Domaine L&#039;Aigueli\u00e8re","og_description":"notre CAVEAU Nous vous accueillons tous les jours sauf dimanche et jours f\u00e9ri\u00e9s : de 9h \u00e0 12h et de 14h \u00e0 18h.. \u00a0\u00a0\u00a0\u00a0 Visites et d\u00e9gustations en fran\u00e7ais et en anglais, de pr\u00e9f\u00e9rence sur r\u00e9servation. Pour les\u00a0groupes\u00a0de plus de 8 personnes, merci de nous contacter. contact@aigueliere.com Tel : 07 50 04 98 31","og_url":"https:\/\/aigueliere.fr\/index.php\/votre-visite\/notre-caveau\/","og_site_name":"Domaine L&#039;Aigueli\u00e8re","article_modified_time":"2020-07-12T10:57:44+00:00","og_image":[{"url":"https:\/\/dev4.velsya.fr\/dev-daumas-gassac\/wp-content\/uploads\/2019\/08\/flag_FR.png","type":"","width":"","height":""}],"twitter_card":"summary_large_image","twitter_misc":{"Dur\u00e9e de lecture estim\u00e9e":"1 minute"},"schema":{"@context":"https:\/\/schema.org","@graph":[{"@type":"WebPage","@id":"https:\/\/aigueliere.fr\/index.php\/votre-visite\/notre-caveau\/","url":"https:\/\/aigueliere.fr\/index.php\/votre-visite\/notre-caveau\/","name":"notre Caveau - Domaine L&#039;Aigueli\u00e8re","isPartOf":{"@id":"https:\/\/aigueliere.fr\/#website"},"primaryImageOfPage":{"@id":"https:\/\/aigueliere.fr\/index.php\/votre-visite\/notre-caveau\/#primaryimage"},"image":{"@id":"https:\/\/aigueliere.fr\/index.php\/votre-visite\/notre-caveau\/#primaryimage"},"thumbnailUrl":"https:\/\/dev4.velsya.fr\/dev-daumas-gassac\/wp-content\/uploads\/2019\/08\/flag_FR.png","datePublished":"2020-07-12T10:21:00+00:00","dateModified":"2020-07-12T10:57:44+00:00","breadcrumb":{"@id":"https:\/\/aigueliere.fr\/index.php\/votre-visite\/notre-caveau\/#breadcrumb"},"inLanguage":"fr-FR","potentialAction":[{"@type":"ReadAction","target":["https:\/\/aigueliere.fr\/index.php\/votre-visite\/notre-caveau\/"]}]},{"@type":"ImageObject","inLanguage":"fr-FR","@id":"https:\/\/aigueliere.fr\/index.php\/votre-visite\/notre-caveau\/#primaryimage","url":"https:\/\/dev4.velsya.fr\/dev-daumas-gassac\/wp-content\/uploads\/2019\/08\/flag_FR.png","contentUrl":"https:\/\/dev4.velsya.fr\/dev-daumas-gassac\/wp-content\/uploads\/2019\/08\/flag_FR.png"},{"@type":"BreadcrumbList","@id":"https:\/\/aigueliere.fr\/index.php\/votre-visite\/notre-caveau\/#breadcrumb","itemListElement":[{"@type":"ListItem","position":1,"name":"Accueil","item":"https:\/\/aigueliere.fr\/"},{"@type":"ListItem","position":2,"name":"votre Visite","item":"https:\/\/aigueliere.fr\/index.php\/votre-visite\/"},{"@type":"ListItem","position":3,"name":"notre Caveau"}]},{"@type":"WebSite","@id":"https:\/\/aigueliere.fr\/#website","url":"https:\/\/aigueliere.fr\/","name":"Domaine L&#039;Aigueli\u00e8re","description":"Un vigneron \u00e0 votre \u00e9coute","potentialAction":[{"@type":"SearchAction","target":{"@type":"EntryPoint","urlTemplate":"https:\/\/aigueliere.fr\/?s={search_term_string}"},"query-input":{"@type":"PropertyValueSpecification","valueRequired":true,"valueName":"search_term_string"}}],"inLanguage":"fr-FR"}]}},"_links":{"self":[{"href":"https:\/\/aigueliere.fr\/index.php\/wp-json\/wp\/v2\/pages\/518","targetHints":{"allow":["GET"]}}],"collection":[{"href":"https:\/\/aigueliere.fr\/index.php\/wp-json\/wp\/v2\/pages"}],"about":[{"href":"https:\/\/aigueliere.fr\/index.php\/wp-json\/wp\/v2\/types\/page"}],"author":[{"embeddable":true,"href":"https:\/\/aigueliere.fr\/index.php\/wp-json\/wp\/v2\/users\/1"}],"replies":[{"embeddable":true,"href":"https:\/\/aigueliere.fr\/index.php\/wp-json\/wp\/v2\/comments?post=518"}],"version-history":[{"count":2,"href":"https:\/\/aigueliere.fr\/index.php\/wp-json\/wp\/v2\/pages\/518\/revisions"}],"predecessor-version":[{"id":521,"href":"https:\/\/aigueliere.fr\/index.php\/wp-json\/wp\/v2\/pages\/518\/revisions\/521"}],"up":[{"embeddable":true,"href":"https:\/\/aigueliere.fr\/index.php\/wp-json\/wp\/v2\/pages\/515"}],"wp:attachment":[{"href":"https:\/\/aigueliere.fr\/index.php\/wp-json\/wp\/v2\/media?parent=518"}],"curies":[{"name":"wp","href":"https:\/\/api.w.org\/{rel}","templated":true}]}}