{"id":522,"date":"2020-07-12T12:22:49","date_gmt":"2020-07-12T10:22:49","guid":{"rendered":"https:\/\/aigueliere.fr\/?page_id=522"},"modified":"2020-07-12T13:08:00","modified_gmt":"2020-07-12T11:08:00","slug":"les-hebergements","status":"publish","type":"page","link":"https:\/\/aigueliere.fr\/index.php\/votre-visite\/les-hebergements\/","title":{"rendered":"les H\u00e9bergements"},"content":{"rendered":"<p>[et_pb_section fb_built=&#8221;1&#8243; _builder_version=&#8221;4.0.9&#8243; custom_padding=&#8221;28px|||||&#8221;][et_pb_row column_structure=&#8221;1_2,1_2&#8243; _builder_version=&#8221;4.0.9&#8243; custom_padding=&#8221;10px|||||&#8221; border_width_bottom=&#8221;3px&#8221; border_color_bottom=&#8221;#777777&#8243;][et_pb_column type=&#8221;1_2&#8243; _builder_version=&#8221;4.0.9&#8243;][et_pb_image src=&#8221;https:\/\/aigueliere.fr\/wp-content\/uploads\/2020\/07\/Hotel-Saint-Benoit.jpg&#8221; _builder_version=&#8221;4.0.9&#8243;][\/et_pb_image][et_pb_text _builder_version=&#8221;4.0.9&#8243;]<\/p>\n<p class=\"desc\"><strong>HOSTELLERIE SAINT BENOIT<\/strong><\/p>\n<p class=\"desc\">Dans cette hostellerie o\u00f9 le calme et la verdure vous charmeront, vous trouverez 30 chambres confortables (dont 20 climatis\u00e9es), une salle de s\u00e9minaire \u00e9quip\u00e9e et climatis\u00e9e, le restaurant peut accueillir 120 couverts avec piscine ext\u00e9rieure, billard, bar avec espace d\u00e9tente, parking 1000 m\u00b2. Chaque chambre est \u00e9quip\u00e9e d&#8217;une t\u00e9l\u00e9vision et d&#8217;un espace de travail avec bureau. Une connexion Wifi gratuite dans tout l&#8217;\u00e9tablissement. A 3 kms du pont du Diable et de la grotte de Clamouse et \u00e0 7 kms de Saint-Guilhem-le-D\u00e9sert.<\/p>\n<div class=\"bloc_contact\" wfd-id=\"222\">\n<div class=\"infos\" wfd-id=\"223\">\n<h5 class=\"none\"><span wfd-id=\"225\">Adresse<\/span><\/h5>\n<p>Route de St Guilhem-le-D\u00e9sert<br \/> 34150 ANIANE<\/p>\n<h5 class=\"none\"><span wfd-id=\"224\">Contact<\/span><\/h5>\n<p>T\u00e9l : +33 4 67 57 71 63<\/p>\n<\/div>\n<\/div>\n<p>Email : <a href=\"mailto:hostellerie.st-benoit@wanadoo.fr\">hostellerie.st-benoit@wanadoo.fr<\/a><br \/> Site Internet :\u00a0<a href=\"http:\/\/www.hostellerie-saint-benoit.com\/\" target=\"_blank\" rel=\"noopener noreferrer\">http:\/\/www.hostellerie-saint-benoit.com\/<\/a><\/p>\n<p>[\/et_pb_text][\/et_pb_column][et_pb_column type=&#8221;1_2&#8243; _builder_version=&#8221;4.0.9&#8243;][et_pb_image src=&#8221;https:\/\/aigueliere.fr\/wp-content\/uploads\/2020\/07\/Auberge-de-Saugras_2.jpg&#8221; _builder_version=&#8221;4.0.9&#8243;][\/et_pb_image][et_pb_text _builder_version=&#8221;4.0.9&#8243;]<\/p>\n<p class=\"desc\"><strong>AUBERGE DE SAUGRAS<\/strong><\/p>\n<p class=\"desc\">Entre mer et C\u00e9vennes, \u00e0 20 kms \u00e0 l&#8217;ouest de Montpellier, l&#8217;auberge de Saugras vous accueille dans un mas du XII \u00e8me si\u00e8cle.<\/p>\n<div class=\"bloc_contact\" wfd-id=\"3693\">\n<div class=\"infos\" wfd-id=\"3694\">\n<h5 class=\"none\"><span wfd-id=\"3696\"><\/span><\/h5>\n<h5 class=\"none\"><span wfd-id=\"3696\">Adresse<\/span><\/h5>\n<p>D127E6<br \/> 34380 ARGELLIERS<\/p>\n<h5 class=\"none\"><span wfd-id=\"3695\">Contact<\/span><\/h5>\n<p>T\u00e9l : +33 4 67 55 08 71<br \/> Email :\u00a0auberge.saugras@wanadoo.fr<br \/> Site Internet :\u00a0<a href=\"http:\/\/aubergedesaugras.fr\/\" target=\"_blank\" rel=\"noopener noreferrer\">http:\/\/aubergedesaugras.fr\/<\/a><\/p>\n<\/div>\n<\/div>\n<p>[\/et_pb_text][\/et_pb_column][\/et_pb_row][et_pb_row column_structure=&#8221;1_2,1_2&#8243; _builder_version=&#8221;4.0.9&#8243;][et_pb_column type=&#8221;1_2&#8243; _builder_version=&#8221;4.0.9&#8243;][et_pb_image src=&#8221;https:\/\/aigueliere.fr\/wp-content\/uploads\/2020\/07\/Vieux-moulin.jpg&#8221; _builder_version=&#8221;4.0.9&#8243;][\/et_pb_image][et_pb_text _builder_version=&#8221;4.0.9&#8243;]<\/p>\n<p class=\"desc\"><strong>HOTEL LE VIEUX MOULIN<\/strong><\/p>\n<p class=\"desc\">A l&#8217;h\u00f4tel Le Vieux Moulin \u00e0 Gignac, r\u00e9nov\u00e9 aux couleurs du sud, vous viendrez vous reposer au calme dans nos chambres de plain-pied. Le restaurant, 1 cocotte, est ouvert uniquement le soir du lundi au samedi et r\u00e9serv\u00e9 aux seuls clients de l\u2019h\u00f4tel. Situ\u00e9 \u00e0 2 km de l\u2019A75, direction Millau et \u00e0 30 km de l\u2019a\u00e9roport de Montpellier.<br \/> D\u00e9couvrez les centres d&#8217;int\u00e9r\u00eat aux alentours et les plus beaux sites naturels de l\u2019H\u00e9rault tout proches : Saint-Guilhem-le-D\u00e9sert, avec son \u00e9glise romane, le cirque de Navacelles, le lac du Salagou, le causse du Larzac, la grotte de Clamouse, les for\u00eats domaniales de l\u2019Escandorgue et du Parlatges, le cirque de Mour\u00e8ze, les panoramas du rocher des Vierges. Possibilit\u00e9 de promenades, V.T.T.<\/p>\n<div class=\"bloc_contact\" wfd-id=\"2435\">\n<div class=\"infos\" wfd-id=\"2436\">\n<h5 class=\"none\"><span wfd-id=\"2438\">Adresse<\/span><\/h5>\n<p>124 chemin de l&#8217;Auberge<br \/> 34150 GIGNAC<\/p>\n<h5 class=\"none\"><span wfd-id=\"2437\">Contact<\/span><\/h5>\n<p>T\u00e9l : +33 4 67 57 57 95\u00a0 \u00a0 \u00a0 \u00a0 \u00a0 \u00a0 \u00a0Email :\u00a0resa@moulingignac.fr<br \/> Fax : +33 4 67 57 69 19\u00a0 \u00a0 \u00a0 \u00a0 \u00a0 \u00a0 Site Internet :\u00a0<a href=\"http:\/\/www.hotel-gignac.com\/\" target=\"_blank\" rel=\"noopener noreferrer\">http:\/\/www.hotel-gignac.com\/<\/a><\/p>\n<\/div>\n<\/div>\n<p>[\/et_pb_text][\/et_pb_column][et_pb_column type=&#8221;1_2&#8243; _builder_version=&#8221;4.0.9&#8243;][et_pb_image src=&#8221;https:\/\/aigueliere.fr\/wp-content\/uploads\/2020\/07\/Le-Guilhaume-d-Orange-1-e1578327256959.jpg&#8221; _builder_version=&#8221;4.0.9&#8243;][\/et_pb_image][et_pb_text _builder_version=&#8221;4.0.9&#8243;]<\/p>\n<p class=\"desc\"><strong>HOTEL LE GUILHAUME D&#8217;ORANGE<\/strong><\/p>\n<p class=\"desc\">Une halte merveilleuse en Languedoc-Roussillon&#8230;<br \/> L&#8217;h\u00f4tel de charme Guilhaume d&#8217;Orange vous permettra de passer des s\u00e9jours m\u00e9morables dans un \u00e9crin pr\u00e9serv\u00e9 : Saint-Guilhem-le-D\u00e9sert&#8230;<br \/> Un accueil convivial vous sera r\u00e9serv\u00e9.<\/p>\n<div class=\"bloc_contact\" wfd-id=\"639\">\n<div class=\"infos\" wfd-id=\"640\"><span wfd-id=\"642\">Adresse<\/span><br \/> 2 avenue Guillaume d&#8217;Orange<br \/> 34150 SAINT-GUILHEM-LE-DESERT <span wfd-id=\"641\">Contact<\/span> T\u00e9l : +33 4 67 57 24 53\u00a0 \u00a0 \u00a0 \u00a0 Email :\u00a0<a href=\"mailto:hotelguilhaumedorange@orange.fr\">hotelguilhaumedorange@orange.fr<\/a><br \/> Site Internet :\u00a0<a href=\"https:\/\/www.guilhaumedorange.fr\/\" target=\"_blank\" rel=\"noopener noreferrer\">https:\/\/www.guilhaumedorange.fr\/<\/a><\/p>\n<p>&nbsp;<\/p>\n<\/div>\n<\/div>\n<p>[\/et_pb_text][\/et_pb_column][\/et_pb_row][\/et_pb_section]<\/p>\n","protected":false},"excerpt":{"rendered":"<p>HOSTELLERIE SAINT BENOIT Dans cette hostellerie o\u00f9 le calme et la verdure vous charmeront, vous trouverez 30 chambres confortables (dont 20 climatis\u00e9es), une salle de s\u00e9minaire \u00e9quip\u00e9e et climatis\u00e9e, le restaurant peut accueillir 120 couverts avec piscine ext\u00e9rieure, billard, bar avec espace d\u00e9tente, parking 1000 m\u00b2. Chaque chambre est \u00e9quip\u00e9e d&#8217;une t\u00e9l\u00e9vision et d&#8217;un espace [&hellip;]<\/p>\n","protected":false},"author":1,"featured_media":0,"parent":515,"menu_order":0,"comment_status":"closed","ping_status":"closed","template":"","meta":{"_et_pb_use_builder":"on","_et_pb_old_content":"","_et_gb_content_width":"","footnotes":""},"class_list":["post-522","page","type-page","status-publish","hentry"],"yoast_head":"<!-- This site is optimized with the Yoast SEO plugin v26.9 - https:\/\/yoast.com\/product\/yoast-seo-wordpress\/ -->\n<title>les H\u00e9bergements - Domaine L&#039;Aigueli\u00e8re<\/title>\n<meta name=\"robots\" content=\"index, follow, max-snippet:-1, max-image-preview:large, max-video-preview:-1\" \/>\n<link rel=\"canonical\" href=\"https:\/\/aigueliere.fr\/index.php\/votre-visite\/les-hebergements\/\" \/>\n<meta property=\"og:locale\" content=\"fr_FR\" \/>\n<meta property=\"og:type\" content=\"article\" \/>\n<meta property=\"og:title\" content=\"les H\u00e9bergements - Domaine L&#039;Aigueli\u00e8re\" \/>\n<meta property=\"og:description\" content=\"HOSTELLERIE SAINT BENOIT Dans cette hostellerie o\u00f9 le calme et la verdure vous charmeront, vous trouverez 30 chambres confortables (dont 20 climatis\u00e9es), une salle de s\u00e9minaire \u00e9quip\u00e9e et climatis\u00e9e, le restaurant peut accueillir 120 couverts avec piscine ext\u00e9rieure, billard, bar avec espace d\u00e9tente, parking 1000 m\u00b2. Chaque chambre est \u00e9quip\u00e9e d&#039;une t\u00e9l\u00e9vision et d&#039;un espace [&hellip;]\" \/>\n<meta property=\"og:url\" content=\"https:\/\/aigueliere.fr\/index.php\/votre-visite\/les-hebergements\/\" \/>\n<meta property=\"og:site_name\" content=\"Domaine L&#039;Aigueli\u00e8re\" \/>\n<meta property=\"article:modified_time\" content=\"2020-07-12T11:08:00+00:00\" \/>\n<meta name=\"twitter:card\" content=\"summary_large_image\" \/>\n<meta name=\"twitter:label1\" content=\"Dur\u00e9e de lecture estim\u00e9e\" \/>\n\t<meta name=\"twitter:data1\" content=\"3 minutes\" \/>\n<script type=\"application\/ld+json\" class=\"yoast-schema-graph\">{\"@context\":\"https:\/\/schema.org\",\"@graph\":[{\"@type\":\"WebPage\",\"@id\":\"https:\/\/aigueliere.fr\/index.php\/votre-visite\/les-hebergements\/\",\"url\":\"https:\/\/aigueliere.fr\/index.php\/votre-visite\/les-hebergements\/\",\"name\":\"les H\u00e9bergements - Domaine L&#039;Aigueli\u00e8re\",\"isPartOf\":{\"@id\":\"https:\/\/aigueliere.fr\/#website\"},\"datePublished\":\"2020-07-12T10:22:49+00:00\",\"dateModified\":\"2020-07-12T11:08:00+00:00\",\"breadcrumb\":{\"@id\":\"https:\/\/aigueliere.fr\/index.php\/votre-visite\/les-hebergements\/#breadcrumb\"},\"inLanguage\":\"fr-FR\",\"potentialAction\":[{\"@type\":\"ReadAction\",\"target\":[\"https:\/\/aigueliere.fr\/index.php\/votre-visite\/les-hebergements\/\"]}]},{\"@type\":\"BreadcrumbList\",\"@id\":\"https:\/\/aigueliere.fr\/index.php\/votre-visite\/les-hebergements\/#breadcrumb\",\"itemListElement\":[{\"@type\":\"ListItem\",\"position\":1,\"name\":\"Accueil\",\"item\":\"https:\/\/aigueliere.fr\/\"},{\"@type\":\"ListItem\",\"position\":2,\"name\":\"votre Visite\",\"item\":\"https:\/\/aigueliere.fr\/index.php\/votre-visite\/\"},{\"@type\":\"ListItem\",\"position\":3,\"name\":\"les H\u00e9bergements\"}]},{\"@type\":\"WebSite\",\"@id\":\"https:\/\/aigueliere.fr\/#website\",\"url\":\"https:\/\/aigueliere.fr\/\",\"name\":\"Domaine L&#039;Aigueli\u00e8re\",\"description\":\"Un vigneron \u00e0 votre \u00e9coute\",\"potentialAction\":[{\"@type\":\"SearchAction\",\"target\":{\"@type\":\"EntryPoint\",\"urlTemplate\":\"https:\/\/aigueliere.fr\/?s={search_term_string}\"},\"query-input\":{\"@type\":\"PropertyValueSpecification\",\"valueRequired\":true,\"valueName\":\"search_term_string\"}}],\"inLanguage\":\"fr-FR\"}]}<\/script>\n<!-- \/ Yoast SEO plugin. -->","yoast_head_json":{"title":"les H\u00e9bergements - Domaine L&#039;Aigueli\u00e8re","robots":{"index":"index","follow":"follow","max-snippet":"max-snippet:-1","max-image-preview":"max-image-preview:large","max-video-preview":"max-video-preview:-1"},"canonical":"https:\/\/aigueliere.fr\/index.php\/votre-visite\/les-hebergements\/","og_locale":"fr_FR","og_type":"article","og_title":"les H\u00e9bergements - Domaine L&#039;Aigueli\u00e8re","og_description":"HOSTELLERIE SAINT BENOIT Dans cette hostellerie o\u00f9 le calme et la verdure vous charmeront, vous trouverez 30 chambres confortables (dont 20 climatis\u00e9es), une salle de s\u00e9minaire \u00e9quip\u00e9e et climatis\u00e9e, le restaurant peut accueillir 120 couverts avec piscine ext\u00e9rieure, billard, bar avec espace d\u00e9tente, parking 1000 m\u00b2. Chaque chambre est \u00e9quip\u00e9e d'une t\u00e9l\u00e9vision et d'un espace [&hellip;]","og_url":"https:\/\/aigueliere.fr\/index.php\/votre-visite\/les-hebergements\/","og_site_name":"Domaine L&#039;Aigueli\u00e8re","article_modified_time":"2020-07-12T11:08:00+00:00","twitter_card":"summary_large_image","twitter_misc":{"Dur\u00e9e de lecture estim\u00e9e":"3 minutes"},"schema":{"@context":"https:\/\/schema.org","@graph":[{"@type":"WebPage","@id":"https:\/\/aigueliere.fr\/index.php\/votre-visite\/les-hebergements\/","url":"https:\/\/aigueliere.fr\/index.php\/votre-visite\/les-hebergements\/","name":"les H\u00e9bergements - Domaine L&#039;Aigueli\u00e8re","isPartOf":{"@id":"https:\/\/aigueliere.fr\/#website"},"datePublished":"2020-07-12T10:22:49+00:00","dateModified":"2020-07-12T11:08:00+00:00","breadcrumb":{"@id":"https:\/\/aigueliere.fr\/index.php\/votre-visite\/les-hebergements\/#breadcrumb"},"inLanguage":"fr-FR","potentialAction":[{"@type":"ReadAction","target":["https:\/\/aigueliere.fr\/index.php\/votre-visite\/les-hebergements\/"]}]},{"@type":"BreadcrumbList","@id":"https:\/\/aigueliere.fr\/index.php\/votre-visite\/les-hebergements\/#breadcrumb","itemListElement":[{"@type":"ListItem","position":1,"name":"Accueil","item":"https:\/\/aigueliere.fr\/"},{"@type":"ListItem","position":2,"name":"votre Visite","item":"https:\/\/aigueliere.fr\/index.php\/votre-visite\/"},{"@type":"ListItem","position":3,"name":"les H\u00e9bergements"}]},{"@type":"WebSite","@id":"https:\/\/aigueliere.fr\/#website","url":"https:\/\/aigueliere.fr\/","name":"Domaine L&#039;Aigueli\u00e8re","description":"Un vigneron \u00e0 votre \u00e9coute","potentialAction":[{"@type":"SearchAction","target":{"@type":"EntryPoint","urlTemplate":"https:\/\/aigueliere.fr\/?s={search_term_string}"},"query-input":{"@type":"PropertyValueSpecification","valueRequired":true,"valueName":"search_term_string"}}],"inLanguage":"fr-FR"}]}},"_links":{"self":[{"href":"https:\/\/aigueliere.fr\/index.php\/wp-json\/wp\/v2\/pages\/522","targetHints":{"allow":["GET"]}}],"collection":[{"href":"https:\/\/aigueliere.fr\/index.php\/wp-json\/wp\/v2\/pages"}],"about":[{"href":"https:\/\/aigueliere.fr\/index.php\/wp-json\/wp\/v2\/types\/page"}],"author":[{"embeddable":true,"href":"https:\/\/aigueliere.fr\/index.php\/wp-json\/wp\/v2\/users\/1"}],"replies":[{"embeddable":true,"href":"https:\/\/aigueliere.fr\/index.php\/wp-json\/wp\/v2\/comments?post=522"}],"version-history":[{"count":4,"href":"https:\/\/aigueliere.fr\/index.php\/wp-json\/wp\/v2\/pages\/522\/revisions"}],"predecessor-version":[{"id":538,"href":"https:\/\/aigueliere.fr\/index.php\/wp-json\/wp\/v2\/pages\/522\/revisions\/538"}],"up":[{"embeddable":true,"href":"https:\/\/aigueliere.fr\/index.php\/wp-json\/wp\/v2\/pages\/515"}],"wp:attachment":[{"href":"https:\/\/aigueliere.fr\/index.php\/wp-json\/wp\/v2\/media?parent=522"}],"curies":[{"name":"wp","href":"https:\/\/api.w.org\/{rel}","templated":true}]}}