{"id":539,"date":"2020-07-12T15:33:43","date_gmt":"2020-07-12T13:33:43","guid":{"rendered":"https:\/\/aigueliere.fr\/?page_id=539"},"modified":"2020-07-12T15:42:03","modified_gmt":"2020-07-12T13:42:03","slug":"les-sites-touristiques","status":"publish","type":"page","link":"https:\/\/aigueliere.fr\/index.php\/votre-visite\/les-sites-touristiques\/","title":{"rendered":"les Sites touristiques"},"content":{"rendered":"<p>[et_pb_section fb_built=&#8221;1&#8243; _builder_version=&#8221;4.1&#8243;][et_pb_row column_structure=&#8221;1_2,1_2&#8243; _builder_version=&#8221;4.1&#8243;][et_pb_column type=&#8221;1_2&#8243; _builder_version=&#8221;4.1&#8243;][et_pb_image src=&#8221;https:\/\/aigueliere.fr\/wp-content\/uploads\/2020\/07\/Saint-Guilhem-le-D\u00e9sert-1024&#215;751-1.jpg&#8221; _builder_version=&#8221;4.1&#8243; transform_scale=&#8221;93%|93%&#8221; custom_margin=&#8221;-16px|||||&#8221;][\/et_pb_image][et_pb_text _builder_version=&#8221;4.1&#8243;]<\/p>\n<p><strong>Saint-Guilhem-le-D\u00e9sert <\/strong><\/p>\n<p>\u00c9tape spirituelle sur le\u00a0<span class=\"\" wfd-id=\"15\">Chemin de Saint-Jacques de Compostelle<\/span>, est une petite cit\u00e9 m\u00e9di\u00e9vale faisant partie des<span wfd-id=\"14\">\u00a0<\/span><span class=\"\" wfd-id=\"13\">Plus beaux villages de France<\/span><span wfd-id=\"12\">\u00a0<\/span>qui vous offre une\u00a0<span class=\"\" wfd-id=\"11\">parenth\u00e8se in\u00e9dite<\/span>\u2026<br \/>Vous avez toutes les raisons de venir d\u00e9couvrir Saint-Guilhem\u00a0!<br \/>A votre arriv\u00e9e dans le village, partez \u00e0 la d\u00e9couverte des\u00a0richesses m\u00e9di\u00e9vales\u00a0du village\u2026<\/p>\n<p>\u00b7\u00a0\u00a0\u00a0\u00a0\u00a0\u00a0\u00a0\u00a0 L\u2019<span class=\"\" wfd-id=\"10\">Abbaye de Gellone<\/span>,\u00a0joyau de l&#8217;art roman languedocien, class\u00e9e\u00a0au<span wfd-id=\"9\">\u00a0<\/span><span class=\"\" wfd-id=\"8\">Patrimoine Mondial de l&#8217;UNESCO<\/span>.<\/p>\n<p>\u00b7\u00a0\u00a0\u00a0\u00a0\u00a0\u00a0\u00a0\u00a0 Poursuivez votre chemin, vous passez devant la<span wfd-id=\"4\">\u00a0<\/span><span class=\"\" wfd-id=\"3\">maison Lorimy<\/span>, qui vous livre la plus remarquable fa\u00e7ade romane du village, et devant l\u2019\u00e9glise Saint-Laurent, la tour des prisons ou encore le<span wfd-id=\"2\">\u00a0<\/span><span class=\"\" wfd-id=\"1\">ch\u00e2teau du G\u00e9ant<\/span>, t\u00e9moins \u00e9mouvants de l\u2019identit\u00e9 et du riche pass\u00e9 de la cit\u00e9&#8230;<\/p>\n<p>Une autre belle surprise\u00a0: la visite du\u00a0<a href=\"https:\/\/www.saintguilhem-valleeherault.fr\/annuaire\/musee-du-village-d-antan.html\" target=\"_blank\" rel=\"noopener noreferrer\"><span class=\"\" wfd-id=\"0\">Mus\u00e9e du Village d\u2019Antan<\/span><\/a>\u00a0!<\/p>\n<p>[\/et_pb_text][\/et_pb_column][et_pb_column type=&#8221;1_2&#8243; _builder_version=&#8221;4.1&#8243;][et_pb_image src=&#8221;https:\/\/aigueliere.fr\/wp-content\/uploads\/2020\/07\/Clamouse-2.jpg&#8221; _builder_version=&#8221;4.1&#8243;][\/et_pb_image][et_pb_text _builder_version=&#8221;4.1&#8243;]<\/p>\n<p><strong>La grotte de Clamouse<\/strong>, site class\u00e9 par le Minist\u00e8re de l\u2019\u00e9cologie est un lieu incontournable du tourisme en Languedoc-Roussillon, au c\u0153ur des gorges de l&#8217;H\u00e9rault.<br \/> Une diversit\u00e9 de paysages souterrains quasi unique en Europe !<br \/> Internationalement connue pour la richesse de ses concr\u00e9tions (notamment les tr\u00e8s rares cristaux d&#8217;aragonite et excentriques), la Clamouse constitue un voyage f\u00e9\u00e9rique hors du temps &#8230;<\/p>\n<div class=\"bloc_contact\" wfd-id=\"0\">\n<div class=\"infos\" wfd-id=\"1\"><span wfd-id=\"3\">Adresse<\/span><br \/> GROTTE DE CLAMOUSE<br \/> Route de Saint Guilhem le d\u00e9sert<br \/> 34150 SAINT-JEAN-DE-FOS <span wfd-id=\"2\">Contact<\/span>T\u00e9l : +33 4 67 57 71 05<br \/> Email :\u00a0grottedeclamouse@gmail.com<br \/> Site Internet :\u00a0<a href=\"http:\/\/www.clamouse.com\/\" target=\"_blank\" rel=\"noopener noreferrer\">http:\/\/www.clamouse.com\/<\/a><\/div>\n<\/div>\n<p>[\/et_pb_text][\/et_pb_column][\/et_pb_row][et_pb_row column_structure=&#8221;1_2,1_2&#8243; _builder_version=&#8221;4.1&#8243;][et_pb_column type=&#8221;1_2&#8243; _builder_version=&#8221;4.1&#8243;][et_pb_image src=&#8221;https:\/\/aigueliere.fr\/wp-content\/uploads\/2020\/07\/argileum-la-maison-de-la-poterie.jpeg&#8221; _builder_version=&#8221;4.1&#8243;][\/et_pb_image][et_pb_text _builder_version=&#8221;4.1&#8243;]<\/p>\n<h4 id=\"str-titre\"><span style=\"color: #808080;\"><strong>Argileum, la maison de la poterie<\/strong><\/span><\/h4>\n<p><span>Entre tradition et modernit\u00e9,\u00a0<\/span><span class=\"\" wfd-id=\"312\">authenticit\u00e9 et innovation<\/span><span>, Argileum vous place au c\u0153ur d\u2019un\u00a0<\/span><span class=\"\" wfd-id=\"311\">parcours de d\u00e9couverte ludique et captivant<\/span><span>\u00a0sur la vie des potiers, le savoir-faire et l\u2019histoire de la c\u00e9ramique. La visite d\u2019Argileum devient pour toute votre famille\u00a0<\/span><span class=\"\" wfd-id=\"310\">un moment inoubliable<\/span><span>\u00a0o\u00f9 vos sens sont mis \u00e0 contribution et vous font percer les myst\u00e8res de la c\u00e9ramique ! Th\u00e9\u00e2tre optique, projections sur \u00e9crans LCD, tables de jeux, \u00e9crans tactiles\u2026 que vous soyez adultes, enfants, connaisseurs ou curieux, vous aimerez tous cet endroit insolite\u00a0!<br \/> Pour \u00e9veiller votre \u00e2me de cr\u00e9ateur, ou seulement d\u2019amateur de belles choses, notre espace boutique artisanale vous fait d\u00e9couvrir des\u00a0<span class=\"\" wfd-id=\"305\">cr\u00e9ations artisanales<\/span>\u00a0vari\u00e9es et contemporaines r\u00e9alis\u00e9es par des potiers de chez nous\u2026 mais aussi tout une panoplie de\u00a0<span class=\"\" wfd-id=\"304\">loisirs cr\u00e9atifs pour tous<\/span>, un espace librairie d\u00e9di\u00e9 aux techniques de la poterie et \u00e0 la d\u00e9couverte de la Vall\u00e9e de l\u2019H\u00e9rault, une gamme de cosm\u00e9tiques \u00e0 base d\u2019argile, du vin, de l\u2019huile d\u2019olives, ainsi qu\u2019un parfum, \u00e9labor\u00e9 par un cr\u00e9ateur bas\u00e9 \u00e0 Saint-Guilhem-le-D\u00e9sert,\u00a0<span class=\"\" wfd-id=\"303\">signature olfactive de notre territoire<\/span>\u00a0!<br \/> <\/span><\/p>\n<p>6 Avenue du Monument<br \/> 34150 SAINT JEAN DE FOS<\/p>\n<p>T\u00e9l. 04 67 56 41 96\u00a0 \u00a0 Email :\u00a0contact@argileum.fr<br \/> Site Internet :\u00a0<a href=\"http:\/\/www.argileum.fr\/\" target=\"_blank\" rel=\"noopener noreferrer\">http:\/\/www.argileum.fr\/<\/a><\/p>\n<p>[\/et_pb_text][\/et_pb_column][et_pb_column type=&#8221;1_2&#8243; _builder_version=&#8221;4.1&#8243;][et_pb_image src=&#8221;https:\/\/aigueliere.fr\/wp-content\/uploads\/2020\/07\/pont-du-diable.jpeg&#8221; _builder_version=&#8221;4.1&#8243; min_height=&#8221;310px&#8221;][\/et_pb_image][et_pb_text _builder_version=&#8221;4.1&#8243;]<\/p>\n<p><span style=\"font-size: medium;\"><strong>Le Pont du Diable<\/strong><\/span><\/p>\n<p>A l&#8217;entr\u00e9e des gorges de l&#8217;H\u00e9rault, au lieu dit &#8220;gouffre noir&#8221;, le vieux pont roman, accroch\u00e9 aux berges abruptes, enjambe le fleuve en son point le plus resserr\u00e9. Long de 50 m, il comprend deux arches principales en plein cintre et deux ouvertures secondaires, les ou\u00efes, destin\u00e9es \u00e0 faciliter l&#8217;\u00e9coulement des eaux en p\u00e9riode de crue.<\/p>\n<p>Il fut construit entre 1028 et 1031, par les deux proches abbayes d&#8217;Aniane et de Gellone,\u00a0 qui contr\u00f4laient jalousement les deux rives du fleuve.<\/p>\n<p>Consid\u00e9r\u00e9 comme l&#8217;un des plus vieux ponts m\u00e9di\u00e9vaux fran\u00e7ais, il a \u00e9t\u00e9 class\u00e9 au patrimoine mondial de l&#8217;humanit\u00e9 par l&#8217;UNESCO au titre du chemin de Saint Jacques de Compostelle en France depuis 1998.<\/p>\n<p>Aujourd&#8217;hui c&#8217;est un lieu id\u00e9al pour se retrouver en famille ou entre amis, et durant les beaux jours, vous pourrez vous baigner \u00e0 la plage surveill\u00e9e du pont du Diable ou parcourir les gorges de l\u2019H\u00e9rault en cano\u00eb.<\/p>\n<p>[\/et_pb_text][\/et_pb_column][\/et_pb_row][et_pb_row column_structure=&#8221;1_2,1_2&#8243; _builder_version=&#8221;4.1&#8243;][et_pb_column type=&#8221;1_2&#8243; _builder_version=&#8221;4.1&#8243;][et_pb_image src=&#8221;https:\/\/aigueliere.fr\/wp-content\/uploads\/2020\/07\/prieure-st-michel-de-grandmont.jpg&#8221; _builder_version=&#8221;4.1&#8243;][\/et_pb_image][et_pb_text _builder_version=&#8221;4.1&#8243;]<\/p>\n<p class=\"desc\"><strong>Le Prieur\u00e9 de Grandmont<\/strong> vous transporte dans l&#8217;histoire !<br \/> Traversez le temps depuis le N\u00e9olithique jusqu&#8217;au 19\u00e8me si\u00e8cle, en passant par l&#8217;Antiquit\u00e9 et le Moyen \u00e2ge.<br \/> D\u00e9couvrez un monast\u00e8re du 12\u00e8me si\u00e8cle, unique vestige conserv\u00e9 dans son int\u00e9gralit\u00e9 de l&#8217;ordre oubli\u00e9 de Grandmont et promenez vous dans l&#8217;histoire le temps d&#8217;une superbe visite pour toute la famille!<\/p>\n<p>Adresse<\/p>\n<div class=\"bloc_contact\" wfd-id=\"251\">\n<div class=\"infos\" wfd-id=\"252\">\n<p>PRIEURE SAINT MICHEL DE GRANDMONT<br \/> Domaine de Grandmont<br \/> RD 153<br \/> 34700 SOUMONT<\/p>\n<h5 class=\"none\"><span wfd-id=\"253\">Contact<\/span><\/h5>\n<p>T\u00e9l : +33 4 67 44 09 31 Email :\u00a0contact@prieure-grandmont.fr<br \/> Site Internet :\u00a0<a href=\"http:\/\/www.prieure-grandmont.fr\/\" target=\"_blank\" rel=\"noopener noreferrer\">http:\/\/www.prieure-grandmont.fr\/<\/a><\/p>\n<\/div>\n<\/div>\n<p>[\/et_pb_text][\/et_pb_column][et_pb_column type=&#8221;1_2&#8243; _builder_version=&#8221;4.1&#8243;][et_pb_image src=&#8221;https:\/\/aigueliere.fr\/wp-content\/uploads\/2020\/07\/abbaye-aniane.jpg&#8221; _builder_version=&#8221;4.1&#8243; min_height=&#8221;310px&#8221;][\/et_pb_image][et_pb_text _builder_version=&#8221;4.1&#8243;]<\/p>\n<h2><span style=\"font-size: small;\"><strong>ANCIENNE ABBAYE D&#8217;ANIANE<\/strong><\/span><\/h2>\n<p>50 Boulevard Felix Giraud<br \/>34150 ANIANE<\/p>\n<h5 class=\"none\"><span wfd-id=\"27661\">Contact<\/span><\/h5>\n<p>T\u00e9l : +33 4 67 57 58 83 Email :\u00a0oti@saintguilhem-valleeherault.fr<br \/>Site Internet :\u00a0<a href=\"https:\/\/www.saintguilhem-valleeherault.fr\/\" target=\"_blank\" rel=\"noopener noreferrer\">https:\/\/www.saintguilhem-valleeherault.fr\/<\/a><\/p>\n<p>[\/et_pb_text][\/et_pb_column][\/et_pb_row][\/et_pb_section]<\/p>\n","protected":false},"excerpt":{"rendered":"<p>Saint-Guilhem-le-D\u00e9sert \u00c9tape spirituelle sur le\u00a0Chemin de Saint-Jacques de Compostelle, est une petite cit\u00e9 m\u00e9di\u00e9vale faisant partie des\u00a0Plus beaux villages de France\u00a0qui vous offre une\u00a0parenth\u00e8se in\u00e9dite\u2026Vous avez toutes les raisons de venir d\u00e9couvrir Saint-Guilhem\u00a0!A votre arriv\u00e9e dans le village, partez \u00e0 la d\u00e9couverte des\u00a0richesses m\u00e9di\u00e9vales\u00a0du village\u2026 \u00b7\u00a0\u00a0\u00a0\u00a0\u00a0\u00a0\u00a0\u00a0 L\u2019Abbaye de Gellone,\u00a0joyau de l&#8217;art roman languedocien, class\u00e9e\u00a0au\u00a0Patrimoine Mondial [&hellip;]<\/p>\n","protected":false},"author":1,"featured_media":0,"parent":515,"menu_order":0,"comment_status":"closed","ping_status":"closed","template":"","meta":{"_et_pb_use_builder":"on","_et_pb_old_content":"","_et_gb_content_width":"","footnotes":""},"class_list":["post-539","page","type-page","status-publish","hentry"],"yoast_head":"<!-- This site is optimized with the Yoast SEO plugin v26.9 - https:\/\/yoast.com\/product\/yoast-seo-wordpress\/ -->\n<title>les Sites touristiques - Domaine L&#039;Aigueli\u00e8re<\/title>\n<meta name=\"robots\" content=\"index, follow, max-snippet:-1, max-image-preview:large, max-video-preview:-1\" \/>\n<link rel=\"canonical\" href=\"https:\/\/aigueliere.fr\/index.php\/votre-visite\/les-sites-touristiques\/\" \/>\n<meta property=\"og:locale\" content=\"fr_FR\" \/>\n<meta property=\"og:type\" content=\"article\" \/>\n<meta property=\"og:title\" content=\"les Sites touristiques - Domaine L&#039;Aigueli\u00e8re\" \/>\n<meta property=\"og:description\" content=\"Saint-Guilhem-le-D\u00e9sert \u00c9tape spirituelle sur le\u00a0Chemin de Saint-Jacques de Compostelle, est une petite cit\u00e9 m\u00e9di\u00e9vale faisant partie des\u00a0Plus beaux villages de France\u00a0qui vous offre une\u00a0parenth\u00e8se in\u00e9dite\u2026Vous avez toutes les raisons de venir d\u00e9couvrir Saint-Guilhem\u00a0!A votre arriv\u00e9e dans le village, partez \u00e0 la d\u00e9couverte des\u00a0richesses m\u00e9di\u00e9vales\u00a0du village\u2026 \u00b7\u00a0\u00a0\u00a0\u00a0\u00a0\u00a0\u00a0\u00a0 L\u2019Abbaye de Gellone,\u00a0joyau de l&#039;art roman languedocien, class\u00e9e\u00a0au\u00a0Patrimoine Mondial [&hellip;]\" \/>\n<meta property=\"og:url\" content=\"https:\/\/aigueliere.fr\/index.php\/votre-visite\/les-sites-touristiques\/\" \/>\n<meta property=\"og:site_name\" content=\"Domaine L&#039;Aigueli\u00e8re\" \/>\n<meta property=\"article:modified_time\" content=\"2020-07-12T13:42:03+00:00\" \/>\n<meta name=\"twitter:card\" content=\"summary_large_image\" \/>\n<meta name=\"twitter:label1\" content=\"Dur\u00e9e de lecture estim\u00e9e\" \/>\n\t<meta name=\"twitter:data1\" content=\"5 minutes\" \/>\n<script type=\"application\/ld+json\" class=\"yoast-schema-graph\">{\"@context\":\"https:\/\/schema.org\",\"@graph\":[{\"@type\":\"WebPage\",\"@id\":\"https:\/\/aigueliere.fr\/index.php\/votre-visite\/les-sites-touristiques\/\",\"url\":\"https:\/\/aigueliere.fr\/index.php\/votre-visite\/les-sites-touristiques\/\",\"name\":\"les Sites touristiques - Domaine L&#039;Aigueli\u00e8re\",\"isPartOf\":{\"@id\":\"https:\/\/aigueliere.fr\/#website\"},\"datePublished\":\"2020-07-12T13:33:43+00:00\",\"dateModified\":\"2020-07-12T13:42:03+00:00\",\"breadcrumb\":{\"@id\":\"https:\/\/aigueliere.fr\/index.php\/votre-visite\/les-sites-touristiques\/#breadcrumb\"},\"inLanguage\":\"fr-FR\",\"potentialAction\":[{\"@type\":\"ReadAction\",\"target\":[\"https:\/\/aigueliere.fr\/index.php\/votre-visite\/les-sites-touristiques\/\"]}]},{\"@type\":\"BreadcrumbList\",\"@id\":\"https:\/\/aigueliere.fr\/index.php\/votre-visite\/les-sites-touristiques\/#breadcrumb\",\"itemListElement\":[{\"@type\":\"ListItem\",\"position\":1,\"name\":\"Accueil\",\"item\":\"https:\/\/aigueliere.fr\/\"},{\"@type\":\"ListItem\",\"position\":2,\"name\":\"votre Visite\",\"item\":\"https:\/\/aigueliere.fr\/index.php\/votre-visite\/\"},{\"@type\":\"ListItem\",\"position\":3,\"name\":\"les Sites touristiques\"}]},{\"@type\":\"WebSite\",\"@id\":\"https:\/\/aigueliere.fr\/#website\",\"url\":\"https:\/\/aigueliere.fr\/\",\"name\":\"Domaine L&#039;Aigueli\u00e8re\",\"description\":\"Un vigneron \u00e0 votre \u00e9coute\",\"potentialAction\":[{\"@type\":\"SearchAction\",\"target\":{\"@type\":\"EntryPoint\",\"urlTemplate\":\"https:\/\/aigueliere.fr\/?s={search_term_string}\"},\"query-input\":{\"@type\":\"PropertyValueSpecification\",\"valueRequired\":true,\"valueName\":\"search_term_string\"}}],\"inLanguage\":\"fr-FR\"}]}<\/script>\n<!-- \/ Yoast SEO plugin. -->","yoast_head_json":{"title":"les Sites touristiques - Domaine L&#039;Aigueli\u00e8re","robots":{"index":"index","follow":"follow","max-snippet":"max-snippet:-1","max-image-preview":"max-image-preview:large","max-video-preview":"max-video-preview:-1"},"canonical":"https:\/\/aigueliere.fr\/index.php\/votre-visite\/les-sites-touristiques\/","og_locale":"fr_FR","og_type":"article","og_title":"les Sites touristiques - Domaine L&#039;Aigueli\u00e8re","og_description":"Saint-Guilhem-le-D\u00e9sert \u00c9tape spirituelle sur le\u00a0Chemin de Saint-Jacques de Compostelle, est une petite cit\u00e9 m\u00e9di\u00e9vale faisant partie des\u00a0Plus beaux villages de France\u00a0qui vous offre une\u00a0parenth\u00e8se in\u00e9dite\u2026Vous avez toutes les raisons de venir d\u00e9couvrir Saint-Guilhem\u00a0!A votre arriv\u00e9e dans le village, partez \u00e0 la d\u00e9couverte des\u00a0richesses m\u00e9di\u00e9vales\u00a0du village\u2026 \u00b7\u00a0\u00a0\u00a0\u00a0\u00a0\u00a0\u00a0\u00a0 L\u2019Abbaye de Gellone,\u00a0joyau de l'art roman languedocien, class\u00e9e\u00a0au\u00a0Patrimoine Mondial [&hellip;]","og_url":"https:\/\/aigueliere.fr\/index.php\/votre-visite\/les-sites-touristiques\/","og_site_name":"Domaine L&#039;Aigueli\u00e8re","article_modified_time":"2020-07-12T13:42:03+00:00","twitter_card":"summary_large_image","twitter_misc":{"Dur\u00e9e de lecture estim\u00e9e":"5 minutes"},"schema":{"@context":"https:\/\/schema.org","@graph":[{"@type":"WebPage","@id":"https:\/\/aigueliere.fr\/index.php\/votre-visite\/les-sites-touristiques\/","url":"https:\/\/aigueliere.fr\/index.php\/votre-visite\/les-sites-touristiques\/","name":"les Sites touristiques - Domaine L&#039;Aigueli\u00e8re","isPartOf":{"@id":"https:\/\/aigueliere.fr\/#website"},"datePublished":"2020-07-12T13:33:43+00:00","dateModified":"2020-07-12T13:42:03+00:00","breadcrumb":{"@id":"https:\/\/aigueliere.fr\/index.php\/votre-visite\/les-sites-touristiques\/#breadcrumb"},"inLanguage":"fr-FR","potentialAction":[{"@type":"ReadAction","target":["https:\/\/aigueliere.fr\/index.php\/votre-visite\/les-sites-touristiques\/"]}]},{"@type":"BreadcrumbList","@id":"https:\/\/aigueliere.fr\/index.php\/votre-visite\/les-sites-touristiques\/#breadcrumb","itemListElement":[{"@type":"ListItem","position":1,"name":"Accueil","item":"https:\/\/aigueliere.fr\/"},{"@type":"ListItem","position":2,"name":"votre Visite","item":"https:\/\/aigueliere.fr\/index.php\/votre-visite\/"},{"@type":"ListItem","position":3,"name":"les Sites touristiques"}]},{"@type":"WebSite","@id":"https:\/\/aigueliere.fr\/#website","url":"https:\/\/aigueliere.fr\/","name":"Domaine L&#039;Aigueli\u00e8re","description":"Un vigneron \u00e0 votre \u00e9coute","potentialAction":[{"@type":"SearchAction","target":{"@type":"EntryPoint","urlTemplate":"https:\/\/aigueliere.fr\/?s={search_term_string}"},"query-input":{"@type":"PropertyValueSpecification","valueRequired":true,"valueName":"search_term_string"}}],"inLanguage":"fr-FR"}]}},"_links":{"self":[{"href":"https:\/\/aigueliere.fr\/index.php\/wp-json\/wp\/v2\/pages\/539","targetHints":{"allow":["GET"]}}],"collection":[{"href":"https:\/\/aigueliere.fr\/index.php\/wp-json\/wp\/v2\/pages"}],"about":[{"href":"https:\/\/aigueliere.fr\/index.php\/wp-json\/wp\/v2\/types\/page"}],"author":[{"embeddable":true,"href":"https:\/\/aigueliere.fr\/index.php\/wp-json\/wp\/v2\/users\/1"}],"replies":[{"embeddable":true,"href":"https:\/\/aigueliere.fr\/index.php\/wp-json\/wp\/v2\/comments?post=539"}],"version-history":[{"count":3,"href":"https:\/\/aigueliere.fr\/index.php\/wp-json\/wp\/v2\/pages\/539\/revisions"}],"predecessor-version":[{"id":544,"href":"https:\/\/aigueliere.fr\/index.php\/wp-json\/wp\/v2\/pages\/539\/revisions\/544"}],"up":[{"embeddable":true,"href":"https:\/\/aigueliere.fr\/index.php\/wp-json\/wp\/v2\/pages\/515"}],"wp:attachment":[{"href":"https:\/\/aigueliere.fr\/index.php\/wp-json\/wp\/v2\/media?parent=539"}],"curies":[{"name":"wp","href":"https:\/\/api.w.org\/{rel}","templated":true}]}}