{"id":545,"date":"2020-07-12T15:41:03","date_gmt":"2020-07-12T13:41:03","guid":{"rendered":"https:\/\/aigueliere.fr\/?page_id=545"},"modified":"2020-07-12T15:41:53","modified_gmt":"2020-07-12T13:41:53","slug":"les-restaurants","status":"publish","type":"page","link":"https:\/\/aigueliere.fr\/index.php\/votre-visite\/les-restaurants\/","title":{"rendered":"les Restaurants"},"content":{"rendered":"<p>[et_pb_section fb_built=&#8221;1&#8243; _builder_version=&#8221;4.0.9&#8243; custom_padding=&#8221;23px|||||&#8221;][et_pb_row column_structure=&#8221;1_2,1_2&#8243; _builder_version=&#8221;4.0.9&#8243; custom_padding=&#8221;12px|||||&#8221; border_width_bottom=&#8221;3px&#8221; border_color_bottom=&#8221;#777777&#8243;][et_pb_column type=&#8221;1_2&#8243; _builder_version=&#8221;4.0.9&#8243;][et_pb_image src=&#8221;https:\/\/aigueliere.fr\/wp-content\/uploads\/2020\/07\/Terrasse-mimosa.jpg&#8221; _builder_version=&#8221;4.0.9&#8243;][\/et_pb_image][et_pb_text _builder_version=&#8221;4.0.9&#8243;]<\/p>\n<p class=\"desc\"><strong>LA TERRASSE DU MIMOSA<\/strong><\/p>\n<p class=\"desc\"><span wfd-id=\"2870\">Sur la place du village de Montpeyroux, entre les halles ouvertes et la fontaine rafra\u00eechissante, s\u2019\u00e9talent \u00e7a et l\u00e0 tables et chaises en bois, bancs et tonneaux qui donnent le ton\u00a0: accueil d\u00e9contract\u00e9 et chaleureux. Vin au verre \u00e0 la main, une bouteille dans un seau \u00e0 glace, assis ou debout, l\u2019ap\u00e9ritif commence \u00e0 deux, puis \u00e0 trois, puis davantage, les gens d\u2019ici passent, s\u2019arr\u00eatent, bavardent et repartent.<br \/> <\/span><span style=\"font-size: 14px;\">Fermeture hebdomadaire : les soirs de dimanche, lundi, mardi<\/span><\/p>\n<p class=\"desc\">et mercredi toute la journ\u00e9e<\/p>\n<div class=\"bloc_contact\" wfd-id=\"2868\">\n<div class=\"infos\" wfd-id=\"2869\">Adresse<br \/> 23 place de l&#8217;horloge<br \/> 34150 MONTPEYROUX Contact<br \/> T\u00e9l : +33 4 67 44 49 80<br \/> Email : contact@terrassedumimosa.fr<br \/> Site Internet : <a href=\"http:\/\/www.terrassedumimosa.fr\/\" target=\"_blank\" rel=\"noopener noreferrer\">http:\/\/www.terrassedumimosa.fr\/<\/a><\/div>\n<\/div>\n<p>[\/et_pb_text][\/et_pb_column][et_pb_column type=&#8221;1_2&#8243; _builder_version=&#8221;4.0.9&#8243;][et_pb_image src=&#8221;https:\/\/aigueliere.fr\/wp-content\/uploads\/2020\/07\/la-pourpre-et-les-oliviers.jpg&#8221; _builder_version=&#8221;4.0.9&#8243;][\/et_pb_image][et_pb_text _builder_version=&#8221;4.0.9&#8243;]<\/p>\n<p class=\"desc\"><strong>LA POURPRE ET LES OLIVIERS<\/strong><\/p>\n<p class=\"desc\">A deux pas des gorges de l&#8217;H\u00e9rault, de la grotte de Clamouse, du pont du Diable et de St Guilhem le D\u00e9sert.<br \/> Le chef Calixte Rasse a su imposer, dans un cadre convivial, sa cuisine originale et d\u00e9licate mettant les produits du Languedoc-Roussillon en avant, en travaillant avec des producteurs locaux et en proposant un large choix de vins r\u00e9gionaux et essentiellement des caves particuli\u00e8res. Disciple d\u2019Escoffier.<\/p>\n<div class=\"bloc_contact\" wfd-id=\"396\">\n<div class=\"infos\" wfd-id=\"397\"><span wfd-id=\"399\">Adresse<\/span><\/p>\n<p>135 route d&#8217;Aniane<br \/> 34150 SAINT-JEAN-DE-FOS<\/p>\n<p><span wfd-id=\"398\">Contact<\/span><\/p>\n<p>T\u00e9l : +33 4 67 57 27 50<br \/> Fax : +33 4 67 57 27 50<br \/> Email :\u00a0restaurantlapourpreetlesoliviers@wanadoo.fr<br \/> Site Internet :\u00a0<a href=\"http:\/\/www.lapourpreetlesoliviers.fr\/\" target=\"_blank\" rel=\"noopener noreferrer\">http:\/\/www.lapourpreetlesoliviers.fr\/<\/a><\/p>\n<\/div>\n<\/div>\n<p>[\/et_pb_text][\/et_pb_column][\/et_pb_row][et_pb_row column_structure=&#8221;1_2,1_2&#8243; _builder_version=&#8221;4.0.9&#8243; custom_padding=&#8221;12px|||||&#8221; border_width_bottom=&#8221;3px&#8221; border_color_bottom=&#8221;#777777&#8243;][et_pb_column type=&#8221;1_2&#8243; _builder_version=&#8221;4.0.9&#8243;][et_pb_image src=&#8221;https:\/\/aigueliere.fr\/wp-content\/uploads\/2020\/07\/brasserie-du-terroir.jpg&#8221; _builder_version=&#8221;4.0.9&#8243; transform_scale=&#8221;122%|100%&#8221; transform_scale_linked=&#8221;off&#8221; custom_margin=&#8221;|||44px|false|false&#8221;][\/et_pb_image][et_pb_text _builder_version=&#8221;4.0.9&#8243;]<\/p>\n<p class=\"desc\"><strong>BRASSERIE DU TERROIR<\/strong><\/p>\n<p class=\"desc\">Situ\u00e9e dans la maison du Grand Site, \u00e0 500 m du pont du Diable, la brasserie vous propose des salades vari\u00e9es, un choix de burgers, mais aussi un plat du jour, des glaces et des boissons \u00e0 consommer sur place ou \u00e0 emporter.<\/p>\n<div class=\"bloc_contact\" wfd-id=\"222\">\n<div class=\"infos\" wfd-id=\"223\">\n<h5 class=\"none\"><span wfd-id=\"225\">Adresse<\/span><\/h5>\n<p>Maison du Grand Site<br \/> Pont du diable<br \/> Lieu dit les paledasses<br \/> 34150 ANIANE<\/p>\n<h5 class=\"none\"><span wfd-id=\"224\">Contact<\/span><\/h5>\n<p>T\u00e9l : +33 4 34 35 38 47<br \/> Email :\u00a0brasserieduterroir@gmail.com<br \/> Site Internet :\u00a0<a href=\"http:\/\/www.brasserieduterroir.fr\/\" target=\"_blank\" rel=\"noopener noreferrer\">http:\/\/www.brasserieduterroir.fr\/<\/a><\/p>\n<\/div>\n<\/div>\n<p>[\/et_pb_text][\/et_pb_column][et_pb_column type=&#8221;1_2&#8243; _builder_version=&#8221;4.0.9&#8243;][et_pb_image src=&#8221;https:\/\/aigueliere.fr\/wp-content\/uploads\/2020\/07\/houstal-fonzes.jpg&#8221; _builder_version=&#8221;4.0.9&#8243;][\/et_pb_image][et_pb_text _builder_version=&#8221;4.1&#8243;]<\/p>\n<p class=\"desc\"><strong>L&#8217;OUSTAL FONZES<\/strong><\/p>\n<p class=\"desc\">Restaurant traditionnel, terrasse surplombant les gorges de l&#8217;H\u00e9rault. Sp\u00e9cialit\u00e9s : \u00e9crevisses et truites. Salle spacieuse, accueil de groupes.<\/p>\n<div class=\"bloc_contact\" wfd-id=\"222\">\n<div class=\"infos\" wfd-id=\"223\">\n<h5 class=\"none\"><span wfd-id=\"225\">Adresse<\/span><\/h5>\n<p>1, Avenue de Saint Beno\u00eet d&#8217;Aniane<br \/> 34150 SAINT-GUILHEM-LE-DESERT<\/p>\n<h5 class=\"none\"><span wfd-id=\"224\">Contact<\/span><\/h5>\n<p>T\u00e9l : +33 4 67 57 39 85<br \/> T\u00e9l : +33 6 79 82 38 96<br \/> Email :\u00a0restofonzes@hotmail.fr<br \/> Site Internet :\u00a0<a href=\"https:\/\/www.facebook.com\/Loustal-Fonzes-1429393087382117\/\" target=\"_blank\" rel=\"noopener noreferrer\">https:\/\/www.facebook.com\/Loustal-Fonzes-1429393087382117\/<\/a><\/p>\n<\/div>\n<\/div>\n<p>[\/et_pb_text][\/et_pb_column][\/et_pb_row][et_pb_row column_structure=&#8221;1_2,1_2&#8243; _builder_version=&#8221;4.1&#8243;][et_pb_column type=&#8221;1_2&#8243; _builder_version=&#8221;4.0.9&#8243;][et_pb_image src=&#8221;https:\/\/aigueliere.fr\/wp-content\/uploads\/2020\/07\/ane-gourmand.jpg&#8221; _builder_version=&#8221;4.0.9&#8243;][\/et_pb_image][et_pb_text _builder_version=&#8221;4.0.9&#8243;]<\/p>\n<p class=\"desc\"><strong>L&#8217;ANE GOURMAND<\/strong><\/p>\n<p class=\"desc\">Brasserie traditionnelle qui propose une cuisine aux saveurs m\u00e9diterran\u00e9ennes. Carte volontairement r\u00e9duite laissant place \u00e0 des produits frais.<br \/> Accueil chaleureux dans un cadre convivial de style ferme occitane avec vue sur la tour de Gignac datant du 9\u00e8me si\u00e8cle.<br \/> Sp\u00e9cialit\u00e9s : rouille de seiche \u00e0 la s\u00e9toise, couscous royal, t\u00eate de veau, pa\u00eblla royale, gardiane de taureau, encornets farcis.<br \/> Point internet, \u00e9cran TV, climatisation.<\/p>\n<div class=\"bloc_contact\" wfd-id=\"16718\">\n<div class=\"infos\" wfd-id=\"16719\"><span wfd-id=\"16721\">Adresse<br \/><\/span>ZAE LA CROIX<br \/> Galerie Intermarch\u00e9<br \/> 34150 GIGNAC <span wfd-id=\"16720\">Contact<br \/> <\/span>T\u00e9l : +33 4 67 57 93 97<br \/> Email :\u00a0plateens-corp@live.fr<br \/> Site Internet :\u00a0<a href=\"https:\/\/fr-fr.facebook.com\/charles.crepinmallet\" target=\"_blank\" rel=\"noopener noreferrer\">https:\/\/fr-fr.facebook.com\/charles.crepinmallet<\/a><\/div>\n<\/div>\n<p>[\/et_pb_text][\/et_pb_column][et_pb_column type=&#8221;1_2&#8243; _builder_version=&#8221;4.0.9&#8243;][et_pb_image src=&#8221;https:\/\/aigueliere.fr\/wp-content\/uploads\/2020\/07\/oleiade.jpg&#8221; _builder_version=&#8221;4.1&#8243;][\/et_pb_image][et_pb_text _builder_version=&#8221;4.1&#8243;]<\/p>\n<p><strong>L&#8217;OLEIADE<\/strong><\/p>\n<p><span>Un peu \u00e0 l&#8217;\u00e9cart des autres restaurants du centre de Gignac, ce restaurant joue \u00e0 fond la carte de la cuisine m\u00e9diterran\u00e9enne aux senteurs d&#8221;huile d&#8217;olive et aux saveurs du Midi.\u00a0L&#8217;accueil est chaleureux comme il se doit dans tout \u00e9tablissement portant les couleurs de la M\u00e9diterran\u00e9e. Dans la salle vo\u00fbt\u00e9e ou sur la terrasse install\u00e9e dans une petite rue calme \u00e0 l&#8217;ombre des veilles maisons du centre-ville, avec un agr\u00e9able parking ombrag\u00e9 tout \u00e0 c\u00f4t\u00e9, les gourmands d\u00e9gustent croustillants d&#8217;aubergine, dorades \u00e0 la fondue de mangue parfum\u00e9es \u00e0 la cardamome, fricass\u00e9e d&#8217; agneau aux olives avec son tatin d&#8217;aubergines et son pesto et aussi du couscous. Et un soin tout particulier est apport\u00e9 aux plats du menu enfant.<\/span><\/p>\n<p><span>Adresse :<br \/>3, rue Georges Cl\u00e9menceau<br \/>34150 GIGNAC<\/span><\/p>\n<p><span>Contact :\u00a004 67 57 51 40\u00a0 \/\u00a0 06 19 42 19 87<br \/>Facebook :\u00a0<a href=\"https:\/\/fr-fr.facebook.com\/oleiade\" target=\"_blank\" rel=\"noopener noreferrer\">https:\/\/fr-fr.facebook.com\/oleiade<\/a><\/span><\/p>\n<p>[\/et_pb_text][\/et_pb_column][\/et_pb_row][\/et_pb_section]<\/p>\n","protected":false},"excerpt":{"rendered":"<p>LA TERRASSE DU MIMOSA Sur la place du village de Montpeyroux, entre les halles ouvertes et la fontaine rafra\u00eechissante, s\u2019\u00e9talent \u00e7a et l\u00e0 tables et chaises en bois, bancs et tonneaux qui donnent le ton\u00a0: accueil d\u00e9contract\u00e9 et chaleureux. Vin au verre \u00e0 la main, une bouteille dans un seau \u00e0 glace, assis ou debout, [&hellip;]<\/p>\n","protected":false},"author":1,"featured_media":0,"parent":515,"menu_order":0,"comment_status":"closed","ping_status":"closed","template":"","meta":{"_et_pb_use_builder":"on","_et_pb_old_content":"","_et_gb_content_width":"","footnotes":""},"class_list":["post-545","page","type-page","status-publish","hentry"],"yoast_head":"<!-- This site is optimized with the Yoast SEO plugin v26.9 - https:\/\/yoast.com\/product\/yoast-seo-wordpress\/ -->\n<title>les Restaurants - Domaine L&#039;Aigueli\u00e8re<\/title>\n<meta name=\"robots\" content=\"index, follow, max-snippet:-1, max-image-preview:large, max-video-preview:-1\" \/>\n<link rel=\"canonical\" href=\"https:\/\/aigueliere.fr\/index.php\/votre-visite\/les-restaurants\/\" \/>\n<meta property=\"og:locale\" content=\"fr_FR\" \/>\n<meta property=\"og:type\" content=\"article\" \/>\n<meta property=\"og:title\" content=\"les Restaurants - Domaine L&#039;Aigueli\u00e8re\" \/>\n<meta property=\"og:description\" content=\"LA TERRASSE DU MIMOSA Sur la place du village de Montpeyroux, entre les halles ouvertes et la fontaine rafra\u00eechissante, s\u2019\u00e9talent \u00e7a et l\u00e0 tables et chaises en bois, bancs et tonneaux qui donnent le ton\u00a0: accueil d\u00e9contract\u00e9 et chaleureux. Vin au verre \u00e0 la main, une bouteille dans un seau \u00e0 glace, assis ou debout, [&hellip;]\" \/>\n<meta property=\"og:url\" content=\"https:\/\/aigueliere.fr\/index.php\/votre-visite\/les-restaurants\/\" \/>\n<meta property=\"og:site_name\" content=\"Domaine L&#039;Aigueli\u00e8re\" \/>\n<meta property=\"article:modified_time\" content=\"2020-07-12T13:41:53+00:00\" \/>\n<meta name=\"twitter:card\" content=\"summary_large_image\" \/>\n<meta name=\"twitter:label1\" content=\"Dur\u00e9e de lecture estim\u00e9e\" \/>\n\t<meta name=\"twitter:data1\" content=\"4 minutes\" \/>\n<script type=\"application\/ld+json\" class=\"yoast-schema-graph\">{\"@context\":\"https:\/\/schema.org\",\"@graph\":[{\"@type\":\"WebPage\",\"@id\":\"https:\/\/aigueliere.fr\/index.php\/votre-visite\/les-restaurants\/\",\"url\":\"https:\/\/aigueliere.fr\/index.php\/votre-visite\/les-restaurants\/\",\"name\":\"les Restaurants - Domaine L&#039;Aigueli\u00e8re\",\"isPartOf\":{\"@id\":\"https:\/\/aigueliere.fr\/#website\"},\"datePublished\":\"2020-07-12T13:41:03+00:00\",\"dateModified\":\"2020-07-12T13:41:53+00:00\",\"breadcrumb\":{\"@id\":\"https:\/\/aigueliere.fr\/index.php\/votre-visite\/les-restaurants\/#breadcrumb\"},\"inLanguage\":\"fr-FR\",\"potentialAction\":[{\"@type\":\"ReadAction\",\"target\":[\"https:\/\/aigueliere.fr\/index.php\/votre-visite\/les-restaurants\/\"]}]},{\"@type\":\"BreadcrumbList\",\"@id\":\"https:\/\/aigueliere.fr\/index.php\/votre-visite\/les-restaurants\/#breadcrumb\",\"itemListElement\":[{\"@type\":\"ListItem\",\"position\":1,\"name\":\"Accueil\",\"item\":\"https:\/\/aigueliere.fr\/\"},{\"@type\":\"ListItem\",\"position\":2,\"name\":\"votre Visite\",\"item\":\"https:\/\/aigueliere.fr\/index.php\/votre-visite\/\"},{\"@type\":\"ListItem\",\"position\":3,\"name\":\"les Restaurants\"}]},{\"@type\":\"WebSite\",\"@id\":\"https:\/\/aigueliere.fr\/#website\",\"url\":\"https:\/\/aigueliere.fr\/\",\"name\":\"Domaine L&#039;Aigueli\u00e8re\",\"description\":\"Un vigneron \u00e0 votre \u00e9coute\",\"potentialAction\":[{\"@type\":\"SearchAction\",\"target\":{\"@type\":\"EntryPoint\",\"urlTemplate\":\"https:\/\/aigueliere.fr\/?s={search_term_string}\"},\"query-input\":{\"@type\":\"PropertyValueSpecification\",\"valueRequired\":true,\"valueName\":\"search_term_string\"}}],\"inLanguage\":\"fr-FR\"}]}<\/script>\n<!-- \/ Yoast SEO plugin. -->","yoast_head_json":{"title":"les Restaurants - Domaine L&#039;Aigueli\u00e8re","robots":{"index":"index","follow":"follow","max-snippet":"max-snippet:-1","max-image-preview":"max-image-preview:large","max-video-preview":"max-video-preview:-1"},"canonical":"https:\/\/aigueliere.fr\/index.php\/votre-visite\/les-restaurants\/","og_locale":"fr_FR","og_type":"article","og_title":"les Restaurants - Domaine L&#039;Aigueli\u00e8re","og_description":"LA TERRASSE DU MIMOSA Sur la place du village de Montpeyroux, entre les halles ouvertes et la fontaine rafra\u00eechissante, s\u2019\u00e9talent \u00e7a et l\u00e0 tables et chaises en bois, bancs et tonneaux qui donnent le ton\u00a0: accueil d\u00e9contract\u00e9 et chaleureux. Vin au verre \u00e0 la main, une bouteille dans un seau \u00e0 glace, assis ou debout, [&hellip;]","og_url":"https:\/\/aigueliere.fr\/index.php\/votre-visite\/les-restaurants\/","og_site_name":"Domaine L&#039;Aigueli\u00e8re","article_modified_time":"2020-07-12T13:41:53+00:00","twitter_card":"summary_large_image","twitter_misc":{"Dur\u00e9e de lecture estim\u00e9e":"4 minutes"},"schema":{"@context":"https:\/\/schema.org","@graph":[{"@type":"WebPage","@id":"https:\/\/aigueliere.fr\/index.php\/votre-visite\/les-restaurants\/","url":"https:\/\/aigueliere.fr\/index.php\/votre-visite\/les-restaurants\/","name":"les Restaurants - Domaine L&#039;Aigueli\u00e8re","isPartOf":{"@id":"https:\/\/aigueliere.fr\/#website"},"datePublished":"2020-07-12T13:41:03+00:00","dateModified":"2020-07-12T13:41:53+00:00","breadcrumb":{"@id":"https:\/\/aigueliere.fr\/index.php\/votre-visite\/les-restaurants\/#breadcrumb"},"inLanguage":"fr-FR","potentialAction":[{"@type":"ReadAction","target":["https:\/\/aigueliere.fr\/index.php\/votre-visite\/les-restaurants\/"]}]},{"@type":"BreadcrumbList","@id":"https:\/\/aigueliere.fr\/index.php\/votre-visite\/les-restaurants\/#breadcrumb","itemListElement":[{"@type":"ListItem","position":1,"name":"Accueil","item":"https:\/\/aigueliere.fr\/"},{"@type":"ListItem","position":2,"name":"votre Visite","item":"https:\/\/aigueliere.fr\/index.php\/votre-visite\/"},{"@type":"ListItem","position":3,"name":"les Restaurants"}]},{"@type":"WebSite","@id":"https:\/\/aigueliere.fr\/#website","url":"https:\/\/aigueliere.fr\/","name":"Domaine L&#039;Aigueli\u00e8re","description":"Un vigneron \u00e0 votre \u00e9coute","potentialAction":[{"@type":"SearchAction","target":{"@type":"EntryPoint","urlTemplate":"https:\/\/aigueliere.fr\/?s={search_term_string}"},"query-input":{"@type":"PropertyValueSpecification","valueRequired":true,"valueName":"search_term_string"}}],"inLanguage":"fr-FR"}]}},"_links":{"self":[{"href":"https:\/\/aigueliere.fr\/index.php\/wp-json\/wp\/v2\/pages\/545","targetHints":{"allow":["GET"]}}],"collection":[{"href":"https:\/\/aigueliere.fr\/index.php\/wp-json\/wp\/v2\/pages"}],"about":[{"href":"https:\/\/aigueliere.fr\/index.php\/wp-json\/wp\/v2\/types\/page"}],"author":[{"embeddable":true,"href":"https:\/\/aigueliere.fr\/index.php\/wp-json\/wp\/v2\/users\/1"}],"replies":[{"embeddable":true,"href":"https:\/\/aigueliere.fr\/index.php\/wp-json\/wp\/v2\/comments?post=545"}],"version-history":[{"count":2,"href":"https:\/\/aigueliere.fr\/index.php\/wp-json\/wp\/v2\/pages\/545\/revisions"}],"predecessor-version":[{"id":553,"href":"https:\/\/aigueliere.fr\/index.php\/wp-json\/wp\/v2\/pages\/545\/revisions\/553"}],"up":[{"embeddable":true,"href":"https:\/\/aigueliere.fr\/index.php\/wp-json\/wp\/v2\/pages\/515"}],"wp:attachment":[{"href":"https:\/\/aigueliere.fr\/index.php\/wp-json\/wp\/v2\/media?parent=545"}],"curies":[{"name":"wp","href":"https:\/\/api.w.org\/{rel}","templated":true}]}}