{"id":558,"date":"2020-07-12T15:57:26","date_gmt":"2020-07-12T13:57:26","guid":{"rendered":"https:\/\/aigueliere.fr\/?page_id=558"},"modified":"2021-03-09T18:19:10","modified_gmt":"2021-03-09T17:19:10","slug":"nos-vins","status":"publish","type":"page","link":"https:\/\/aigueliere.fr\/index.php\/nos-vins\/","title":{"rendered":"nos Vins"},"content":{"rendered":"<p>[et_pb_section fb_built=&#8221;1&#8243; _builder_version=&#8221;4.0.9&#8243;][et_pb_row _builder_version=&#8221;4.0.9&#8243; custom_margin=&#8221;-24px|auto||auto||&#8221; custom_padding=&#8221;4px|||||&#8221; locked=&#8221;off&#8221;][et_pb_column type=&#8221;4_4&#8243; _builder_version=&#8221;4.0.9&#8243;][et_pb_text admin_label=&#8221;C\u0153ur de Gamme&#8221; _builder_version=&#8221;4.2.2&#8243; background_color=&#8221;#c2c2c2&#8243; min_height=&#8221;37px&#8221; custom_padding=&#8221;12px||12px||true|false&#8221;]<\/p>\n<h2><span style=\"color: #800000;\"><strong>\u00a0 COEUR de GAMME<\/strong><\/span><\/h2>\n<p>[\/et_pb_text][\/et_pb_column][\/et_pb_row][et_pb_row column_structure=&#8221;1_3,1_3,1_3&#8243; _builder_version=&#8221;4.0.9&#8243;][et_pb_column type=&#8221;1_3&#8243; _builder_version=&#8221;4.0.9&#8243;][et_pb_image src=&#8221;https:\/\/aigueliere.fr\/wp-content\/uploads\/Vignettes_RP_2020\/Sourire-2020.jpg&#8221; title_text=&#8221;Sourire-2020&#8243; url=&#8221;@ET-DC@eyJkeW5hbWljIjp0cnVlLCJjb250ZW50IjoicG9zdF9saW5rX3VybF9wcm9kdWN0Iiwic2V0dGluZ3MiOnsicG9zdF9pZCI6IjcyIn19@&#8221; _builder_version=&#8221;4.9.1&#8243; _dynamic_attributes=&#8221;url&#8221; hover_enabled=&#8221;0&#8243; sticky_enabled=&#8221;0&#8243; admin_label=&#8221;SDL 2020&#8243;][\/et_pb_image][\/et_pb_column][et_pb_column type=&#8221;1_3&#8243; _builder_version=&#8221;4.0.9&#8243;][et_pb_image src=&#8221;https:\/\/aigueliere.fr\/wp-content\/uploads\/Vignettes_RP_2020\/Sarments-2019-2020.jpg&#8221; title_text=&#8221;Sarments-2019-2020&#8243; url=&#8221;@ET-DC@eyJkeW5hbWljIjp0cnVlLCJjb250ZW50IjoicG9zdF9saW5rX3VybF9wcm9kdWN0Iiwic2V0dGluZ3MiOnsicG9zdF9pZCI6IjQ5In19@&#8221; _builder_version=&#8221;4.9.1&#8243; _dynamic_attributes=&#8221;url&#8221; hover_enabled=&#8221;0&#8243; box_shadow_style=&#8221;preset3&#8243; admin_label=&#8221;Sarments&#8221; sticky_enabled=&#8221;0&#8243;][\/et_pb_image][\/et_pb_column][et_pb_column type=&#8221;1_3&#8243; _builder_version=&#8221;4.0.9&#8243;][et_pb_image src=&#8221;https:\/\/aigueliere.fr\/wp-content\/uploads\/Vignettes_RP_2020\/Velours-2019.jpg&#8221; title_text=&#8221;Velours-2019&#8243; url=&#8221;@ET-DC@eyJkeW5hbWljIjp0cnVlLCJjb250ZW50IjoicG9zdF9saW5rX3VybF9wcm9kdWN0Iiwic2V0dGluZ3MiOnsicG9zdF9pZCI6Ijc4In19@&#8221; _builder_version=&#8221;4.9.1&#8243; _dynamic_attributes=&#8221;url&#8221; hover_enabled=&#8221;0&#8243; box_shadow_style=&#8221;preset3&#8243; admin_label=&#8221;Velours&#8221; sticky_enabled=&#8221;0&#8243;][\/et_pb_image][\/et_pb_column][\/et_pb_row][et_pb_row _builder_version=&#8221;4.0.9&#8243; background_color=&#8221;#cecece&#8221; custom_padding=&#8221;12px||12px||false|false&#8221; locked=&#8221;off&#8221;][et_pb_column type=&#8221;4_4&#8243; _builder_version=&#8221;4.0.9&#8243;][et_pb_text admin_label=&#8221;Cuv\u00e9es Prestiges&#8221; _builder_version=&#8221;4.2.2&#8243; custom_margin=&#8221;||-5px|||&#8221;]<\/p>\n<h2><span style=\"color: #800000;\"><strong>\u00a0 CUVEES PRESTIGES<\/strong><\/span><\/h2>\n<p>[\/et_pb_text][\/et_pb_column][\/et_pb_row][et_pb_row column_structure=&#8221;1_3,1_3,1_3&#8243; _builder_version=&#8221;4.0.9&#8243; min_height=&#8221;338px&#8221; custom_margin=&#8221;8px|auto||auto||&#8221; custom_padding=&#8221;4px|||||&#8221; locked=&#8221;off&#8221;][et_pb_column type=&#8221;1_3&#8243; _builder_version=&#8221;4.0.9&#8243;][et_pb_image src=&#8221;https:\/\/aigueliere.fr\/wp-content\/uploads\/Vignettes_RP_2020\/Cote-Doree-2015-19.jpg&#8221; title_text=&#8221;Cote-Doree-2015-19&#8243; url=&#8221;@ET-DC@eyJkeW5hbWljIjp0cnVlLCJjb250ZW50IjoicG9zdF9saW5rX3VybF9wcm9kdWN0Iiwic2V0dGluZ3MiOnsicG9zdF9pZCI6IjQ0OCJ9fQ==@&#8221; _builder_version=&#8221;4.9.1&#8243; _dynamic_attributes=&#8221;url&#8221; hover_enabled=&#8221;0&#8243; sticky_enabled=&#8221;0&#8243;][\/et_pb_image][et_pb_image src=&#8221;http:\/\/aigueliere.com\/wp-content\/uploads\/Vignettes\/Vignette-C\u00f4te-Rousse-2017.jpg&#8221; url=&#8221;@ET-DC@eyJkeW5hbWljIjp0cnVlLCJjb250ZW50IjoicG9zdF9saW5rX3VybF9wYWdlIiwic2V0dGluZ3MiOnsicG9zdF9pZCI6IjU2NCJ9fQ==@&#8221; url_new_window=&#8221;on&#8221; _builder_version=&#8221;4.0.9&#8243; _dynamic_attributes=&#8221;url&#8221; box_shadow_style=&#8221;preset3&#8243;][\/et_pb_image][\/et_pb_column][et_pb_column type=&#8221;1_3&#8243; _builder_version=&#8221;4.0.9&#8243;][\/et_pb_column][et_pb_column type=&#8221;1_3&#8243; _builder_version=&#8221;4.0.9&#8243;][et_pb_image src=&#8221;https:\/\/aigueliere.fr\/wp-content\/uploads\/Vignettes_RP_2020\/Cote-Rousse-2018-et-2019.jpg&#8221; title_text=&#8221;Cote-Rousse-2018-et-2019&#8243; url=&#8221;@ET-DC@eyJkeW5hbWljIjp0cnVlLCJjb250ZW50IjoicG9zdF9saW5rX3VybF9wcm9kdWN0Iiwic2V0dGluZ3MiOnsicG9zdF9pZCI6Ijg0In19@&#8221; url_new_window=&#8221;on&#8221; _builder_version=&#8221;4.9.1&#8243; _dynamic_attributes=&#8221;url&#8221; hover_enabled=&#8221;0&#8243; box_shadow_style=&#8221;preset3&#8243; sticky_enabled=&#8221;0&#8243;][\/et_pb_image][\/et_pb_column][\/et_pb_row][et_pb_row _builder_version=&#8221;4.0.9&#8243; background_color=&#8221;#cecece&#8221; custom_padding=&#8221;12px||12px||false|false&#8221; locked=&#8221;off&#8221;][et_pb_column type=&#8221;4_4&#8243; _builder_version=&#8221;4.0.9&#8243;][et_pb_text admin_label=&#8221;Cuv\u00e9es Mythiques&#8221; _builder_version=&#8221;4.2.2&#8243; custom_margin=&#8221;||-5px|||&#8221;]<\/p>\n<h2><span style=\"color: #800000;\"><strong>\u00a0 CUVEES MYTHIQUES<\/strong><\/span><\/h2>\n<p>[\/et_pb_text][\/et_pb_column][\/et_pb_row][et_pb_row column_structure=&#8221;1_3,1_3,1_3&#8243; _builder_version=&#8221;4.0.9&#8243; module_alignment=&#8221;center&#8221; min_height=&#8221;361px&#8221; custom_margin=&#8221;0px|auto||417px|false|false&#8221; custom_padding=&#8221;0px||||false|false&#8221; locked=&#8221;off&#8221;][et_pb_column type=&#8221;1_3&#8243; _builder_version=&#8221;4.0.9&#8243;][et_pb_image src=&#8221;https:\/\/aigueliere.fr\/wp-content\/uploads\/Vignettes_RP_2020\/Pegase-2019.jpg&#8221; title_text=&#8221;Pegase-2019&#8243; url=&#8221;@ET-DC@eyJkeW5hbWljIjp0cnVlLCJjb250ZW50IjoicG9zdF9saW5rX3VybF9wcm9kdWN0Iiwic2V0dGluZ3MiOnsicG9zdF9pZCI6Ijg4In19@&#8221; url_new_window=&#8221;on&#8221; _builder_version=&#8221;4.9.1&#8243; _dynamic_attributes=&#8221;url&#8221; hover_enabled=&#8221;0&#8243; box_shadow_style=&#8221;preset3&#8243; sticky_enabled=&#8221;0&#8243;][\/et_pb_image][\/et_pb_column][et_pb_column type=&#8221;1_3&#8243; _builder_version=&#8221;4.0.9&#8243;][\/et_pb_column][et_pb_column type=&#8221;1_3&#8243; _builder_version=&#8221;4.0.9&#8243;][et_pb_image src=&#8221;https:\/\/aigueliere.fr\/wp-content\/uploads\/2021\/03\/Pack-Decouverte.jpg&#8221; title_text=&#8221;Pack Decouverte&#8221; url=&#8221;@ET-DC@eyJkeW5hbWljIjp0cnVlLCJjb250ZW50IjoicG9zdF9saW5rX3VybF9wcm9kdWN0Iiwic2V0dGluZ3MiOnsicG9zdF9pZCI6Ijk3MCJ9fQ==@&#8221; url_new_window=&#8221;on&#8221; _builder_version=&#8221;4.9.1&#8243; _dynamic_attributes=&#8221;url&#8221; hover_enabled=&#8221;0&#8243; box_shadow_style=&#8221;preset3&#8243; sticky_enabled=&#8221;0&#8243;][\/et_pb_image][\/et_pb_column][\/et_pb_row][\/et_pb_section]<\/p>\n","protected":false},"excerpt":{"rendered":"<p>\u00a0 COEUR de GAMME\u00a0 CUVEES PRESTIGES\u00a0 CUVEES MYTHIQUES<\/p>\n","protected":false},"author":1,"featured_media":0,"parent":0,"menu_order":0,"comment_status":"closed","ping_status":"closed","template":"","meta":{"_et_pb_use_builder":"on","_et_pb_old_content":"","_et_gb_content_width":"","footnotes":""},"class_list":["post-558","page","type-page","status-publish","hentry"],"yoast_head":"<!-- This site is optimized with the Yoast SEO plugin v26.9 - https:\/\/yoast.com\/product\/yoast-seo-wordpress\/ -->\n<title>nos Vins - Domaine L&#039;Aigueli\u00e8re<\/title>\n<meta name=\"robots\" content=\"index, follow, max-snippet:-1, max-image-preview:large, max-video-preview:-1\" \/>\n<link rel=\"canonical\" href=\"https:\/\/aigueliere.fr\/index.php\/nos-vins\/\" \/>\n<meta property=\"og:locale\" content=\"fr_FR\" \/>\n<meta property=\"og:type\" content=\"article\" \/>\n<meta property=\"og:title\" content=\"nos Vins - Domaine L&#039;Aigueli\u00e8re\" \/>\n<meta property=\"og:description\" content=\"\u00a0 COEUR de GAMME\u00a0 CUVEES PRESTIGES\u00a0 CUVEES MYTHIQUES\" \/>\n<meta property=\"og:url\" content=\"https:\/\/aigueliere.fr\/index.php\/nos-vins\/\" \/>\n<meta property=\"og:site_name\" content=\"Domaine L&#039;Aigueli\u00e8re\" \/>\n<meta property=\"article:modified_time\" content=\"2021-03-09T17:19:10+00:00\" \/>\n<meta name=\"twitter:card\" content=\"summary_large_image\" \/>\n<meta name=\"twitter:label1\" content=\"Dur\u00e9e de lecture estim\u00e9e\" \/>\n\t<meta name=\"twitter:data1\" content=\"4 minutes\" \/>\n<script type=\"application\/ld+json\" class=\"yoast-schema-graph\">{\"@context\":\"https:\/\/schema.org\",\"@graph\":[{\"@type\":\"WebPage\",\"@id\":\"https:\/\/aigueliere.fr\/index.php\/nos-vins\/\",\"url\":\"https:\/\/aigueliere.fr\/index.php\/nos-vins\/\",\"name\":\"nos Vins - Domaine L&#039;Aigueli\u00e8re\",\"isPartOf\":{\"@id\":\"https:\/\/aigueliere.fr\/#website\"},\"datePublished\":\"2020-07-12T13:57:26+00:00\",\"dateModified\":\"2021-03-09T17:19:10+00:00\",\"breadcrumb\":{\"@id\":\"https:\/\/aigueliere.fr\/index.php\/nos-vins\/#breadcrumb\"},\"inLanguage\":\"fr-FR\",\"potentialAction\":[{\"@type\":\"ReadAction\",\"target\":[\"https:\/\/aigueliere.fr\/index.php\/nos-vins\/\"]}]},{\"@type\":\"BreadcrumbList\",\"@id\":\"https:\/\/aigueliere.fr\/index.php\/nos-vins\/#breadcrumb\",\"itemListElement\":[{\"@type\":\"ListItem\",\"position\":1,\"name\":\"Accueil\",\"item\":\"https:\/\/aigueliere.fr\/\"},{\"@type\":\"ListItem\",\"position\":2,\"name\":\"nos Vins\"}]},{\"@type\":\"WebSite\",\"@id\":\"https:\/\/aigueliere.fr\/#website\",\"url\":\"https:\/\/aigueliere.fr\/\",\"name\":\"Domaine L&#039;Aigueli\u00e8re\",\"description\":\"Un vigneron \u00e0 votre \u00e9coute\",\"potentialAction\":[{\"@type\":\"SearchAction\",\"target\":{\"@type\":\"EntryPoint\",\"urlTemplate\":\"https:\/\/aigueliere.fr\/?s={search_term_string}\"},\"query-input\":{\"@type\":\"PropertyValueSpecification\",\"valueRequired\":true,\"valueName\":\"search_term_string\"}}],\"inLanguage\":\"fr-FR\"}]}<\/script>\n<!-- \/ Yoast SEO plugin. -->","yoast_head_json":{"title":"nos Vins - Domaine L&#039;Aigueli\u00e8re","robots":{"index":"index","follow":"follow","max-snippet":"max-snippet:-1","max-image-preview":"max-image-preview:large","max-video-preview":"max-video-preview:-1"},"canonical":"https:\/\/aigueliere.fr\/index.php\/nos-vins\/","og_locale":"fr_FR","og_type":"article","og_title":"nos Vins - Domaine L&#039;Aigueli\u00e8re","og_description":"\u00a0 COEUR de GAMME\u00a0 CUVEES PRESTIGES\u00a0 CUVEES MYTHIQUES","og_url":"https:\/\/aigueliere.fr\/index.php\/nos-vins\/","og_site_name":"Domaine L&#039;Aigueli\u00e8re","article_modified_time":"2021-03-09T17:19:10+00:00","twitter_card":"summary_large_image","twitter_misc":{"Dur\u00e9e de lecture estim\u00e9e":"4 minutes"},"schema":{"@context":"https:\/\/schema.org","@graph":[{"@type":"WebPage","@id":"https:\/\/aigueliere.fr\/index.php\/nos-vins\/","url":"https:\/\/aigueliere.fr\/index.php\/nos-vins\/","name":"nos Vins - Domaine L&#039;Aigueli\u00e8re","isPartOf":{"@id":"https:\/\/aigueliere.fr\/#website"},"datePublished":"2020-07-12T13:57:26+00:00","dateModified":"2021-03-09T17:19:10+00:00","breadcrumb":{"@id":"https:\/\/aigueliere.fr\/index.php\/nos-vins\/#breadcrumb"},"inLanguage":"fr-FR","potentialAction":[{"@type":"ReadAction","target":["https:\/\/aigueliere.fr\/index.php\/nos-vins\/"]}]},{"@type":"BreadcrumbList","@id":"https:\/\/aigueliere.fr\/index.php\/nos-vins\/#breadcrumb","itemListElement":[{"@type":"ListItem","position":1,"name":"Accueil","item":"https:\/\/aigueliere.fr\/"},{"@type":"ListItem","position":2,"name":"nos Vins"}]},{"@type":"WebSite","@id":"https:\/\/aigueliere.fr\/#website","url":"https:\/\/aigueliere.fr\/","name":"Domaine L&#039;Aigueli\u00e8re","description":"Un vigneron \u00e0 votre \u00e9coute","potentialAction":[{"@type":"SearchAction","target":{"@type":"EntryPoint","urlTemplate":"https:\/\/aigueliere.fr\/?s={search_term_string}"},"query-input":{"@type":"PropertyValueSpecification","valueRequired":true,"valueName":"search_term_string"}}],"inLanguage":"fr-FR"}]}},"_links":{"self":[{"href":"https:\/\/aigueliere.fr\/index.php\/wp-json\/wp\/v2\/pages\/558","targetHints":{"allow":["GET"]}}],"collection":[{"href":"https:\/\/aigueliere.fr\/index.php\/wp-json\/wp\/v2\/pages"}],"about":[{"href":"https:\/\/aigueliere.fr\/index.php\/wp-json\/wp\/v2\/types\/page"}],"author":[{"embeddable":true,"href":"https:\/\/aigueliere.fr\/index.php\/wp-json\/wp\/v2\/users\/1"}],"replies":[{"embeddable":true,"href":"https:\/\/aigueliere.fr\/index.php\/wp-json\/wp\/v2\/comments?post=558"}],"version-history":[{"count":3,"href":"https:\/\/aigueliere.fr\/index.php\/wp-json\/wp\/v2\/pages\/558\/revisions"}],"predecessor-version":[{"id":1297,"href":"https:\/\/aigueliere.fr\/index.php\/wp-json\/wp\/v2\/pages\/558\/revisions\/1297"}],"wp:attachment":[{"href":"https:\/\/aigueliere.fr\/index.php\/wp-json\/wp\/v2\/media?parent=558"}],"curies":[{"name":"wp","href":"https:\/\/api.w.org\/{rel}","templated":true}]}}