{"id":566,"date":"2020-07-12T16:09:40","date_gmt":"2020-07-12T14:09:40","guid":{"rendered":"https:\/\/aigueliere.fr\/?page_id=566"},"modified":"2021-03-14T18:26:25","modified_gmt":"2021-03-14T17:26:25","slug":"sarments","status":"publish","type":"page","link":"https:\/\/aigueliere.fr\/index.php\/nos-vins\/sarments\/","title":{"rendered":"Sarments"},"content":{"rendered":"<p>[et_pb_section fb_built=&#8221;1&#8243; _builder_version=&#8221;4.2.2&#8243; custom_padding=&#8221;5px||3px|||&#8221; saved_tabs=&#8221;all&#8221;][et_pb_row _builder_version=&#8221;4.2.2&#8243; custom_padding=&#8221;||11px|||&#8221;][et_pb_column type=&#8221;4_4&#8243; _builder_version=&#8221;4.2.2&#8243;][et_pb_woopro_breadcrumb _builder_version=&#8221;4.5.4&#8243; _module_preset=&#8221;default&#8221;][\/et_pb_woopro_breadcrumb][\/et_pb_column][\/et_pb_row][\/et_pb_section][et_pb_section fb_built=&#8221;1&#8243; _builder_version=&#8221;4.0.9&#8243; custom_padding=&#8221;16px|||||&#8221;][et_pb_row column_structure=&#8221;1_4,1_2,1_4&#8243; _builder_version=&#8221;4.0.9&#8243; custom_padding=&#8221;5px||10px|||&#8221;][et_pb_column type=&#8221;1_4&#8243; _builder_version=&#8221;4.0.9&#8243;][et_pb_image src=&#8221;https:\/\/aigueliere.fr\/wp-content\/uploads\/2020\/07\/aigueliere_sarments_2017_blanc-scaled-1.jpg&#8221; _builder_version=&#8221;4.5.4&#8243; transform_scale=&#8221;84%|84%&#8221; min_height=&#8221;769px&#8221; custom_margin=&#8221;0px||||false|false&#8221; custom_padding=&#8221;0px||0px||false|false&#8221;][\/et_pb_image][et_pb_button button_url=&#8221;https:\/\/aigueliere.fr\/wp-content\/uploads\/FICHES_TECHNIQUES\/SARMENTS-2019-2020-Pro.pdf&#8221; url_new_window=&#8221;on&#8221; button_text=&#8221;Fiche Technique 2019-20&#8243; button_alignment=&#8221;center&#8221; _builder_version=&#8221;4.9.2&#8243; custom_button=&#8221;on&#8221; button_text_size=&#8221;15px&#8221; button_text_color=&#8221;#a31624&#8243; button_border_radius=&#8221;6px&#8221; button_icon=&#8221;%%72%%&#8221; button_icon_placement=&#8221;left&#8221; hover_enabled=&#8221;0&#8243; locked=&#8221;off&#8221; sticky_enabled=&#8221;0&#8243;][\/et_pb_button][\/et_pb_column][et_pb_column type=&#8221;1_2&#8243; _builder_version=&#8221;4.0.9&#8243;][et_pb_image src=&#8221;https:\/\/aigueliere.fr\/wp-content\/uploads\/2020\/07\/Logo-SARMENTS.jpg&#8221; _builder_version=&#8221;4.0.9&#8243; transform_scale=&#8221;62%|62%&#8221; custom_margin=&#8221;-35px|||||&#8221; custom_padding=&#8221;||0px|||&#8221;][\/et_pb_image][et_pb_text _builder_version=&#8221;4.0.9&#8243; custom_margin=&#8221;-70px|||||&#8221;]<\/p>\n<p><strong><span style=\"font-size: large;\">IGP Saint Guilhem le D\u00e9sert<\/span><br \/>G\u00c9OLOGIE DES SOLS<\/strong><br \/>Argilo-calcaire et Terrasses rissiennes<br \/><strong>ENC\u00c9PAGEMENT<\/strong><br \/>Viognier, Sauvignon<br \/><strong>VINIFICATION<\/strong><br \/>En cuve inox et \u00e0 basse temp\u00e9rature<br \/><strong>ELEVAGE<\/strong><br \/>Mac\u00e9ration pelliculaire<br \/><strong>RENDEMENT<\/strong><br \/>30 Hl \/ ha<br \/><strong>PRODUCTION TOTALE<\/strong><br \/>4000 \u00e0 8000 bouteilles<\/p>\n<p>[\/et_pb_text][et_pb_text _builder_version=&#8221;4.5.4&#8243;]<\/p>\n<p><strong>SARMENTS 2019 et 2020<\/strong><\/p>\n<p><b>D<\/b><b>\u00e9gustation<\/b><\/p>\n<p>Ce mariage de Viognier et Sauvignon, \u00e0 la robe or clair, r\u00e9v\u00e8le ses ar\u00f4mes intenses de c\u00e9drat, de fleurs blanches et une pointe de vanille fra\u00eeche. Avec un \u00e9quilibre qui allie fruit\u00e9 et fraicheur, cette cuv\u00e9e est un parfait choix pour l\u2019ap\u00e9ritif et s\u2019accorde \u00e9galement avec vos crustac\u00e9s, les viandes blanches, le fromage de ch\u00e8vre au miel.<\/p>\n<p><b>Recompenses <\/b><\/p>\n<p>Mill\u00e9sime 2019 Wine Advocate Robert Parker Note\u00a0 90 \/ 100 points<br \/>Mill\u00e9sime 2017 Wine Advocate Robert Parker Note\u00a0 87 \/ 100 points<br \/>Recommend\u00e9 Decanter World Wine Awards 2019<\/p>\n<p>[\/et_pb_text][\/et_pb_column][et_pb_column type=&#8221;1_4&#8243; _builder_version=&#8221;4.0.9&#8243;][et_pb_image src=&#8221;https:\/\/aigueliere.fr\/wp-content\/uploads\/2020\/07\/robert_parker_new_logo_89-1017&#215;1024-1.png&#8221; title_text=&#8221;robert_parker_new_logo_89-1017&#215;1024&#8243; _builder_version=&#8221;4.4.8&#8243;][\/et_pb_image][et_pb_image src=&#8221;https:\/\/aigueliere.fr\/wp-content\/uploads\/2020\/08\/Livraison-Gratuite-2.jpg&#8221; title_text=&#8221;Livraison Gratuite 2&#8243; _builder_version=&#8221;4.5.4&#8243; custom_margin=&#8221;||0px|||&#8221;][\/et_pb_image][et_pb_text _builder_version=&#8221;4.9.2&#8243; _module_preset=&#8221;default&#8221; hover_enabled=&#8221;0&#8243; sticky_enabled=&#8221;0&#8243;]<\/p>\n<p style=\"text-align: center;\">Frais de port offerts \u00e0 partir de 100\u20acHT en commande<\/p>\n<p>[\/et_pb_text][\/et_pb_column][\/et_pb_row][et_pb_row _builder_version=&#8221;4.0.9&#8243;][et_pb_column type=&#8221;4_4&#8243; _builder_version=&#8221;4.0.9&#8243;][et_pb_toggle title=&#8221;TARIFS DEGRESSIFS&#8221; open_toggle_text_color=&#8221;#c5310d&#8221; icon_color=&#8221;#e02b20&#8243; use_icon_font_size=&#8221;on&#8221; icon_font_size=&#8221;25px&#8221; _builder_version=&#8221;4.9.1&#8243; title_level=&#8221;h4&#8243; locked=&#8221;off&#8221;]<\/p>\n<table height=\"198\" style=\"width: 881px; margin-left: auto; margin-right: auto;\">\n<tbody>\n<tr>\n<td style=\"width: 175px; text-align: center;\">de 1 \u00e0 10 cartons<\/td>\n<td style=\"width: 165px; text-align: center;\">de 11 \u00e0 20 cartons<\/td>\n<td style=\"width: 165px; text-align: center;\">de 21 \u00e0 50 cartons<\/td>\n<td style=\"width: 169px; text-align: center;\">de 51 \u00e0 99 cartons<\/td>\n<td style=\"width: 173px; text-align: center;\">\u00e0 partir de 100 cartons<\/td>\n<\/tr>\n<tr>\n<td style=\"width: 175px;\">\n<h3 style=\"text-align: center;\"><strong>39.30\u20ac HT<\/strong><\/h3>\n<p style=\"text-align: center;\">soit 6.55\u20ac la bouteille<\/p>\n<\/td>\n<td style=\"width: 165px;\">\n<h3 style=\"text-align: center;\"><strong>34.80\u20ac HT<\/strong><\/h3>\n<p style=\"text-align: center;\">soit 5.80\u20ac la bouteille<\/p>\n<\/td>\n<td style=\"width: 165px; text-align: center;\">\n<h3><strong>33.60\u20ac HT<\/strong><\/h3>\n<p>soit 5.60\u20ac la bouteille<\/p>\n<\/td>\n<td style=\"width: 169px;\">\n<h3 style=\"text-align: center;\"><strong>32.70\u20ac HT<\/strong><\/h3>\n<p style=\"text-align: center;\">soit 5.45\u20ac la bouteille<\/p>\n<\/td>\n<td style=\"width: 173px;\">\n<h3 style=\"text-align: center;\"><strong>32.10\u20ac HT<\/strong><\/h3>\n<p style=\"text-align: center;\">soit 5.35\u20ac la bouteille<\/p>\n<\/td>\n<\/tr>\n<\/tbody>\n<\/table>\n<h3 style=\"text-align: center;\"><strong>Les frais de port sont offerts\u00a0 \u00e0 partir de 100\u20acHT de commande<\/strong><\/h3>\n<p>[\/et_pb_toggle][\/et_pb_column][\/et_pb_row][\/et_pb_section]<\/p>\n","protected":false},"excerpt":{"rendered":"<p>IGP Saint Guilhem le D\u00e9sertG\u00c9OLOGIE DES SOLSArgilo-calcaire et Terrasses rissiennesENC\u00c9PAGEMENTViognier, SauvignonVINIFICATIONEn cuve inox et \u00e0 basse temp\u00e9ratureELEVAGEMac\u00e9ration pelliculaireRENDEMENT30 Hl \/ haPRODUCTION TOTALE4000 \u00e0 8000 bouteillesSARMENTS 2019 et 2020 D\u00e9gustation Ce mariage de Viognier et Sauvignon, \u00e0 la robe or clair, r\u00e9v\u00e8le ses ar\u00f4mes intenses de c\u00e9drat, de fleurs blanches et une pointe de vanille fra\u00eeche. [&hellip;]<\/p>\n","protected":false},"author":1,"featured_media":0,"parent":558,"menu_order":0,"comment_status":"closed","ping_status":"closed","template":"","meta":{"_et_pb_use_builder":"on","_et_pb_old_content":"","_et_gb_content_width":"","footnotes":""},"class_list":["post-566","page","type-page","status-publish","hentry"],"yoast_head":"<!-- This site is optimized with the Yoast SEO plugin v26.9 - https:\/\/yoast.com\/product\/yoast-seo-wordpress\/ -->\n<title>Sarments - Domaine L&#039;Aigueli\u00e8re<\/title>\n<meta name=\"robots\" content=\"index, follow, max-snippet:-1, max-image-preview:large, max-video-preview:-1\" \/>\n<link rel=\"canonical\" href=\"https:\/\/aigueliere.fr\/index.php\/nos-vins\/sarments\/\" \/>\n<meta property=\"og:locale\" content=\"fr_FR\" \/>\n<meta property=\"og:type\" content=\"article\" \/>\n<meta property=\"og:title\" content=\"Sarments - Domaine L&#039;Aigueli\u00e8re\" \/>\n<meta property=\"og:description\" content=\"IGP Saint Guilhem le D\u00e9sertG\u00c9OLOGIE DES SOLSArgilo-calcaire et Terrasses rissiennesENC\u00c9PAGEMENTViognier, SauvignonVINIFICATIONEn cuve inox et \u00e0 basse temp\u00e9ratureELEVAGEMac\u00e9ration pelliculaireRENDEMENT30 Hl \/ haPRODUCTION TOTALE4000 \u00e0 8000 bouteillesSARMENTS 2019 et 2020 D\u00e9gustation Ce mariage de Viognier et Sauvignon, \u00e0 la robe or clair, r\u00e9v\u00e8le ses ar\u00f4mes intenses de c\u00e9drat, de fleurs blanches et une pointe de vanille fra\u00eeche. [&hellip;]\" \/>\n<meta property=\"og:url\" content=\"https:\/\/aigueliere.fr\/index.php\/nos-vins\/sarments\/\" \/>\n<meta property=\"og:site_name\" content=\"Domaine L&#039;Aigueli\u00e8re\" \/>\n<meta property=\"article:modified_time\" content=\"2021-03-14T17:26:25+00:00\" \/>\n<meta name=\"twitter:card\" content=\"summary_large_image\" \/>\n<meta name=\"twitter:label1\" content=\"Dur\u00e9e de lecture estim\u00e9e\" \/>\n\t<meta name=\"twitter:data1\" content=\"3 minutes\" \/>\n<script type=\"application\/ld+json\" class=\"yoast-schema-graph\">{\"@context\":\"https:\/\/schema.org\",\"@graph\":[{\"@type\":\"WebPage\",\"@id\":\"https:\/\/aigueliere.fr\/index.php\/nos-vins\/sarments\/\",\"url\":\"https:\/\/aigueliere.fr\/index.php\/nos-vins\/sarments\/\",\"name\":\"Sarments - Domaine L&#039;Aigueli\u00e8re\",\"isPartOf\":{\"@id\":\"https:\/\/aigueliere.fr\/#website\"},\"datePublished\":\"2020-07-12T14:09:40+00:00\",\"dateModified\":\"2021-03-14T17:26:25+00:00\",\"breadcrumb\":{\"@id\":\"https:\/\/aigueliere.fr\/index.php\/nos-vins\/sarments\/#breadcrumb\"},\"inLanguage\":\"fr-FR\",\"potentialAction\":[{\"@type\":\"ReadAction\",\"target\":[\"https:\/\/aigueliere.fr\/index.php\/nos-vins\/sarments\/\"]}]},{\"@type\":\"BreadcrumbList\",\"@id\":\"https:\/\/aigueliere.fr\/index.php\/nos-vins\/sarments\/#breadcrumb\",\"itemListElement\":[{\"@type\":\"ListItem\",\"position\":1,\"name\":\"Accueil\",\"item\":\"https:\/\/aigueliere.fr\/\"},{\"@type\":\"ListItem\",\"position\":2,\"name\":\"nos Vins\",\"item\":\"https:\/\/aigueliere.fr\/index.php\/nos-vins\/\"},{\"@type\":\"ListItem\",\"position\":3,\"name\":\"Sarments\"}]},{\"@type\":\"WebSite\",\"@id\":\"https:\/\/aigueliere.fr\/#website\",\"url\":\"https:\/\/aigueliere.fr\/\",\"name\":\"Domaine L&#039;Aigueli\u00e8re\",\"description\":\"Un vigneron \u00e0 votre \u00e9coute\",\"potentialAction\":[{\"@type\":\"SearchAction\",\"target\":{\"@type\":\"EntryPoint\",\"urlTemplate\":\"https:\/\/aigueliere.fr\/?s={search_term_string}\"},\"query-input\":{\"@type\":\"PropertyValueSpecification\",\"valueRequired\":true,\"valueName\":\"search_term_string\"}}],\"inLanguage\":\"fr-FR\"}]}<\/script>\n<!-- \/ Yoast SEO plugin. -->","yoast_head_json":{"title":"Sarments - Domaine L&#039;Aigueli\u00e8re","robots":{"index":"index","follow":"follow","max-snippet":"max-snippet:-1","max-image-preview":"max-image-preview:large","max-video-preview":"max-video-preview:-1"},"canonical":"https:\/\/aigueliere.fr\/index.php\/nos-vins\/sarments\/","og_locale":"fr_FR","og_type":"article","og_title":"Sarments - Domaine L&#039;Aigueli\u00e8re","og_description":"IGP Saint Guilhem le D\u00e9sertG\u00c9OLOGIE DES SOLSArgilo-calcaire et Terrasses rissiennesENC\u00c9PAGEMENTViognier, SauvignonVINIFICATIONEn cuve inox et \u00e0 basse temp\u00e9ratureELEVAGEMac\u00e9ration pelliculaireRENDEMENT30 Hl \/ haPRODUCTION TOTALE4000 \u00e0 8000 bouteillesSARMENTS 2019 et 2020 D\u00e9gustation Ce mariage de Viognier et Sauvignon, \u00e0 la robe or clair, r\u00e9v\u00e8le ses ar\u00f4mes intenses de c\u00e9drat, de fleurs blanches et une pointe de vanille fra\u00eeche. [&hellip;]","og_url":"https:\/\/aigueliere.fr\/index.php\/nos-vins\/sarments\/","og_site_name":"Domaine L&#039;Aigueli\u00e8re","article_modified_time":"2021-03-14T17:26:25+00:00","twitter_card":"summary_large_image","twitter_misc":{"Dur\u00e9e de lecture estim\u00e9e":"3 minutes"},"schema":{"@context":"https:\/\/schema.org","@graph":[{"@type":"WebPage","@id":"https:\/\/aigueliere.fr\/index.php\/nos-vins\/sarments\/","url":"https:\/\/aigueliere.fr\/index.php\/nos-vins\/sarments\/","name":"Sarments - Domaine L&#039;Aigueli\u00e8re","isPartOf":{"@id":"https:\/\/aigueliere.fr\/#website"},"datePublished":"2020-07-12T14:09:40+00:00","dateModified":"2021-03-14T17:26:25+00:00","breadcrumb":{"@id":"https:\/\/aigueliere.fr\/index.php\/nos-vins\/sarments\/#breadcrumb"},"inLanguage":"fr-FR","potentialAction":[{"@type":"ReadAction","target":["https:\/\/aigueliere.fr\/index.php\/nos-vins\/sarments\/"]}]},{"@type":"BreadcrumbList","@id":"https:\/\/aigueliere.fr\/index.php\/nos-vins\/sarments\/#breadcrumb","itemListElement":[{"@type":"ListItem","position":1,"name":"Accueil","item":"https:\/\/aigueliere.fr\/"},{"@type":"ListItem","position":2,"name":"nos Vins","item":"https:\/\/aigueliere.fr\/index.php\/nos-vins\/"},{"@type":"ListItem","position":3,"name":"Sarments"}]},{"@type":"WebSite","@id":"https:\/\/aigueliere.fr\/#website","url":"https:\/\/aigueliere.fr\/","name":"Domaine L&#039;Aigueli\u00e8re","description":"Un vigneron \u00e0 votre \u00e9coute","potentialAction":[{"@type":"SearchAction","target":{"@type":"EntryPoint","urlTemplate":"https:\/\/aigueliere.fr\/?s={search_term_string}"},"query-input":{"@type":"PropertyValueSpecification","valueRequired":true,"valueName":"search_term_string"}}],"inLanguage":"fr-FR"}]}},"_links":{"self":[{"href":"https:\/\/aigueliere.fr\/index.php\/wp-json\/wp\/v2\/pages\/566","targetHints":{"allow":["GET"]}}],"collection":[{"href":"https:\/\/aigueliere.fr\/index.php\/wp-json\/wp\/v2\/pages"}],"about":[{"href":"https:\/\/aigueliere.fr\/index.php\/wp-json\/wp\/v2\/types\/page"}],"author":[{"embeddable":true,"href":"https:\/\/aigueliere.fr\/index.php\/wp-json\/wp\/v2\/users\/1"}],"replies":[{"embeddable":true,"href":"https:\/\/aigueliere.fr\/index.php\/wp-json\/wp\/v2\/comments?post=566"}],"version-history":[{"count":17,"href":"https:\/\/aigueliere.fr\/index.php\/wp-json\/wp\/v2\/pages\/566\/revisions"}],"predecessor-version":[{"id":1359,"href":"https:\/\/aigueliere.fr\/index.php\/wp-json\/wp\/v2\/pages\/566\/revisions\/1359"}],"up":[{"embeddable":true,"href":"https:\/\/aigueliere.fr\/index.php\/wp-json\/wp\/v2\/pages\/558"}],"wp:attachment":[{"href":"https:\/\/aigueliere.fr\/index.php\/wp-json\/wp\/v2\/media?parent=566"}],"curies":[{"name":"wp","href":"https:\/\/api.w.org\/{rel}","templated":true}]}}