{"id":572,"date":"2020-07-12T16:10:43","date_gmt":"2020-07-12T14:10:43","guid":{"rendered":"https:\/\/aigueliere.fr\/?page_id=572"},"modified":"2021-03-14T18:31:54","modified_gmt":"2021-03-14T17:31:54","slug":"sourire-de-lise","status":"publish","type":"page","link":"https:\/\/aigueliere.fr\/index.php\/nos-vins\/sourire-de-lise\/","title":{"rendered":"Sourire de Lise"},"content":{"rendered":"<p>[et_pb_section fb_built=&#8221;1&#8243; _builder_version=&#8221;4.0.9&#8243; custom_padding=&#8221;16px|||||&#8221;][et_pb_row column_structure=&#8221;1_4,1_2,1_4&#8243; _builder_version=&#8221;4.0.9&#8243; custom_padding=&#8221;5px||10px|||&#8221;][et_pb_column type=&#8221;1_4&#8243; _builder_version=&#8221;4.0.9&#8243;][et_pb_image src=&#8221;https:\/\/aigueliere.fr\/wp-content\/uploads\/2020\/07\/aigueliere_sourire_2017_rouge-scaled-1.jpg&#8221; _builder_version=&#8221;4.0.9&#8243; transform_scale=&#8221;84%|84%&#8221; min_height=&#8221;769px&#8221; custom_margin=&#8221;-117px||||false|false&#8221; custom_padding=&#8221;0px||0px||false|false&#8221;][\/et_pb_image][et_pb_button button_url=&#8221;https:\/\/aigueliere.fr\/wp-content\/uploads\/FICHES_TECHNIQUES\/LE-SOURIRE-DE-LISE-2020-Pro.pdf&#8221; url_new_window=&#8221;on&#8221; button_text=&#8221;Fiche Technique 2020&#8243; button_alignment=&#8221;center&#8221; _builder_version=&#8221;4.9.2&#8243; custom_button=&#8221;on&#8221; button_text_size=&#8221;15px&#8221; button_text_color=&#8221;#a31624&#8243; button_border_radius=&#8221;6px&#8221; button_icon=&#8221;%%72%%&#8221; button_icon_placement=&#8221;left&#8221; locked=&#8221;off&#8221;][\/et_pb_button][\/et_pb_column][et_pb_column type=&#8221;1_2&#8243; _builder_version=&#8221;4.0.9&#8243;][et_pb_image src=&#8221;https:\/\/aigueliere.fr\/wp-content\/uploads\/2020\/07\/Nom_SDL.jpg&#8221; _builder_version=&#8221;4.0.9&#8243; transform_scale=&#8221;62%|62%&#8221; custom_margin=&#8221;-35px|||||&#8221; custom_padding=&#8221;||0px|||&#8221;][\/et_pb_image][et_pb_text _builder_version=&#8221;4.0.9&#8243; custom_margin=&#8221;-70px|||||&#8221; custom_padding=&#8221;40px|||||&#8221;]<\/p>\n<p><span style=\"font-size: large;\" wfd-id=\"2196\"><strong>IGP Saint Guilhem le D\u00e9sert<\/strong><\/span><br \/><strong>G\u00c9OLOGIE DES SOLS<\/strong><br \/>Argilo-calcaire et Terrasses rissi\u00e8nnes<br \/><strong>ENC\u00c9PAGEMENT<\/strong><br \/>Syrah, Grenache, Mourv\u00e8dre<br \/><strong>VINIFICATION<\/strong><br \/>En cuve inox et \u00e0 temp\u00e9rature contr\u00f4l\u00e9e<br \/><strong>ELEVAGE<\/strong><br \/>En cuve inox<br \/><strong>RENDEMENT<\/strong><br \/>30 Hl \/ ha<br \/><strong>PRODUCTION TOTALE<\/strong><br \/>30 000 bouteilles<\/p>\n<p>[\/et_pb_text][et_pb_text _builder_version=&#8221;4.0.9&#8243;]<\/p>\n<p><strong>LE SOURIRE DE LISE 2020<\/strong><\/p>\n<p>Majoritaire Grenache, Syrah avec une pointe de Mourv\u00e8dre, un v\u00e9ritable plaisir de fruits rouges \u00e0 croquer (cerise, fraise). Une bouche ronde, fraiche et tr\u00e8s agr\u00e9able. Un vin plaisir, un sourire \u00e0 la vie.<\/p>\n<p>A d\u00e9guster un peu frais 13\u00b0-15\u00b0 sur l\u2019ann\u00e9e, ou \u00e0 ouvrir dans 3 ou 5 ans. En ap\u00e9ritif, sur plateau de fromages frais, charcuteries, viandes rouges grill\u00e9es ou en accompagnement de l\u2019agneau au thym.<\/p>\n<p><b>Recompenses <\/b><\/p>\n<p>Mill\u00e9sime 2018 Wine Advocate Robert Parker Note\u00a0 90 \/ 100 points<br \/>Mill\u00e9sime 2017 Wine Advocate Robert Parker Note\u00a0 90 \/ 100 points<\/p>\n<p>[\/et_pb_text][\/et_pb_column][et_pb_column type=&#8221;1_4&#8243; _builder_version=&#8221;4.0.9&#8243;][et_pb_image src=&#8221;https:\/\/aigueliere.fr\/wp-content\/uploads\/2020\/07\/robert_parker_new_logo_90.jpg&#8221; _builder_version=&#8221;4.0.9&#8243;][\/et_pb_image][et_pb_image src=&#8221;https:\/\/aigueliere.fr\/wp-content\/uploads\/2020\/08\/Livraison-Gratuite-2.jpg&#8221; title_text=&#8221;Livraison Gratuite 2&#8243; _builder_version=&#8221;4.5.4&#8243; custom_margin=&#8221;||0px|||&#8221;][\/et_pb_image][et_pb_text _builder_version=&#8221;4.9.2&#8243; _module_preset=&#8221;default&#8221;]<\/p>\n<p style=\"text-align: center;\">Pour toute commande sup\u00e9rieure \u00e0 100 \u20acHT<\/p>\n<p>[\/et_pb_text][\/et_pb_column][\/et_pb_row][et_pb_row _builder_version=&#8221;4.0.9&#8243;][et_pb_column type=&#8221;4_4&#8243; _builder_version=&#8221;4.0.9&#8243;][et_pb_toggle title=&#8221;TARIFS DEGRESSIFS&#8221; open_toggle_text_color=&#8221;#c5310d&#8221; icon_color=&#8221;#e02b20&#8243; use_icon_font_size=&#8221;on&#8221; icon_font_size=&#8221;25px&#8221; _builder_version=&#8221;4.9.1&#8243; title_level=&#8221;h4&#8243;]<\/p>\n<table style=\"width: 870px; margin-left: auto; margin-right: auto;\">\n<tbody>\n<tr>\n<td style=\"width: 159px; text-align: center;\">1 \u00e0 10 cartons<\/td>\n<td style=\"width: 162px; text-align: center;\">de 11 \u00e0 20 cartons<\/td>\n<td style=\"width: 170px; text-align: center;\">de 21 \u00e0 50 cartons<\/td>\n<td style=\"width: 174px; text-align: center;\">de 51 \u00e0 99 cartons<\/td>\n<td style=\"width: 171px; text-align: center;\">+ de 100 cartons<\/td>\n<\/tr>\n<tr>\n<td style=\"width: 159px;\">\n<h3 style=\"text-align: center;\"><strong>34.50\u20ac HT<\/strong><\/h3>\n<p style=\"text-align: center;\">soit 5.75\u20ac la bouteille<\/p>\n<\/td>\n<td style=\"width: 162px;\">\n<h3 style=\"text-align: center;\"><strong>30.60\u20ac HT<\/strong><\/h3>\n<p style=\"text-align: center;\">soit 5.10\u20ac la bouteille<\/p>\n<\/td>\n<td style=\"width: 170px;\">\n<h3 style=\"text-align: center;\"><strong>29.40\u20ac HT<\/strong><\/h3>\n<p style=\"text-align: center;\">soit 4.90\u20ac la bouteille<\/p>\n<\/td>\n<td style=\"width: 174px; text-align: center;\">\n<h3><strong>28.80\u20ac HT<\/strong><\/h3>\n<p>soit 4.80\u20ac la bouteille<\/p>\n<\/td>\n<td style=\"width: 171px;\">\n<h3 style=\"text-align: center;\"><strong>28.20\u20ac HT<\/strong><\/h3>\n<p style=\"text-align: center;\">soit 4.70\u20ac la bouteille<\/p>\n<\/td>\n<\/tr>\n<\/tbody>\n<\/table>\n<h3 style=\"text-align: center;\"><strong>Les frais de port sont offerts\u00a0 \u00e0 partir de 100\u20acHT de commande<\/strong><\/h3>\n<p>[\/et_pb_toggle][\/et_pb_column][\/et_pb_row][\/et_pb_section]<\/p>\n","protected":false},"excerpt":{"rendered":"<p>IGP Saint Guilhem le D\u00e9sertG\u00c9OLOGIE DES SOLSArgilo-calcaire et Terrasses rissi\u00e8nnesENC\u00c9PAGEMENTSyrah, Grenache, Mourv\u00e8dreVINIFICATIONEn cuve inox et \u00e0 temp\u00e9rature contr\u00f4l\u00e9eELEVAGEEn cuve inoxRENDEMENT30 Hl \/ haPRODUCTION TOTALE30 000 bouteillesLE SOURIRE DE LISE 2020 Majoritaire Grenache, Syrah avec une pointe de Mourv\u00e8dre, un v\u00e9ritable plaisir de fruits rouges \u00e0 croquer (cerise, fraise). Une bouche ronde, fraiche et tr\u00e8s agr\u00e9able. [&hellip;]<\/p>\n","protected":false},"author":1,"featured_media":0,"parent":558,"menu_order":0,"comment_status":"closed","ping_status":"closed","template":"","meta":{"_et_pb_use_builder":"on","_et_pb_old_content":"","_et_gb_content_width":"","footnotes":""},"class_list":["post-572","page","type-page","status-publish","hentry"],"yoast_head":"<!-- This site is optimized with the Yoast SEO plugin v26.9 - https:\/\/yoast.com\/product\/yoast-seo-wordpress\/ -->\n<title>Sourire de Lise - Domaine L&#039;Aigueli\u00e8re<\/title>\n<meta name=\"robots\" content=\"index, follow, max-snippet:-1, max-image-preview:large, max-video-preview:-1\" \/>\n<link rel=\"canonical\" href=\"https:\/\/aigueliere.fr\/index.php\/nos-vins\/sourire-de-lise\/\" \/>\n<meta property=\"og:locale\" content=\"fr_FR\" \/>\n<meta property=\"og:type\" content=\"article\" \/>\n<meta property=\"og:title\" content=\"Sourire de Lise - Domaine L&#039;Aigueli\u00e8re\" \/>\n<meta property=\"og:description\" content=\"IGP Saint Guilhem le D\u00e9sertG\u00c9OLOGIE DES SOLSArgilo-calcaire et Terrasses rissi\u00e8nnesENC\u00c9PAGEMENTSyrah, Grenache, Mourv\u00e8dreVINIFICATIONEn cuve inox et \u00e0 temp\u00e9rature contr\u00f4l\u00e9eELEVAGEEn cuve inoxRENDEMENT30 Hl \/ haPRODUCTION TOTALE30 000 bouteillesLE SOURIRE DE LISE 2020 Majoritaire Grenache, Syrah avec une pointe de Mourv\u00e8dre, un v\u00e9ritable plaisir de fruits rouges \u00e0 croquer (cerise, fraise). Une bouche ronde, fraiche et tr\u00e8s agr\u00e9able. [&hellip;]\" \/>\n<meta property=\"og:url\" content=\"https:\/\/aigueliere.fr\/index.php\/nos-vins\/sourire-de-lise\/\" \/>\n<meta property=\"og:site_name\" content=\"Domaine L&#039;Aigueli\u00e8re\" \/>\n<meta property=\"article:modified_time\" content=\"2021-03-14T17:31:54+00:00\" \/>\n<meta name=\"twitter:card\" content=\"summary_large_image\" \/>\n<meta name=\"twitter:label1\" content=\"Dur\u00e9e de lecture estim\u00e9e\" \/>\n\t<meta name=\"twitter:data1\" content=\"2 minutes\" \/>\n<script type=\"application\/ld+json\" class=\"yoast-schema-graph\">{\"@context\":\"https:\/\/schema.org\",\"@graph\":[{\"@type\":\"WebPage\",\"@id\":\"https:\/\/aigueliere.fr\/index.php\/nos-vins\/sourire-de-lise\/\",\"url\":\"https:\/\/aigueliere.fr\/index.php\/nos-vins\/sourire-de-lise\/\",\"name\":\"Sourire de Lise - Domaine L&#039;Aigueli\u00e8re\",\"isPartOf\":{\"@id\":\"https:\/\/aigueliere.fr\/#website\"},\"datePublished\":\"2020-07-12T14:10:43+00:00\",\"dateModified\":\"2021-03-14T17:31:54+00:00\",\"breadcrumb\":{\"@id\":\"https:\/\/aigueliere.fr\/index.php\/nos-vins\/sourire-de-lise\/#breadcrumb\"},\"inLanguage\":\"fr-FR\",\"potentialAction\":[{\"@type\":\"ReadAction\",\"target\":[\"https:\/\/aigueliere.fr\/index.php\/nos-vins\/sourire-de-lise\/\"]}]},{\"@type\":\"BreadcrumbList\",\"@id\":\"https:\/\/aigueliere.fr\/index.php\/nos-vins\/sourire-de-lise\/#breadcrumb\",\"itemListElement\":[{\"@type\":\"ListItem\",\"position\":1,\"name\":\"Accueil\",\"item\":\"https:\/\/aigueliere.fr\/\"},{\"@type\":\"ListItem\",\"position\":2,\"name\":\"nos Vins\",\"item\":\"https:\/\/aigueliere.fr\/index.php\/nos-vins\/\"},{\"@type\":\"ListItem\",\"position\":3,\"name\":\"Sourire de Lise\"}]},{\"@type\":\"WebSite\",\"@id\":\"https:\/\/aigueliere.fr\/#website\",\"url\":\"https:\/\/aigueliere.fr\/\",\"name\":\"Domaine L&#039;Aigueli\u00e8re\",\"description\":\"Un vigneron \u00e0 votre \u00e9coute\",\"potentialAction\":[{\"@type\":\"SearchAction\",\"target\":{\"@type\":\"EntryPoint\",\"urlTemplate\":\"https:\/\/aigueliere.fr\/?s={search_term_string}\"},\"query-input\":{\"@type\":\"PropertyValueSpecification\",\"valueRequired\":true,\"valueName\":\"search_term_string\"}}],\"inLanguage\":\"fr-FR\"}]}<\/script>\n<!-- \/ Yoast SEO plugin. -->","yoast_head_json":{"title":"Sourire de Lise - Domaine L&#039;Aigueli\u00e8re","robots":{"index":"index","follow":"follow","max-snippet":"max-snippet:-1","max-image-preview":"max-image-preview:large","max-video-preview":"max-video-preview:-1"},"canonical":"https:\/\/aigueliere.fr\/index.php\/nos-vins\/sourire-de-lise\/","og_locale":"fr_FR","og_type":"article","og_title":"Sourire de Lise - Domaine L&#039;Aigueli\u00e8re","og_description":"IGP Saint Guilhem le D\u00e9sertG\u00c9OLOGIE DES SOLSArgilo-calcaire et Terrasses rissi\u00e8nnesENC\u00c9PAGEMENTSyrah, Grenache, Mourv\u00e8dreVINIFICATIONEn cuve inox et \u00e0 temp\u00e9rature contr\u00f4l\u00e9eELEVAGEEn cuve inoxRENDEMENT30 Hl \/ haPRODUCTION TOTALE30 000 bouteillesLE SOURIRE DE LISE 2020 Majoritaire Grenache, Syrah avec une pointe de Mourv\u00e8dre, un v\u00e9ritable plaisir de fruits rouges \u00e0 croquer (cerise, fraise). Une bouche ronde, fraiche et tr\u00e8s agr\u00e9able. [&hellip;]","og_url":"https:\/\/aigueliere.fr\/index.php\/nos-vins\/sourire-de-lise\/","og_site_name":"Domaine L&#039;Aigueli\u00e8re","article_modified_time":"2021-03-14T17:31:54+00:00","twitter_card":"summary_large_image","twitter_misc":{"Dur\u00e9e de lecture estim\u00e9e":"2 minutes"},"schema":{"@context":"https:\/\/schema.org","@graph":[{"@type":"WebPage","@id":"https:\/\/aigueliere.fr\/index.php\/nos-vins\/sourire-de-lise\/","url":"https:\/\/aigueliere.fr\/index.php\/nos-vins\/sourire-de-lise\/","name":"Sourire de Lise - Domaine L&#039;Aigueli\u00e8re","isPartOf":{"@id":"https:\/\/aigueliere.fr\/#website"},"datePublished":"2020-07-12T14:10:43+00:00","dateModified":"2021-03-14T17:31:54+00:00","breadcrumb":{"@id":"https:\/\/aigueliere.fr\/index.php\/nos-vins\/sourire-de-lise\/#breadcrumb"},"inLanguage":"fr-FR","potentialAction":[{"@type":"ReadAction","target":["https:\/\/aigueliere.fr\/index.php\/nos-vins\/sourire-de-lise\/"]}]},{"@type":"BreadcrumbList","@id":"https:\/\/aigueliere.fr\/index.php\/nos-vins\/sourire-de-lise\/#breadcrumb","itemListElement":[{"@type":"ListItem","position":1,"name":"Accueil","item":"https:\/\/aigueliere.fr\/"},{"@type":"ListItem","position":2,"name":"nos Vins","item":"https:\/\/aigueliere.fr\/index.php\/nos-vins\/"},{"@type":"ListItem","position":3,"name":"Sourire de Lise"}]},{"@type":"WebSite","@id":"https:\/\/aigueliere.fr\/#website","url":"https:\/\/aigueliere.fr\/","name":"Domaine L&#039;Aigueli\u00e8re","description":"Un vigneron \u00e0 votre \u00e9coute","potentialAction":[{"@type":"SearchAction","target":{"@type":"EntryPoint","urlTemplate":"https:\/\/aigueliere.fr\/?s={search_term_string}"},"query-input":{"@type":"PropertyValueSpecification","valueRequired":true,"valueName":"search_term_string"}}],"inLanguage":"fr-FR"}]}},"_links":{"self":[{"href":"https:\/\/aigueliere.fr\/index.php\/wp-json\/wp\/v2\/pages\/572","targetHints":{"allow":["GET"]}}],"collection":[{"href":"https:\/\/aigueliere.fr\/index.php\/wp-json\/wp\/v2\/pages"}],"about":[{"href":"https:\/\/aigueliere.fr\/index.php\/wp-json\/wp\/v2\/types\/page"}],"author":[{"embeddable":true,"href":"https:\/\/aigueliere.fr\/index.php\/wp-json\/wp\/v2\/users\/1"}],"replies":[{"embeddable":true,"href":"https:\/\/aigueliere.fr\/index.php\/wp-json\/wp\/v2\/comments?post=572"}],"version-history":[{"count":16,"href":"https:\/\/aigueliere.fr\/index.php\/wp-json\/wp\/v2\/pages\/572\/revisions"}],"predecessor-version":[{"id":1360,"href":"https:\/\/aigueliere.fr\/index.php\/wp-json\/wp\/v2\/pages\/572\/revisions\/1360"}],"up":[{"embeddable":true,"href":"https:\/\/aigueliere.fr\/index.php\/wp-json\/wp\/v2\/pages\/558"}],"wp:attachment":[{"href":"https:\/\/aigueliere.fr\/index.php\/wp-json\/wp\/v2\/media?parent=572"}],"curies":[{"name":"wp","href":"https:\/\/api.w.org\/{rel}","templated":true}]}}