{"id":578,"date":"2020-07-12T16:11:41","date_gmt":"2020-07-12T14:11:41","guid":{"rendered":"https:\/\/aigueliere.fr\/?page_id=578"},"modified":"2021-03-14T18:42:33","modified_gmt":"2021-03-14T17:42:33","slug":"velours","status":"publish","type":"page","link":"https:\/\/aigueliere.fr\/index.php\/nos-vins\/velours\/","title":{"rendered":"Velours"},"content":{"rendered":"<p>[et_pb_section fb_built=&#8221;1&#8243; _builder_version=&#8221;4.2.2&#8243; custom_padding=&#8221;5px||3px|||&#8221;][et_pb_row _builder_version=&#8221;4.2.2&#8243;][et_pb_column type=&#8221;4_4&#8243; _builder_version=&#8221;4.2.2&#8243;][et_pb_woopro_breadcrumb _builder_version=&#8221;4.5.4&#8243; _module_preset=&#8221;default&#8221;][\/et_pb_woopro_breadcrumb][\/et_pb_column][\/et_pb_row][\/et_pb_section][et_pb_section fb_built=&#8221;1&#8243; _builder_version=&#8221;4.0.9&#8243; custom_padding=&#8221;16px|||||&#8221;][et_pb_row column_structure=&#8221;1_4,1_2,1_4&#8243; _builder_version=&#8221;4.0.9&#8243; custom_padding=&#8221;5px||10px|||&#8221;][et_pb_column type=&#8221;1_4&#8243; _builder_version=&#8221;4.0.9&#8243;][et_pb_image src=&#8221;https:\/\/aigueliere.fr\/wp-content\/uploads\/2020\/07\/aigueliere_velours_2016_rouge-scaled-1.jpg&#8221; _builder_version=&#8221;4.5.4&#8243; transform_scale=&#8221;84%|84%&#8221; min_height=&#8221;769px&#8221; custom_margin=&#8221;-30px||||false|false&#8221; custom_padding=&#8221;0px||0px||false|false&#8221;][\/et_pb_image][et_pb_button button_url=&#8221;https:\/\/aigueliere.fr\/wp-content\/uploads\/FICHES_TECHNIQUES\/VELOURS-2019-Pro.pdf&#8221; url_new_window=&#8221;on&#8221; button_text=&#8221;Fiche Technique 2019&#8243; button_alignment=&#8221;center&#8221; _builder_version=&#8221;4.9.2&#8243; custom_button=&#8221;on&#8221; button_text_size=&#8221;15px&#8221; button_text_color=&#8221;#a31624&#8243; button_border_radius=&#8221;6px&#8221; button_icon=&#8221;%%72%%&#8221; button_icon_placement=&#8221;left&#8221; hover_enabled=&#8221;0&#8243; locked=&#8221;off&#8221; sticky_enabled=&#8221;0&#8243;][\/et_pb_button][\/et_pb_column][et_pb_column type=&#8221;1_2&#8243; _builder_version=&#8221;4.0.9&#8243;][et_pb_image src=&#8221;https:\/\/aigueliere.fr\/wp-content\/uploads\/2020\/07\/Nom_Velours.jpg&#8221; _builder_version=&#8221;4.0.9&#8243; transform_scale=&#8221;62%|62%&#8221; custom_margin=&#8221;-9px||||false|false&#8221; custom_padding=&#8221;||0px|||&#8221;][\/et_pb_image][et_pb_text _builder_version=&#8221;4.0.9&#8243; min_height=&#8221;303px&#8221; custom_margin=&#8221;-29px||||false|false&#8221; custom_padding=&#8221;0px||||false|false&#8221;]<\/p>\n<p><span style=\"font-size: large;\"><strong>AOP TERRASSES DU LARZAC<\/strong><\/span><br \/><strong>G\u00c9OLOGIE DES SOLS<\/strong><br \/>Argilo-calcaire, et Terrasses rissi\u00e8nnes<br \/><strong>ENC\u00c9PAGEMENT<\/strong><br \/>Syrah, Grenache, Mourv\u00e8dre<br \/><strong>VINIFICATION<\/strong><br \/>En cuve inox \u00e0 temp\u00e9rature contr\u00f4l\u00e9e<br \/><strong>ELEVAGE<\/strong><br \/>En barrique durant 4 mois<br \/><strong>RENDEMENT<\/strong><br \/>30 Hl \/ ha<br \/><strong>PRODUCTION TOTALE<\/strong><br \/>15 000 bouteilles<\/p>\n<p>[\/et_pb_text][et_pb_text _builder_version=&#8221;4.5.4&#8243;]<\/p>\n<p><strong>ELOURS 2019<\/strong><\/p>\n<p><b>D<\/b><b>\u00e9gustation<\/b><\/p>\n<p>Robe rouge grenat aux reflets violets soutenus. Belle limpidit\u00e9. Nez puissant de fruits rouges bien m\u00fbrs agr\u00e9ment\u00e9 de notes de vanille, de coco, de torr\u00e9faction et d\u2019\u00e9pices. Apr\u00e8s agitation, les ar\u00f4mes de fruits rouges se d\u00e9veloppent et se m\u00e9langent \u00e0 des notes de chocolat noir, de caf\u00e9, de poivre, de vanille.<\/p>\n<p>La bouche est en harmonie avec le nez ; fruits rouges (framboise, cassis), \u00e9pices (poivre), vanille, torr\u00e9faction am\u00e8nent beaucoup de complexit\u00e9. Excellente \u00e9quilibre de finesse et de douceur.<\/p>\n<p>Ses beaux tanins soyeux compl\u00e8tent le plaisir imm\u00e9diats et lui assurent une vie \u00e9panouie de 10-12 ans. Servir \u00e0 15\u00b0- 16\u00b0 plateau de fromages \u00e9lev\u00e9s, gibiers, viandes rouges, viandes en sauces, chocolat noir.<\/p>\n<p><b>Recompenses <\/b><\/p>\n<p>Mill\u00e9sime 2019\u00a0 Wine Advocate Robert Parker Note\u00a0 92\/100 points<br \/>Mill\u00e9sime 2018\u00a0 Wine Advocate Robert Parker Note\u00a0 90 \/ 100 points<br \/>Mill\u00e9sime 2017 \u00a0Wine Advocate Robert Parker Note\u00a0 91 \/ 100 points<\/p>\n<p>[\/et_pb_text][\/et_pb_column][et_pb_column type=&#8221;1_4&#8243; _builder_version=&#8221;4.0.9&#8243;][et_pb_image src=&#8221;https:\/\/aigueliere.fr\/wp-content\/uploads\/2020\/07\/robert_parker_new_logo_92-1017&#215;1024-1.png&#8221; title_text=&#8221;robert_parker_new_logo_92-1017&#215;1024-1&#8243; _builder_version=&#8221;4.9.2&#8243; hover_enabled=&#8221;0&#8243; sticky_enabled=&#8221;0&#8243;][\/et_pb_image][et_pb_image src=&#8221;https:\/\/aigueliere.fr\/wp-content\/uploads\/2020\/08\/Livraison-Gratuite-2.jpg&#8221; title_text=&#8221;Livraison Gratuite 2&#8243; _builder_version=&#8221;4.5.4&#8243; custom_margin=&#8221;||1px|||&#8221;][\/et_pb_image][et_pb_text _builder_version=&#8221;4.9.2&#8243; _module_preset=&#8221;default&#8221; hover_enabled=&#8221;0&#8243; sticky_enabled=&#8221;0&#8243;]<\/p>\n<p style=\"text-align: center;\">Frais de ports offerts \u00e0 partir de 100\u20acHT de commande<\/p>\n<p>[\/et_pb_text][\/et_pb_column][\/et_pb_row][et_pb_row _builder_version=&#8221;4.5.4&#8243; width=&#8221;100%&#8221; module_alignment=&#8221;center&#8221; custom_margin=&#8221;|-25px|||false|false&#8221; custom_padding=&#8221;|0px|||false|false&#8221;][et_pb_column type=&#8221;4_4&#8243; _builder_version=&#8221;4.0.9&#8243;][et_pb_toggle title=&#8221;TARIFS DEGRESSIFS&#8221; open_toggle_text_color=&#8221;#c5310d&#8221; icon_color=&#8221;#e02b20&#8243; use_icon_font_size=&#8221;on&#8221; icon_font_size=&#8221;25px&#8221; _builder_version=&#8221;4.9.2&#8243; title_level=&#8221;h4&#8243; module_alignment=&#8221;center&#8221; custom_padding=&#8221;|0px|||false|false&#8221; hover_enabled=&#8221;0&#8243; locked=&#8221;off&#8221; sticky_enabled=&#8221;0&#8243;]<\/p>\n<table height=\"198\" style=\"width: 865px; margin-left: auto; margin-right: auto;\">\n<tbody>\n<tr>\n<td style=\"width: 166px; text-align: center;\">de 1 \u00e0 10 cartons<\/td>\n<td style=\"width: 162px; text-align: center;\">de 11 \u00e0 20 cartons<\/td>\n<td style=\"width: 167px; text-align: center;\">de 21 \u00e0 50 cartons<\/td>\n<td style=\"width: 167px; text-align: center;\">de 51 \u00e0 99 cartons<\/td>\n<td style=\"width: 169px; text-align: center;\">\u00e0 partir de 100 cartons<\/td>\n<\/tr>\n<tr>\n<td style=\"width: 166px;\">\n<h3 style=\"text-align: center;\"><strong>44.70\u20ac HT<\/strong><\/h3>\n<p style=\"text-align: center;\">soit 7.45\u20ac la bouteille<\/p>\n<\/td>\n<td style=\"width: 162px;\">\n<h3 style=\"text-align: center;\"><strong>39.60\u20ac HT<\/strong><\/h3>\n<p style=\"text-align: center;\">soit 6.60\u20ac la bouteille<\/p>\n<\/td>\n<td style=\"width: 167px; text-align: center;\">\n<h3><strong>38.10\u20ac HT<\/strong><\/h3>\n<p>soit 6.35\u20ac la bouteille<\/p>\n<\/td>\n<td style=\"width: 167px;\">\n<h3 style=\"text-align: center;\"><strong>37.20\u20ac HT<\/strong><\/h3>\n<p style=\"text-align: center;\">soit 6.20\u20ac la bouteille<\/p>\n<\/td>\n<td style=\"width: 169px;\">\n<h3 style=\"text-align: center;\"><strong>36.60\u20ac HT<\/strong><\/h3>\n<p style=\"text-align: center;\">soit 6.10\u20ac la bouteille<\/p>\n<\/td>\n<\/tr>\n<\/tbody>\n<\/table>\n<h3 style=\"text-align: center;\"><strong>Les frais de port sont offerts\u00a0 \u00e0 partir de 100\u20acHT de commande<\/strong><\/h3>\n<p>[\/et_pb_toggle][\/et_pb_column][\/et_pb_row][\/et_pb_section]<\/p>\n","protected":false},"excerpt":{"rendered":"<p>AOP TERRASSES DU LARZACG\u00c9OLOGIE DES SOLSArgilo-calcaire, et Terrasses rissi\u00e8nnesENC\u00c9PAGEMENTSyrah, Grenache, Mourv\u00e8dreVINIFICATIONEn cuve inox \u00e0 temp\u00e9rature contr\u00f4l\u00e9eELEVAGEEn barrique durant 4 moisRENDEMENT30 Hl \/ haPRODUCTION TOTALE15 000 bouteillesELOURS 2019 D\u00e9gustation Robe rouge grenat aux reflets violets soutenus. Belle limpidit\u00e9. Nez puissant de fruits rouges bien m\u00fbrs agr\u00e9ment\u00e9 de notes de vanille, de coco, de torr\u00e9faction et d\u2019\u00e9pices. [&hellip;]<\/p>\n","protected":false},"author":1,"featured_media":0,"parent":558,"menu_order":1,"comment_status":"closed","ping_status":"closed","template":"","meta":{"_et_pb_use_builder":"on","_et_pb_old_content":"","_et_gb_content_width":"","footnotes":""},"class_list":["post-578","page","type-page","status-publish","hentry"],"yoast_head":"<!-- This site is optimized with the Yoast SEO plugin v26.9 - https:\/\/yoast.com\/product\/yoast-seo-wordpress\/ -->\n<title>Velours - Domaine L&#039;Aigueli\u00e8re<\/title>\n<meta name=\"robots\" content=\"index, follow, max-snippet:-1, max-image-preview:large, max-video-preview:-1\" \/>\n<link rel=\"canonical\" href=\"https:\/\/aigueliere.fr\/index.php\/nos-vins\/velours\/\" \/>\n<meta property=\"og:locale\" content=\"fr_FR\" \/>\n<meta property=\"og:type\" content=\"article\" \/>\n<meta property=\"og:title\" content=\"Velours - Domaine L&#039;Aigueli\u00e8re\" \/>\n<meta property=\"og:description\" content=\"AOP TERRASSES DU LARZACG\u00c9OLOGIE DES SOLSArgilo-calcaire, et Terrasses rissi\u00e8nnesENC\u00c9PAGEMENTSyrah, Grenache, Mourv\u00e8dreVINIFICATIONEn cuve inox \u00e0 temp\u00e9rature contr\u00f4l\u00e9eELEVAGEEn barrique durant 4 moisRENDEMENT30 Hl \/ haPRODUCTION TOTALE15 000 bouteillesELOURS 2019 D\u00e9gustation Robe rouge grenat aux reflets violets soutenus. Belle limpidit\u00e9. Nez puissant de fruits rouges bien m\u00fbrs agr\u00e9ment\u00e9 de notes de vanille, de coco, de torr\u00e9faction et d\u2019\u00e9pices. [&hellip;]\" \/>\n<meta property=\"og:url\" content=\"https:\/\/aigueliere.fr\/index.php\/nos-vins\/velours\/\" \/>\n<meta property=\"og:site_name\" content=\"Domaine L&#039;Aigueli\u00e8re\" \/>\n<meta property=\"article:modified_time\" content=\"2021-03-14T17:42:33+00:00\" \/>\n<meta name=\"twitter:card\" content=\"summary_large_image\" \/>\n<meta name=\"twitter:label1\" content=\"Dur\u00e9e de lecture estim\u00e9e\" \/>\n\t<meta name=\"twitter:data1\" content=\"3 minutes\" \/>\n<script type=\"application\/ld+json\" class=\"yoast-schema-graph\">{\"@context\":\"https:\/\/schema.org\",\"@graph\":[{\"@type\":\"WebPage\",\"@id\":\"https:\/\/aigueliere.fr\/index.php\/nos-vins\/velours\/\",\"url\":\"https:\/\/aigueliere.fr\/index.php\/nos-vins\/velours\/\",\"name\":\"Velours - Domaine L&#039;Aigueli\u00e8re\",\"isPartOf\":{\"@id\":\"https:\/\/aigueliere.fr\/#website\"},\"datePublished\":\"2020-07-12T14:11:41+00:00\",\"dateModified\":\"2021-03-14T17:42:33+00:00\",\"breadcrumb\":{\"@id\":\"https:\/\/aigueliere.fr\/index.php\/nos-vins\/velours\/#breadcrumb\"},\"inLanguage\":\"fr-FR\",\"potentialAction\":[{\"@type\":\"ReadAction\",\"target\":[\"https:\/\/aigueliere.fr\/index.php\/nos-vins\/velours\/\"]}]},{\"@type\":\"BreadcrumbList\",\"@id\":\"https:\/\/aigueliere.fr\/index.php\/nos-vins\/velours\/#breadcrumb\",\"itemListElement\":[{\"@type\":\"ListItem\",\"position\":1,\"name\":\"Accueil\",\"item\":\"https:\/\/aigueliere.fr\/\"},{\"@type\":\"ListItem\",\"position\":2,\"name\":\"nos Vins\",\"item\":\"https:\/\/aigueliere.fr\/index.php\/nos-vins\/\"},{\"@type\":\"ListItem\",\"position\":3,\"name\":\"Velours\"}]},{\"@type\":\"WebSite\",\"@id\":\"https:\/\/aigueliere.fr\/#website\",\"url\":\"https:\/\/aigueliere.fr\/\",\"name\":\"Domaine L&#039;Aigueli\u00e8re\",\"description\":\"Un vigneron \u00e0 votre \u00e9coute\",\"potentialAction\":[{\"@type\":\"SearchAction\",\"target\":{\"@type\":\"EntryPoint\",\"urlTemplate\":\"https:\/\/aigueliere.fr\/?s={search_term_string}\"},\"query-input\":{\"@type\":\"PropertyValueSpecification\",\"valueRequired\":true,\"valueName\":\"search_term_string\"}}],\"inLanguage\":\"fr-FR\"}]}<\/script>\n<!-- \/ Yoast SEO plugin. -->","yoast_head_json":{"title":"Velours - Domaine L&#039;Aigueli\u00e8re","robots":{"index":"index","follow":"follow","max-snippet":"max-snippet:-1","max-image-preview":"max-image-preview:large","max-video-preview":"max-video-preview:-1"},"canonical":"https:\/\/aigueliere.fr\/index.php\/nos-vins\/velours\/","og_locale":"fr_FR","og_type":"article","og_title":"Velours - Domaine L&#039;Aigueli\u00e8re","og_description":"AOP TERRASSES DU LARZACG\u00c9OLOGIE DES SOLSArgilo-calcaire, et Terrasses rissi\u00e8nnesENC\u00c9PAGEMENTSyrah, Grenache, Mourv\u00e8dreVINIFICATIONEn cuve inox \u00e0 temp\u00e9rature contr\u00f4l\u00e9eELEVAGEEn barrique durant 4 moisRENDEMENT30 Hl \/ haPRODUCTION TOTALE15 000 bouteillesELOURS 2019 D\u00e9gustation Robe rouge grenat aux reflets violets soutenus. Belle limpidit\u00e9. Nez puissant de fruits rouges bien m\u00fbrs agr\u00e9ment\u00e9 de notes de vanille, de coco, de torr\u00e9faction et d\u2019\u00e9pices. [&hellip;]","og_url":"https:\/\/aigueliere.fr\/index.php\/nos-vins\/velours\/","og_site_name":"Domaine L&#039;Aigueli\u00e8re","article_modified_time":"2021-03-14T17:42:33+00:00","twitter_card":"summary_large_image","twitter_misc":{"Dur\u00e9e de lecture estim\u00e9e":"3 minutes"},"schema":{"@context":"https:\/\/schema.org","@graph":[{"@type":"WebPage","@id":"https:\/\/aigueliere.fr\/index.php\/nos-vins\/velours\/","url":"https:\/\/aigueliere.fr\/index.php\/nos-vins\/velours\/","name":"Velours - Domaine L&#039;Aigueli\u00e8re","isPartOf":{"@id":"https:\/\/aigueliere.fr\/#website"},"datePublished":"2020-07-12T14:11:41+00:00","dateModified":"2021-03-14T17:42:33+00:00","breadcrumb":{"@id":"https:\/\/aigueliere.fr\/index.php\/nos-vins\/velours\/#breadcrumb"},"inLanguage":"fr-FR","potentialAction":[{"@type":"ReadAction","target":["https:\/\/aigueliere.fr\/index.php\/nos-vins\/velours\/"]}]},{"@type":"BreadcrumbList","@id":"https:\/\/aigueliere.fr\/index.php\/nos-vins\/velours\/#breadcrumb","itemListElement":[{"@type":"ListItem","position":1,"name":"Accueil","item":"https:\/\/aigueliere.fr\/"},{"@type":"ListItem","position":2,"name":"nos Vins","item":"https:\/\/aigueliere.fr\/index.php\/nos-vins\/"},{"@type":"ListItem","position":3,"name":"Velours"}]},{"@type":"WebSite","@id":"https:\/\/aigueliere.fr\/#website","url":"https:\/\/aigueliere.fr\/","name":"Domaine L&#039;Aigueli\u00e8re","description":"Un vigneron \u00e0 votre \u00e9coute","potentialAction":[{"@type":"SearchAction","target":{"@type":"EntryPoint","urlTemplate":"https:\/\/aigueliere.fr\/?s={search_term_string}"},"query-input":{"@type":"PropertyValueSpecification","valueRequired":true,"valueName":"search_term_string"}}],"inLanguage":"fr-FR"}]}},"_links":{"self":[{"href":"https:\/\/aigueliere.fr\/index.php\/wp-json\/wp\/v2\/pages\/578","targetHints":{"allow":["GET"]}}],"collection":[{"href":"https:\/\/aigueliere.fr\/index.php\/wp-json\/wp\/v2\/pages"}],"about":[{"href":"https:\/\/aigueliere.fr\/index.php\/wp-json\/wp\/v2\/types\/page"}],"author":[{"embeddable":true,"href":"https:\/\/aigueliere.fr\/index.php\/wp-json\/wp\/v2\/users\/1"}],"replies":[{"embeddable":true,"href":"https:\/\/aigueliere.fr\/index.php\/wp-json\/wp\/v2\/comments?post=578"}],"version-history":[{"count":18,"href":"https:\/\/aigueliere.fr\/index.php\/wp-json\/wp\/v2\/pages\/578\/revisions"}],"predecessor-version":[{"id":1368,"href":"https:\/\/aigueliere.fr\/index.php\/wp-json\/wp\/v2\/pages\/578\/revisions\/1368"}],"up":[{"embeddable":true,"href":"https:\/\/aigueliere.fr\/index.php\/wp-json\/wp\/v2\/pages\/558"}],"wp:attachment":[{"href":"https:\/\/aigueliere.fr\/index.php\/wp-json\/wp\/v2\/media?parent=578"}],"curies":[{"name":"wp","href":"https:\/\/api.w.org\/{rel}","templated":true}]}}