{"id":589,"date":"2020-07-12T16:14:01","date_gmt":"2020-07-12T14:14:01","guid":{"rendered":"https:\/\/aigueliere.fr\/?page_id=589"},"modified":"2021-03-14T19:00:25","modified_gmt":"2021-03-14T18:00:25","slug":"cote-rousse","status":"publish","type":"page","link":"https:\/\/aigueliere.fr\/index.php\/nos-vins\/cote-rousse\/","title":{"rendered":"C\u00f4te Rousse"},"content":{"rendered":"<p>[et_pb_section fb_built=&#8221;1&#8243; _builder_version=&#8221;4.2.2&#8243; custom_padding=&#8221;5px||3px|||&#8221;][et_pb_row _builder_version=&#8221;4.2.2&#8243; custom_padding=&#8221;||3px|||&#8221;][et_pb_column type=&#8221;4_4&#8243; _builder_version=&#8221;4.2.2&#8243;][et_pb_woopro_breadcrumb _builder_version=&#8221;4.5.4&#8243; _module_preset=&#8221;default&#8221;][\/et_pb_woopro_breadcrumb][\/et_pb_column][\/et_pb_row][\/et_pb_section][et_pb_section fb_built=&#8221;1&#8243; _builder_version=&#8221;4.0.9&#8243; custom_padding=&#8221;16px|||||&#8221;][et_pb_row column_structure=&#8221;1_4,1_2,1_4&#8243; _builder_version=&#8221;4.0.9&#8243; custom_padding=&#8221;74px||10px|||&#8221;][et_pb_column type=&#8221;1_4&#8243; _builder_version=&#8221;4.0.9&#8243;][et_pb_image src=&#8221;https:\/\/aigueliere.fr\/wp-content\/uploads\/2020\/07\/aigueliere_cote_rousse_2017_rouge-scaled-1.jpg&#8221; _builder_version=&#8221;4.5.4&#8243; transform_scale=&#8221;84%|84%&#8221; min_height=&#8221;769px&#8221; custom_margin=&#8221;-31px||18px||false|false&#8221; custom_padding=&#8221;0px||0px||false|false&#8221;][\/et_pb_image][et_pb_button button_url=&#8221;https:\/\/aigueliere.fr\/wp-content\/uploads\/COTE_ROUSSE\/COTE-ROUSSE-2018-new.pdf&#8221; url_new_window=&#8221;on&#8221; button_text=&#8221;Fiche Technique 2018&#8243; button_alignment=&#8221;center&#8221; _builder_version=&#8221;4.5.4&#8243; custom_button=&#8221;on&#8221; button_text_size=&#8221;15px&#8221; button_text_color=&#8221;#a31624&#8243; button_border_radius=&#8221;6px&#8221; button_icon=&#8221;%%72%%&#8221; button_icon_placement=&#8221;left&#8221; locked=&#8221;off&#8221;][\/et_pb_button][et_pb_button button_url=&#8221;https:\/\/aigueliere.fr\/wp-content\/uploads\/FICHES_TECHNIQUES\/COTE-ROUSSE-2019-Pro.pdf&#8221; url_new_window=&#8221;on&#8221; button_text=&#8221;Fiche Technique 2019&#8243; button_alignment=&#8221;center&#8221; _builder_version=&#8221;4.9.2&#8243; custom_button=&#8221;on&#8221; button_text_size=&#8221;15px&#8221; button_text_color=&#8221;#a31624&#8243; button_border_radius=&#8221;6px&#8221; button_icon=&#8221;%%72%%&#8221; button_icon_placement=&#8221;left&#8221; hover_enabled=&#8221;0&#8243; locked=&#8221;off&#8221; sticky_enabled=&#8221;0&#8243;][\/et_pb_button][\/et_pb_column][et_pb_column type=&#8221;1_2&#8243; _builder_version=&#8221;4.0.9&#8243;][et_pb_image src=&#8221;https:\/\/aigueliere.fr\/wp-content\/uploads\/2020\/07\/Nom_CR.jpg&#8221; _builder_version=&#8221;4.0.9&#8243; transform_scale=&#8221;62%|62%&#8221; custom_margin=&#8221;-64px||||false|false&#8221; custom_padding=&#8221;||0px|||&#8221;][\/et_pb_image][et_pb_text _builder_version=&#8221;4.0.9&#8243; custom_margin=&#8221;3px||||false|false&#8221; custom_padding=&#8221;||0px|||&#8221;]<\/p>\n<p><span style=\"font-size: large;\"><strong>AOP LANGUEDOC MONTPEYROUX<\/strong><\/span><br \/><strong>G\u00c9OLOGIE DES SOLS<\/strong><br \/>Terrasses rissi\u00e8nnes de l\u2019H\u00e9rault<br \/><strong>ENC\u00c9PAGEMENT<\/strong><br \/>Syrah, Grenache<br \/><strong>VINIFICATION<\/strong><br \/>En cuve inox \u00e0 temp\u00e9rature contr\u00f4l\u00e9e<br \/><strong>ELEVAGE<\/strong><br \/>En barrique durant 10 mois<br \/><strong>RENDEMENT<\/strong><br \/>25 Hl \/ ha<br \/><strong>PRODUCTION TOTALE<\/strong><br \/>8 000 bouteilles<\/p>\n<p>[\/et_pb_text][et_pb_text _builder_version=&#8221;4.5.4&#8243;]<\/p>\n<p><strong>COTE ROUSSE 2019<\/strong><\/p>\n<p><b>D<\/b><b>\u00e9gustation<\/b><\/p>\n<p>Une robe rouge cardinal soutenue.\u00a0 Un\u00a0 nez puissant tr\u00e8s complexe dans lequel se m\u00ealent\u00a0 des notes de fruits rouges bien m\u00fbrs (cassis, framboise), de vanille, de torr\u00e9faction. Sa bouche magnifique est en harmonie avec le nez, \u00e0 la fois fruit\u00e9e, \u00e9pic\u00e9e et ronde. Au fil de l\u2019a\u00e9ration on d\u00e9couvre des notes de fruits rouges, de caf\u00e9, de cacao.<\/p>\n<p>Ce vin \u00e0 la fois puissant, riche, rond et suave est tr\u00e8s bien \u00e9quilibr\u00e9.\u00a0 Ses beaux tanins fondus vont compl\u00e9ter votre plaisir sur le fruit pendant 2-3 ans et lui assureront une tr\u00e8s longue vie d\u2019au moins un quart de si\u00e8cle pendant laquelle il vous surprendra \u00e0 chacune de vos rencontres.<\/p>\n<p>Servir \u00e0 15\u00b0- 16\u00b0sur des viandes matur\u00e9es, viandes grill\u00e9es, civets, fromages \u00e9lev\u00e9s, chocolat noir.<\/p>\n<p><b>Recompenses <\/b><\/p>\n<p>Mill\u00e9sime 2018 Wine Advocate Robert Parker Note\u00a0 93 \/ 100 points<br \/>Mill\u00e9sime 2017 Wine Advocate Robert Parker Note\u00a0 95 \/ 100 points<\/p>\n<p>[\/et_pb_text][\/et_pb_column][et_pb_column type=&#8221;1_4&#8243; _builder_version=&#8221;4.0.9&#8243;][et_pb_image src=&#8221;https:\/\/aigueliere.fr\/wp-content\/uploads\/2020\/07\/robert_parker_new_logo_93-1080&#215;1087-1.png&#8221; title_text=&#8221;robert_parker_new_logo_93-1080&#215;1087&#8243; _builder_version=&#8221;4.4.8&#8243; transform_scale=&#8221;85%|85%&#8221; custom_margin=&#8221;||2px|||&#8221;][\/et_pb_image][et_pb_image src=&#8221;https:\/\/aigueliere.fr\/wp-content\/uploads\/2020\/08\/Livraison-Gratuite-2.jpg&#8221; title_text=&#8221;Livraison Gratuite 2&#8243; _builder_version=&#8221;4.5.4&#8243; transform_scale=&#8221;85%|85%&#8221; custom_margin=&#8221;||2px|||&#8221;][\/et_pb_image][et_pb_text _builder_version=&#8221;4.9.2&#8243; _module_preset=&#8221;default&#8221; hover_enabled=&#8221;0&#8243; sticky_enabled=&#8221;0&#8243;]<\/p>\n<p>Frais de port offerts \u00e0 partir de 100\u20acHT de commande<\/p>\n<p>[\/et_pb_text][\/et_pb_column][\/et_pb_row][et_pb_row _builder_version=&#8221;4.0.9&#8243;][et_pb_column type=&#8221;4_4&#8243; _builder_version=&#8221;4.0.9&#8243;][et_pb_toggle title=&#8221;TARIFS DEGRESSIFS&#8221; open_toggle_text_color=&#8221;#c5310d&#8221; icon_color=&#8221;#e02b20&#8243; use_icon_font_size=&#8221;on&#8221; icon_font_size=&#8221;25px&#8221; _builder_version=&#8221;4.9.2&#8243; title_level=&#8221;h4&#8243; hover_enabled=&#8221;0&#8243; locked=&#8221;off&#8221; sticky_enabled=&#8221;0&#8243;]<\/p>\n<table height=\"202\" style=\"width: 981px; margin-left: auto; margin-right: auto;\">\n<tbody>\n<tr>\n<td style=\"width: 180px; text-align: center;\">de 1 \u00e0 10 cartons<\/td>\n<td style=\"width: 194px; text-align: center;\">de 11 \u00e0 20 cartons<\/td>\n<td style=\"width: 191px; text-align: center;\">de 21 \u00e0 50 cartons<\/td>\n<td style=\"width: 189px; text-align: center;\">de 51 \u00e0 99 cartons<\/td>\n<td style=\"width: 193px; text-align: center;\">\u00e0 partir de 100 cartons<\/td>\n<\/tr>\n<tr>\n<td style=\"width: 180px;\">\n<h3 style=\"text-align: center;\"><strong>66.00\u20ac HT<\/strong><\/h3>\n<p style=\"text-align: center;\">soit 11.00\u20ac la bouteille<\/p>\n<\/td>\n<td style=\"width: 194px;\">\n<h3 style=\"text-align: center;\"><strong>63.00\u20ac HT<\/strong><\/h3>\n<p style=\"text-align: center;\">soit 10.50\u20ac la bouteille<\/p>\n<\/td>\n<td style=\"width: 191px; text-align: center;\">\n<h3><strong>60.00\u20ac HT<\/strong><\/h3>\n<p>soit 10.00\u20ac la bouteille<\/p>\n<\/td>\n<td style=\"width: 189px;\">\n<h3 style=\"text-align: center;\"><strong>57.00\u20ac HT<\/strong><\/h3>\n<p style=\"text-align: center;\">soit 9.50\u20ac la bouteille<\/p>\n<\/td>\n<td style=\"width: 193px;\">\n<h3 style=\"text-align: center;\"><strong>53.00\u20ac HT<\/strong><\/h3>\n<p style=\"text-align: center;\">soit 9.00\u20ac la bouteille<\/p>\n<\/td>\n<\/tr>\n<\/tbody>\n<\/table>\n<h3 style=\"text-align: center;\"><strong>Les frais de port sont offerts\u00a0 \u00e0 partir de 100\u20acHT de commande<\/strong><\/h3>\n<p>[\/et_pb_toggle][\/et_pb_column][\/et_pb_row][\/et_pb_section]<\/p>\n","protected":false},"excerpt":{"rendered":"<p>AOP LANGUEDOC MONTPEYROUXG\u00c9OLOGIE DES SOLSTerrasses rissi\u00e8nnes de l\u2019H\u00e9raultENC\u00c9PAGEMENTSyrah, GrenacheVINIFICATIONEn cuve inox \u00e0 temp\u00e9rature contr\u00f4l\u00e9eELEVAGEEn barrique durant 10 moisRENDEMENT25 Hl \/ haPRODUCTION TOTALE8 000 bouteillesCOTE ROUSSE 2019 D\u00e9gustation Une robe rouge cardinal soutenue.\u00a0 Un\u00a0 nez puissant tr\u00e8s complexe dans lequel se m\u00ealent\u00a0 des notes de fruits rouges bien m\u00fbrs (cassis, framboise), de vanille, de torr\u00e9faction. Sa [&hellip;]<\/p>\n","protected":false},"author":1,"featured_media":0,"parent":558,"menu_order":0,"comment_status":"closed","ping_status":"closed","template":"","meta":{"_et_pb_use_builder":"on","_et_pb_old_content":"","_et_gb_content_width":"","footnotes":""},"class_list":["post-589","page","type-page","status-publish","hentry"],"yoast_head":"<!-- This site is optimized with the Yoast SEO plugin v26.9 - https:\/\/yoast.com\/product\/yoast-seo-wordpress\/ -->\n<title>C\u00f4te Rousse - Domaine L&#039;Aigueli\u00e8re<\/title>\n<meta name=\"robots\" content=\"index, follow, max-snippet:-1, max-image-preview:large, max-video-preview:-1\" \/>\n<link rel=\"canonical\" href=\"https:\/\/aigueliere.fr\/index.php\/nos-vins\/cote-rousse\/\" \/>\n<meta property=\"og:locale\" content=\"fr_FR\" \/>\n<meta property=\"og:type\" content=\"article\" \/>\n<meta property=\"og:title\" content=\"C\u00f4te Rousse - Domaine L&#039;Aigueli\u00e8re\" \/>\n<meta property=\"og:description\" content=\"AOP LANGUEDOC MONTPEYROUXG\u00c9OLOGIE DES SOLSTerrasses rissi\u00e8nnes de l\u2019H\u00e9raultENC\u00c9PAGEMENTSyrah, GrenacheVINIFICATIONEn cuve inox \u00e0 temp\u00e9rature contr\u00f4l\u00e9eELEVAGEEn barrique durant 10 moisRENDEMENT25 Hl \/ haPRODUCTION TOTALE8 000 bouteillesCOTE ROUSSE 2019 D\u00e9gustation Une robe rouge cardinal soutenue.\u00a0 Un\u00a0 nez puissant tr\u00e8s complexe dans lequel se m\u00ealent\u00a0 des notes de fruits rouges bien m\u00fbrs (cassis, framboise), de vanille, de torr\u00e9faction. Sa [&hellip;]\" \/>\n<meta property=\"og:url\" content=\"https:\/\/aigueliere.fr\/index.php\/nos-vins\/cote-rousse\/\" \/>\n<meta property=\"og:site_name\" content=\"Domaine L&#039;Aigueli\u00e8re\" \/>\n<meta property=\"article:modified_time\" content=\"2021-03-14T18:00:25+00:00\" \/>\n<meta name=\"twitter:card\" content=\"summary_large_image\" \/>\n<meta name=\"twitter:label1\" content=\"Dur\u00e9e de lecture estim\u00e9e\" \/>\n\t<meta name=\"twitter:data1\" content=\"3 minutes\" \/>\n<script type=\"application\/ld+json\" class=\"yoast-schema-graph\">{\"@context\":\"https:\/\/schema.org\",\"@graph\":[{\"@type\":\"WebPage\",\"@id\":\"https:\/\/aigueliere.fr\/index.php\/nos-vins\/cote-rousse\/\",\"url\":\"https:\/\/aigueliere.fr\/index.php\/nos-vins\/cote-rousse\/\",\"name\":\"C\u00f4te Rousse - Domaine L&#039;Aigueli\u00e8re\",\"isPartOf\":{\"@id\":\"https:\/\/aigueliere.fr\/#website\"},\"datePublished\":\"2020-07-12T14:14:01+00:00\",\"dateModified\":\"2021-03-14T18:00:25+00:00\",\"breadcrumb\":{\"@id\":\"https:\/\/aigueliere.fr\/index.php\/nos-vins\/cote-rousse\/#breadcrumb\"},\"inLanguage\":\"fr-FR\",\"potentialAction\":[{\"@type\":\"ReadAction\",\"target\":[\"https:\/\/aigueliere.fr\/index.php\/nos-vins\/cote-rousse\/\"]}]},{\"@type\":\"BreadcrumbList\",\"@id\":\"https:\/\/aigueliere.fr\/index.php\/nos-vins\/cote-rousse\/#breadcrumb\",\"itemListElement\":[{\"@type\":\"ListItem\",\"position\":1,\"name\":\"Accueil\",\"item\":\"https:\/\/aigueliere.fr\/\"},{\"@type\":\"ListItem\",\"position\":2,\"name\":\"nos Vins\",\"item\":\"https:\/\/aigueliere.fr\/index.php\/nos-vins\/\"},{\"@type\":\"ListItem\",\"position\":3,\"name\":\"C\u00f4te Rousse\"}]},{\"@type\":\"WebSite\",\"@id\":\"https:\/\/aigueliere.fr\/#website\",\"url\":\"https:\/\/aigueliere.fr\/\",\"name\":\"Domaine L&#039;Aigueli\u00e8re\",\"description\":\"Un vigneron \u00e0 votre \u00e9coute\",\"potentialAction\":[{\"@type\":\"SearchAction\",\"target\":{\"@type\":\"EntryPoint\",\"urlTemplate\":\"https:\/\/aigueliere.fr\/?s={search_term_string}\"},\"query-input\":{\"@type\":\"PropertyValueSpecification\",\"valueRequired\":true,\"valueName\":\"search_term_string\"}}],\"inLanguage\":\"fr-FR\"}]}<\/script>\n<!-- \/ Yoast SEO plugin. -->","yoast_head_json":{"title":"C\u00f4te Rousse - Domaine L&#039;Aigueli\u00e8re","robots":{"index":"index","follow":"follow","max-snippet":"max-snippet:-1","max-image-preview":"max-image-preview:large","max-video-preview":"max-video-preview:-1"},"canonical":"https:\/\/aigueliere.fr\/index.php\/nos-vins\/cote-rousse\/","og_locale":"fr_FR","og_type":"article","og_title":"C\u00f4te Rousse - Domaine L&#039;Aigueli\u00e8re","og_description":"AOP LANGUEDOC MONTPEYROUXG\u00c9OLOGIE DES SOLSTerrasses rissi\u00e8nnes de l\u2019H\u00e9raultENC\u00c9PAGEMENTSyrah, GrenacheVINIFICATIONEn cuve inox \u00e0 temp\u00e9rature contr\u00f4l\u00e9eELEVAGEEn barrique durant 10 moisRENDEMENT25 Hl \/ haPRODUCTION TOTALE8 000 bouteillesCOTE ROUSSE 2019 D\u00e9gustation Une robe rouge cardinal soutenue.\u00a0 Un\u00a0 nez puissant tr\u00e8s complexe dans lequel se m\u00ealent\u00a0 des notes de fruits rouges bien m\u00fbrs (cassis, framboise), de vanille, de torr\u00e9faction. Sa [&hellip;]","og_url":"https:\/\/aigueliere.fr\/index.php\/nos-vins\/cote-rousse\/","og_site_name":"Domaine L&#039;Aigueli\u00e8re","article_modified_time":"2021-03-14T18:00:25+00:00","twitter_card":"summary_large_image","twitter_misc":{"Dur\u00e9e de lecture estim\u00e9e":"3 minutes"},"schema":{"@context":"https:\/\/schema.org","@graph":[{"@type":"WebPage","@id":"https:\/\/aigueliere.fr\/index.php\/nos-vins\/cote-rousse\/","url":"https:\/\/aigueliere.fr\/index.php\/nos-vins\/cote-rousse\/","name":"C\u00f4te Rousse - Domaine L&#039;Aigueli\u00e8re","isPartOf":{"@id":"https:\/\/aigueliere.fr\/#website"},"datePublished":"2020-07-12T14:14:01+00:00","dateModified":"2021-03-14T18:00:25+00:00","breadcrumb":{"@id":"https:\/\/aigueliere.fr\/index.php\/nos-vins\/cote-rousse\/#breadcrumb"},"inLanguage":"fr-FR","potentialAction":[{"@type":"ReadAction","target":["https:\/\/aigueliere.fr\/index.php\/nos-vins\/cote-rousse\/"]}]},{"@type":"BreadcrumbList","@id":"https:\/\/aigueliere.fr\/index.php\/nos-vins\/cote-rousse\/#breadcrumb","itemListElement":[{"@type":"ListItem","position":1,"name":"Accueil","item":"https:\/\/aigueliere.fr\/"},{"@type":"ListItem","position":2,"name":"nos Vins","item":"https:\/\/aigueliere.fr\/index.php\/nos-vins\/"},{"@type":"ListItem","position":3,"name":"C\u00f4te Rousse"}]},{"@type":"WebSite","@id":"https:\/\/aigueliere.fr\/#website","url":"https:\/\/aigueliere.fr\/","name":"Domaine L&#039;Aigueli\u00e8re","description":"Un vigneron \u00e0 votre \u00e9coute","potentialAction":[{"@type":"SearchAction","target":{"@type":"EntryPoint","urlTemplate":"https:\/\/aigueliere.fr\/?s={search_term_string}"},"query-input":{"@type":"PropertyValueSpecification","valueRequired":true,"valueName":"search_term_string"}}],"inLanguage":"fr-FR"}]}},"_links":{"self":[{"href":"https:\/\/aigueliere.fr\/index.php\/wp-json\/wp\/v2\/pages\/589","targetHints":{"allow":["GET"]}}],"collection":[{"href":"https:\/\/aigueliere.fr\/index.php\/wp-json\/wp\/v2\/pages"}],"about":[{"href":"https:\/\/aigueliere.fr\/index.php\/wp-json\/wp\/v2\/types\/page"}],"author":[{"embeddable":true,"href":"https:\/\/aigueliere.fr\/index.php\/wp-json\/wp\/v2\/users\/1"}],"replies":[{"embeddable":true,"href":"https:\/\/aigueliere.fr\/index.php\/wp-json\/wp\/v2\/comments?post=589"}],"version-history":[{"count":9,"href":"https:\/\/aigueliere.fr\/index.php\/wp-json\/wp\/v2\/pages\/589\/revisions"}],"predecessor-version":[{"id":1380,"href":"https:\/\/aigueliere.fr\/index.php\/wp-json\/wp\/v2\/pages\/589\/revisions\/1380"}],"up":[{"embeddable":true,"href":"https:\/\/aigueliere.fr\/index.php\/wp-json\/wp\/v2\/pages\/558"}],"wp:attachment":[{"href":"https:\/\/aigueliere.fr\/index.php\/wp-json\/wp\/v2\/media?parent=589"}],"curies":[{"name":"wp","href":"https:\/\/api.w.org\/{rel}","templated":true}]}}