{"id":703,"date":"2020-07-16T19:04:17","date_gmt":"2020-07-16T17:04:17","guid":{"rendered":"https:\/\/aigueliere.fr\/?page_id=703"},"modified":"2022-11-13T18:28:56","modified_gmt":"2022-11-13T17:28:56","slug":"chr","status":"publish","type":"page","link":"https:\/\/aigueliere.fr\/index.php\/nos-clients\/chr\/","title":{"rendered":"CHR"},"content":{"rendered":"<p>[et_pb_section fb_built=&#8221;1&#8243; _builder_version=&#8221;4.16&#8243; _module_preset=&#8221;default&#8221; custom_padding=&#8221;5px||0px|||&#8221; locked=&#8221;off&#8221; global_colors_info=&#8221;{}&#8221;][et_pb_row _builder_version=&#8221;4.16&#8243; _module_preset=&#8221;default&#8221; custom_padding=&#8221;6px||6px|||&#8221; global_colors_info=&#8221;{}&#8221;][et_pb_column type=&#8221;4_4&#8243; _builder_version=&#8221;4.16&#8243; _module_preset=&#8221;default&#8221; global_colors_info=&#8221;{}&#8221;][et_pb_woopro_breadcrumb _builder_version=&#8221;4.16&#8243; _module_preset=&#8221;default&#8221; global_colors_info=&#8221;{}&#8221;][\/et_pb_woopro_breadcrumb][\/et_pb_column][\/et_pb_row][\/et_pb_section][et_pb_section fb_built=&#8221;1&#8243; _builder_version=&#8221;4.16&#8243; _module_preset=&#8221;default&#8221; background_image=&#8221;https:\/\/aigueliere.fr\/wp-content\/uploads\/2020\/07\/resto_bandeau.jpg&#8221; custom_padding=&#8221;105px||157px|||&#8221; global_colors_info=&#8221;{}&#8221;][\/et_pb_section][et_pb_section fb_built=&#8221;1&#8243; fullwidth=&#8221;on&#8221; _builder_version=&#8221;4.16&#8243; _module_preset=&#8221;default&#8221; global_colors_info=&#8221;{}&#8221;][et_pb_fullwidth_header title=&#8221;Caf\u00e9s, Hotels, Restaurants&#8221; subhead=&#8221;nos services \u00e0 destination des Caf\u00e9s, Hotels et Restaurants&#8221; _builder_version=&#8221;4.16&#8243; _module_preset=&#8221;default&#8221; title_text_align=&#8221;center&#8221; subhead_text_align=&#8221;center&#8221; background_color=&#8221;#c5310d&#8221; custom_padding=&#8221;3px||8px|||&#8221; global_colors_info=&#8221;{}&#8221;][\/et_pb_fullwidth_header][\/et_pb_section][et_pb_section fb_built=&#8221;1&#8243; _builder_version=&#8221;4.16&#8243; _module_preset=&#8221;default&#8221; custom_padding=&#8221;0px||7px|||&#8221; global_colors_info=&#8221;{}&#8221;][et_pb_row column_structure=&#8221;1_3,2_3&#8243; _builder_version=&#8221;4.16&#8243; _module_preset=&#8221;default&#8221; width=&#8221;100%&#8221; custom_padding=&#8221;||9px|||&#8221; global_colors_info=&#8221;{}&#8221;][et_pb_column type=&#8221;1_3&#8243; _builder_version=&#8221;4.16&#8243; _module_preset=&#8221;default&#8221; global_colors_info=&#8221;{}&#8221;][et_pb_image src=&#8221;https:\/\/aigueliere.fr\/wp-content\/uploads\/2020\/07\/resto_salle.jpg&#8221; title_text=&#8221;resto_salle&#8221; _builder_version=&#8221;4.16&#8243; _module_preset=&#8221;default&#8221; custom_margin=&#8221;|-43px||-233px|false|false&#8221; global_colors_info=&#8221;{}&#8221;][\/et_pb_image][\/et_pb_column][et_pb_column type=&#8221;2_3&#8243; _builder_version=&#8221;4.16&#8243; _module_preset=&#8221;default&#8221; global_colors_info=&#8221;{}&#8221;][et_pb_text _builder_version=&#8221;4.16&#8243; _module_preset=&#8221;default&#8221; width=&#8221;100%&#8221; min_height=&#8221;374px&#8221; custom_margin=&#8221;||1px|||&#8221; custom_padding=&#8221;|0px|5px|15px|false|false&#8221; global_colors_info=&#8221;{}&#8221;]<\/p>\n<h3><strong>&#8230;.. des services personnalis\u00e9s<\/strong><\/h3>\n<ul wfd-id=\"316\">\n<li wfd-id=\"322\">Notre <a href=\"https:\/\/aigueliere.fr\/index.php\/boutique\/\" title=\"vers notre Boutique Pro\">e-boutique en ligne<\/a>, est en mesure de r\u00e9pondre \u00e0 tous vos besoins, en vous proposant les meilleurs prix en fonction des quantit\u00e9s command\u00e9es<\/li>\n<li wfd-id=\"321\">Nous avons mis en place une <strong>livraison offerte<\/strong> sur tout le territoire fran\u00e7ais, quelle que soit le montant de votre commande.<\/li>\n<li wfd-id=\"320\">Nous vous proposons un pack &#8220;<em><strong>D\u00e9couverte de notre Domaine<\/strong><\/em>&#8221; afin que vous puissiez d\u00e9guster nos diff\u00e9rentes cuv\u00e9es<\/li>\n<li wfd-id=\"319\">Si vous le souhaitez, \u00e0 r\u00e9ception de ce pack, nous pouvons organiser une d\u00e9gustation en visio-conf\u00e9rence<\/li>\n<li wfd-id=\"318\">Sur notre site e-boutique, tous les moyens de paiements s\u00e9curis\u00e9s sont \u00e0 votre disposition : Cartes bancaires, Virement SEPA, Pr\u00e9l\u00e8vement SEPA, Ch\u00e8que, Pay Pal<br \/>\n<h3><strong><img loading=\"lazy\" decoding=\"async\" class=\"wp-image-661 aligncenter size-medium\" src=\"https:\/\/aigueliere.fr\/wp-content\/uploads\/Modes-payement-300x40.png\" alt=\"\" width=\"300\" height=\"40\" \/><\/strong><\/h3>\n<\/li>\n<li wfd-id=\"317\">Vous pouvez aussi passez commande de mani\u00e8re traditionnelle en t\u00e9l\u00e9chargeant le Bon de Commande ci-dessous (au format PDF ou EXCEL \u00e0 votre choix)<\/li>\n<\/ul>\n<p>[\/et_pb_text][\/et_pb_column][\/et_pb_row][\/et_pb_section][et_pb_section fb_built=&#8221;1&#8243; _builder_version=&#8221;4.19.0&#8243; _module_preset=&#8221;default&#8221; custom_padding=&#8221;7px|||||&#8221; hover_enabled=&#8221;0&#8243; global_colors_info=&#8221;{}&#8221; disabled_on=&#8221;on|on|on&#8221; disabled=&#8221;on&#8221; sticky_enabled=&#8221;0&#8243;][et_pb_row column_structure=&#8221;1_3,1_3,1_3&#8243; _builder_version=&#8221;4.16&#8243; _module_preset=&#8221;default&#8221; custom_padding=&#8221;1px||8px|||&#8221; global_colors_info=&#8221;{}&#8221;][et_pb_column type=&#8221;1_3&#8243; _builder_version=&#8221;4.16&#8243; _module_preset=&#8221;default&#8221; global_colors_info=&#8221;{}&#8221;][et_pb_text _builder_version=&#8221;4.16&#8243; _module_preset=&#8221;default&#8221; global_colors_info=&#8221;{}&#8221;]<\/p>\n<p style=\"text-align: center;\"><a href=\"https:\/\/aigueliere.fr\/wp-content\/uploads\/Documents\/Bon-commande-Pro-2020_V2.pdf\" target=\"_blank\" rel=\"noopener noreferrer\">T\u00e9l\u00e9charger le Bon de Commande en PDF<\/a><\/p>\n<p>[\/et_pb_text][\/et_pb_column][et_pb_column type=&#8221;1_3&#8243; _builder_version=&#8221;4.16&#8243; _module_preset=&#8221;default&#8221; global_colors_info=&#8221;{}&#8221;][et_pb_text _builder_version=&#8221;4.16&#8243; _module_preset=&#8221;default&#8221; global_colors_info=&#8221;{}&#8221;]<\/p>\n<p style=\"text-align: center;\"><a href=\"https:\/\/aigueliere.fr\/wp-content\/uploads\/Documents\/Bon-Commande-Pro-07-2020.xlsx\" target=\"_blank\" rel=\"noopener noreferrer\">T\u00e9l\u00e9charger le Bon de Commande Excel<\/a><\/p>\n<p>[\/et_pb_text][\/et_pb_column][et_pb_column type=&#8221;1_3&#8243; _builder_version=&#8221;4.16&#8243; _module_preset=&#8221;default&#8221; global_colors_info=&#8221;{}&#8221;][et_pb_text _builder_version=&#8221;4.16&#8243; _module_preset=&#8221;default&#8221; global_colors_info=&#8221;{}&#8221;]<\/p>\n<p style=\"text-align: center;\"><a href=\"https:\/\/aigueliere.fr\/wp-content\/uploads\/Documents\/Modes-Paiement-BC-Pro-2020_V2-scaled.jpg\" target=\"_blank\" rel=\"noopener noreferrer\">T\u00e9l\u00e9charger les Modes de r\u00e8glement en PDF<\/a><\/p>\n<p>[\/et_pb_text][\/et_pb_column][\/et_pb_row][et_pb_row column_structure=&#8221;1_3,1_3,1_3&#8243; _builder_version=&#8221;4.16&#8243; _module_preset=&#8221;default&#8221; custom_padding=&#8221;5px||18px|||&#8221; global_colors_info=&#8221;{}&#8221;][et_pb_column type=&#8221;1_3&#8243; _builder_version=&#8221;4.16&#8243; _module_preset=&#8221;default&#8221; global_colors_info=&#8221;{}&#8221;][et_pb_image src=&#8221;https:\/\/aigueliere.fr\/wp-content\/uploads\/Documents\/Bon-commande-Pro-2020-scaled.jpg&#8221; title_text=&#8221;Bon commande Pro 2020&#8243; url=&#8221;https:\/\/aigueliere.fr\/wp-content\/uploads\/Documents\/Bon-commande-Pro-2021_V1.pdf&#8221; url_new_window=&#8221;on&#8221; align=&#8221;center&#8221; _builder_version=&#8221;4.16&#8243; _module_preset=&#8221;default&#8221; width=&#8221;81%&#8221; border_width_all=&#8221;1px&#8221; border_color_all=&#8221;#b2b2b2&#8243; box_shadow_style=&#8221;preset2&#8243; global_colors_info=&#8221;{}&#8221;][\/et_pb_image][\/et_pb_column][et_pb_column type=&#8221;1_3&#8243; _builder_version=&#8221;4.16&#8243; _module_preset=&#8221;default&#8221; global_colors_info=&#8221;{}&#8221;][et_pb_image src=&#8221;https:\/\/aigueliere.fr\/wp-content\/uploads\/Tarifs\/Bon-Commande-Pro-XLS-300&#215;180.jpg&#8221; title_text=&#8221;Bon Commande Pro 06 2020.xlsx&#8221; url=&#8221;https:\/\/aigueliere.fr\/wp-content\/uploads\/Documents\/Bon-Commande-Pro-03-2021.xlsx&#8221; url_new_window=&#8221;on&#8221; align=&#8221;center&#8221; _builder_version=&#8221;4.16&#8243; _module_preset=&#8221;default&#8221; width=&#8221;100%&#8221; custom_margin=&#8221;||-3px|||&#8221; border_width_all=&#8221;1px&#8221; border_color_all=&#8221;#b2b2b2&#8243; box_shadow_style=&#8221;preset2&#8243; global_colors_info=&#8221;{}&#8221;][\/et_pb_image][\/et_pb_column][et_pb_column type=&#8221;1_3&#8243; _builder_version=&#8221;4.16&#8243; _module_preset=&#8221;default&#8221; global_colors_info=&#8221;{}&#8221;][et_pb_image src=&#8221;https:\/\/aigueliere.fr\/wp-content\/uploads\/Documents\/Modes-Paiement-BC-Pro-2020_V2-704&#215;1024.jpg&#8221; title_text=&#8221;Modes Paiement BC Pro 2020_V2&#8243; url=&#8221;https:\/\/aigueliere.fr\/wp-content\/uploads\/Documents\/Modes-Paiement-BC-Pro-2020_V2-scaled.jpg&#8221; url_new_window=&#8221;on&#8221; align=&#8221;center&#8221; _builder_version=&#8221;4.16&#8243; _module_preset=&#8221;default&#8221; width=&#8221;47%&#8221; border_radii=&#8221;on|1px|1px|1px|1px&#8221; border_width_all=&#8221;1px&#8221; border_color_all=&#8221;#b5b5b5&#8243; box_shadow_style=&#8221;preset2&#8243; global_colors_info=&#8221;{}&#8221;][\/et_pb_image][\/et_pb_column][\/et_pb_row][\/et_pb_section]<\/p>\n","protected":false},"excerpt":{"rendered":"<p>&#8230;.. des services personnalis\u00e9s Notre e-boutique en ligne, est en mesure de r\u00e9pondre \u00e0 tous vos besoins, en vous proposant les meilleurs prix en fonction des quantit\u00e9s command\u00e9es Nous avons mis en place une livraison offerte sur tout le territoire fran\u00e7ais, quelle que soit le montant de votre commande. Nous vous proposons un pack &#8220;D\u00e9couverte [&hellip;]<\/p>\n","protected":false},"author":1,"featured_media":0,"parent":714,"menu_order":0,"comment_status":"closed","ping_status":"closed","template":"","meta":{"_et_pb_use_builder":"on","_et_pb_old_content":"","_et_gb_content_width":"","footnotes":""},"class_list":["post-703","page","type-page","status-publish","hentry"],"yoast_head":"<!-- This site is optimized with the Yoast SEO plugin v26.9 - https:\/\/yoast.com\/product\/yoast-seo-wordpress\/ -->\n<title>CHR - Domaine L&#039;Aigueli\u00e8re<\/title>\n<meta name=\"robots\" content=\"index, follow, max-snippet:-1, max-image-preview:large, max-video-preview:-1\" \/>\n<link rel=\"canonical\" href=\"https:\/\/aigueliere.fr\/index.php\/nos-clients\/chr\/\" \/>\n<meta property=\"og:locale\" content=\"fr_FR\" \/>\n<meta property=\"og:type\" content=\"article\" \/>\n<meta property=\"og:title\" content=\"CHR - Domaine L&#039;Aigueli\u00e8re\" \/>\n<meta property=\"og:description\" content=\"..... des services personnalis\u00e9s Notre e-boutique en ligne, est en mesure de r\u00e9pondre \u00e0 tous vos besoins, en vous proposant les meilleurs prix en fonction des quantit\u00e9s command\u00e9es Nous avons mis en place une livraison offerte sur tout le territoire fran\u00e7ais, quelle que soit le montant de votre commande. Nous vous proposons un pack &quot;D\u00e9couverte [&hellip;]\" \/>\n<meta property=\"og:url\" content=\"https:\/\/aigueliere.fr\/index.php\/nos-clients\/chr\/\" \/>\n<meta property=\"og:site_name\" content=\"Domaine L&#039;Aigueli\u00e8re\" \/>\n<meta property=\"article:modified_time\" content=\"2022-11-13T17:28:56+00:00\" \/>\n<meta property=\"og:image\" content=\"https:\/\/aigueliere.fr\/wp-content\/uploads\/Modes-payement-300x40.png\" \/>\n<meta name=\"twitter:card\" content=\"summary_large_image\" \/>\n<meta name=\"twitter:label1\" content=\"Dur\u00e9e de lecture estim\u00e9e\" \/>\n\t<meta name=\"twitter:data1\" content=\"4 minutes\" \/>\n<script type=\"application\/ld+json\" class=\"yoast-schema-graph\">{\"@context\":\"https:\/\/schema.org\",\"@graph\":[{\"@type\":\"WebPage\",\"@id\":\"https:\/\/aigueliere.fr\/index.php\/nos-clients\/chr\/\",\"url\":\"https:\/\/aigueliere.fr\/index.php\/nos-clients\/chr\/\",\"name\":\"CHR - Domaine L&#039;Aigueli\u00e8re\",\"isPartOf\":{\"@id\":\"https:\/\/aigueliere.fr\/#website\"},\"primaryImageOfPage\":{\"@id\":\"https:\/\/aigueliere.fr\/index.php\/nos-clients\/chr\/#primaryimage\"},\"image\":{\"@id\":\"https:\/\/aigueliere.fr\/index.php\/nos-clients\/chr\/#primaryimage\"},\"thumbnailUrl\":\"https:\/\/aigueliere.fr\/wp-content\/uploads\/Modes-payement-300x40.png\",\"datePublished\":\"2020-07-16T17:04:17+00:00\",\"dateModified\":\"2022-11-13T17:28:56+00:00\",\"breadcrumb\":{\"@id\":\"https:\/\/aigueliere.fr\/index.php\/nos-clients\/chr\/#breadcrumb\"},\"inLanguage\":\"fr-FR\",\"potentialAction\":[{\"@type\":\"ReadAction\",\"target\":[\"https:\/\/aigueliere.fr\/index.php\/nos-clients\/chr\/\"]}]},{\"@type\":\"ImageObject\",\"inLanguage\":\"fr-FR\",\"@id\":\"https:\/\/aigueliere.fr\/index.php\/nos-clients\/chr\/#primaryimage\",\"url\":\"https:\/\/aigueliere.fr\/wp-content\/uploads\/Modes-payement.png\",\"contentUrl\":\"https:\/\/aigueliere.fr\/wp-content\/uploads\/Modes-payement.png\",\"width\":3888,\"height\":524},{\"@type\":\"BreadcrumbList\",\"@id\":\"https:\/\/aigueliere.fr\/index.php\/nos-clients\/chr\/#breadcrumb\",\"itemListElement\":[{\"@type\":\"ListItem\",\"position\":1,\"name\":\"Accueil\",\"item\":\"https:\/\/aigueliere.fr\/\"},{\"@type\":\"ListItem\",\"position\":2,\"name\":\"Nos clients\",\"item\":\"https:\/\/aigueliere.fr\/index.php\/nos-clients\/\"},{\"@type\":\"ListItem\",\"position\":3,\"name\":\"CHR\"}]},{\"@type\":\"WebSite\",\"@id\":\"https:\/\/aigueliere.fr\/#website\",\"url\":\"https:\/\/aigueliere.fr\/\",\"name\":\"Domaine L&#039;Aigueli\u00e8re\",\"description\":\"Un vigneron \u00e0 votre \u00e9coute\",\"potentialAction\":[{\"@type\":\"SearchAction\",\"target\":{\"@type\":\"EntryPoint\",\"urlTemplate\":\"https:\/\/aigueliere.fr\/?s={search_term_string}\"},\"query-input\":{\"@type\":\"PropertyValueSpecification\",\"valueRequired\":true,\"valueName\":\"search_term_string\"}}],\"inLanguage\":\"fr-FR\"}]}<\/script>\n<!-- \/ Yoast SEO plugin. -->","yoast_head_json":{"title":"CHR - Domaine L&#039;Aigueli\u00e8re","robots":{"index":"index","follow":"follow","max-snippet":"max-snippet:-1","max-image-preview":"max-image-preview:large","max-video-preview":"max-video-preview:-1"},"canonical":"https:\/\/aigueliere.fr\/index.php\/nos-clients\/chr\/","og_locale":"fr_FR","og_type":"article","og_title":"CHR - Domaine L&#039;Aigueli\u00e8re","og_description":"..... des services personnalis\u00e9s Notre e-boutique en ligne, est en mesure de r\u00e9pondre \u00e0 tous vos besoins, en vous proposant les meilleurs prix en fonction des quantit\u00e9s command\u00e9es Nous avons mis en place une livraison offerte sur tout le territoire fran\u00e7ais, quelle que soit le montant de votre commande. Nous vous proposons un pack \"D\u00e9couverte [&hellip;]","og_url":"https:\/\/aigueliere.fr\/index.php\/nos-clients\/chr\/","og_site_name":"Domaine L&#039;Aigueli\u00e8re","article_modified_time":"2022-11-13T17:28:56+00:00","og_image":[{"url":"https:\/\/aigueliere.fr\/wp-content\/uploads\/Modes-payement-300x40.png","type":"","width":"","height":""}],"twitter_card":"summary_large_image","twitter_misc":{"Dur\u00e9e de lecture estim\u00e9e":"4 minutes"},"schema":{"@context":"https:\/\/schema.org","@graph":[{"@type":"WebPage","@id":"https:\/\/aigueliere.fr\/index.php\/nos-clients\/chr\/","url":"https:\/\/aigueliere.fr\/index.php\/nos-clients\/chr\/","name":"CHR - Domaine L&#039;Aigueli\u00e8re","isPartOf":{"@id":"https:\/\/aigueliere.fr\/#website"},"primaryImageOfPage":{"@id":"https:\/\/aigueliere.fr\/index.php\/nos-clients\/chr\/#primaryimage"},"image":{"@id":"https:\/\/aigueliere.fr\/index.php\/nos-clients\/chr\/#primaryimage"},"thumbnailUrl":"https:\/\/aigueliere.fr\/wp-content\/uploads\/Modes-payement-300x40.png","datePublished":"2020-07-16T17:04:17+00:00","dateModified":"2022-11-13T17:28:56+00:00","breadcrumb":{"@id":"https:\/\/aigueliere.fr\/index.php\/nos-clients\/chr\/#breadcrumb"},"inLanguage":"fr-FR","potentialAction":[{"@type":"ReadAction","target":["https:\/\/aigueliere.fr\/index.php\/nos-clients\/chr\/"]}]},{"@type":"ImageObject","inLanguage":"fr-FR","@id":"https:\/\/aigueliere.fr\/index.php\/nos-clients\/chr\/#primaryimage","url":"https:\/\/aigueliere.fr\/wp-content\/uploads\/Modes-payement.png","contentUrl":"https:\/\/aigueliere.fr\/wp-content\/uploads\/Modes-payement.png","width":3888,"height":524},{"@type":"BreadcrumbList","@id":"https:\/\/aigueliere.fr\/index.php\/nos-clients\/chr\/#breadcrumb","itemListElement":[{"@type":"ListItem","position":1,"name":"Accueil","item":"https:\/\/aigueliere.fr\/"},{"@type":"ListItem","position":2,"name":"Nos clients","item":"https:\/\/aigueliere.fr\/index.php\/nos-clients\/"},{"@type":"ListItem","position":3,"name":"CHR"}]},{"@type":"WebSite","@id":"https:\/\/aigueliere.fr\/#website","url":"https:\/\/aigueliere.fr\/","name":"Domaine L&#039;Aigueli\u00e8re","description":"Un vigneron \u00e0 votre \u00e9coute","potentialAction":[{"@type":"SearchAction","target":{"@type":"EntryPoint","urlTemplate":"https:\/\/aigueliere.fr\/?s={search_term_string}"},"query-input":{"@type":"PropertyValueSpecification","valueRequired":true,"valueName":"search_term_string"}}],"inLanguage":"fr-FR"}]}},"_links":{"self":[{"href":"https:\/\/aigueliere.fr\/index.php\/wp-json\/wp\/v2\/pages\/703","targetHints":{"allow":["GET"]}}],"collection":[{"href":"https:\/\/aigueliere.fr\/index.php\/wp-json\/wp\/v2\/pages"}],"about":[{"href":"https:\/\/aigueliere.fr\/index.php\/wp-json\/wp\/v2\/types\/page"}],"author":[{"embeddable":true,"href":"https:\/\/aigueliere.fr\/index.php\/wp-json\/wp\/v2\/users\/1"}],"replies":[{"embeddable":true,"href":"https:\/\/aigueliere.fr\/index.php\/wp-json\/wp\/v2\/comments?post=703"}],"version-history":[{"count":15,"href":"https:\/\/aigueliere.fr\/index.php\/wp-json\/wp\/v2\/pages\/703\/revisions"}],"predecessor-version":[{"id":1417,"href":"https:\/\/aigueliere.fr\/index.php\/wp-json\/wp\/v2\/pages\/703\/revisions\/1417"}],"up":[{"embeddable":true,"href":"https:\/\/aigueliere.fr\/index.php\/wp-json\/wp\/v2\/pages\/714"}],"wp:attachment":[{"href":"https:\/\/aigueliere.fr\/index.php\/wp-json\/wp\/v2\/media?parent=703"}],"curies":[{"name":"wp","href":"https:\/\/api.w.org\/{rel}","templated":true}]}}