{"id":714,"date":"2020-07-16T19:23:25","date_gmt":"2020-07-16T17:23:25","guid":{"rendered":"https:\/\/aigueliere.fr\/?page_id=714"},"modified":"2020-08-07T11:07:36","modified_gmt":"2020-08-07T09:07:36","slug":"nos-clients","status":"publish","type":"page","link":"https:\/\/aigueliere.fr\/index.php\/nos-clients\/","title":{"rendered":"Nos clients"},"content":{"rendered":"<p>[et_pb_section fb_built=&#8221;1&#8243; _builder_version=&#8221;4.5.3&#8243; _module_preset=&#8221;default&#8221; custom_padding=&#8221;5px||0px|||&#8221; locked=&#8221;off&#8221;][et_pb_row _builder_version=&#8221;4.5.3&#8243; _module_preset=&#8221;default&#8221; custom_padding=&#8221;6px||6px|||&#8221;][et_pb_column type=&#8221;4_4&#8243; _builder_version=&#8221;4.5.3&#8243; _module_preset=&#8221;default&#8221;][et_pb_woopro_breadcrumb _builder_version=&#8221;4.5.3&#8243; _module_preset=&#8221;default&#8221;][\/et_pb_woopro_breadcrumb][\/et_pb_column][\/et_pb_row][\/et_pb_section][et_pb_section fb_built=&#8221;1&#8243; _builder_version=&#8221;4.5.1&#8243; _module_preset=&#8221;default&#8221;][et_pb_row column_structure=&#8221;1_4,1_4,1_4,1_4&#8243; _builder_version=&#8221;4.5.1&#8243; _module_preset=&#8221;default&#8221;][et_pb_column type=&#8221;1_4&#8243; _builder_version=&#8221;4.5.1&#8243; _module_preset=&#8221;default&#8221;][et_pb_image src=&#8221;https:\/\/aigueliere.fr\/wp-content\/uploads\/IMAGES\/restaurant_cercle.png&#8221; title_text=&#8221;restaurant_cercle&#8221; _builder_version=&#8221;4.5.3&#8243; _module_preset=&#8221;default&#8221; hover_enabled=&#8221;0&#8243; url=&#8221;@ET-DC@eyJkeW5hbWljIjp0cnVlLCJjb250ZW50IjoicG9zdF9saW5rX3VybF9wYWdlIiwic2V0dGluZ3MiOnsicG9zdF9pZCI6IjcwMyJ9fQ==@&#8221; _dynamic_attributes=&#8221;url&#8221;][\/et_pb_image][\/et_pb_column][et_pb_column type=&#8221;1_4&#8243; _builder_version=&#8221;4.5.1&#8243; _module_preset=&#8221;default&#8221;][et_pb_image src=&#8221;https:\/\/aigueliere.fr\/wp-content\/uploads\/IMAGES\/Caviste_cercle.png&#8221; title_text=&#8221;Caviste_cercle&#8221; _builder_version=&#8221;4.5.3&#8243; _module_preset=&#8221;default&#8221; hover_enabled=&#8221;0&#8243; url=&#8221;@ET-DC@eyJkeW5hbWljIjp0cnVlLCJjb250ZW50IjoicG9zdF9saW5rX3VybF9wYWdlIiwic2V0dGluZ3MiOnsicG9zdF9pZCI6IjY3NSJ9fQ==@&#8221; _dynamic_attributes=&#8221;url&#8221;][\/et_pb_image][\/et_pb_column][et_pb_column type=&#8221;1_4&#8243; _builder_version=&#8221;4.5.1&#8243; _module_preset=&#8221;default&#8221;][et_pb_image src=&#8221;https:\/\/aigueliere.fr\/wp-content\/uploads\/IMAGES\/Grossiste_cercle.png&#8221; title_text=&#8221;Grossiste_cercle&#8221; _builder_version=&#8221;4.5.3&#8243; _module_preset=&#8221;default&#8221; hover_enabled=&#8221;0&#8243; url=&#8221;@ET-DC@eyJkeW5hbWljIjp0cnVlLCJjb250ZW50IjoicG9zdF9saW5rX3VybF9wYWdlIiwic2V0dGluZ3MiOnsicG9zdF9pZCI6IjcyMSJ9fQ==@&#8221; _dynamic_attributes=&#8221;url&#8221;][\/et_pb_image][\/et_pb_column][et_pb_column type=&#8221;1_4&#8243; _builder_version=&#8221;4.5.1&#8243; _module_preset=&#8221;default&#8221;][et_pb_image src=&#8221;https:\/\/aigueliere.fr\/wp-content\/uploads\/IMAGES\/Exportateur_cercle.png&#8221; title_text=&#8221;Exportateur_cercle&#8221; _builder_version=&#8221;4.5.3&#8243; _module_preset=&#8221;default&#8221; hover_enabled=&#8221;0&#8243; url=&#8221;@ET-DC@eyJkeW5hbWljIjp0cnVlLCJjb250ZW50IjoicG9zdF9saW5rX3VybF9wYWdlIiwic2V0dGluZ3MiOnsicG9zdF9pZCI6IjcyNiJ9fQ==@&#8221; _dynamic_attributes=&#8221;url&#8221;][\/et_pb_image][\/et_pb_column][\/et_pb_row][\/et_pb_section]<\/p>\n","protected":false},"excerpt":{"rendered":"","protected":false},"author":1,"featured_media":0,"parent":0,"menu_order":0,"comment_status":"closed","ping_status":"closed","template":"","meta":{"_et_pb_use_builder":"on","_et_pb_old_content":"","_et_gb_content_width":"","footnotes":""},"class_list":["post-714","page","type-page","status-publish","hentry"],"yoast_head":"<!-- This site is optimized with the Yoast SEO plugin v26.9 - https:\/\/yoast.com\/product\/yoast-seo-wordpress\/ -->\n<title>Nos clients - Domaine L&#039;Aigueli\u00e8re<\/title>\n<meta name=\"robots\" content=\"index, follow, max-snippet:-1, max-image-preview:large, max-video-preview:-1\" \/>\n<link rel=\"canonical\" href=\"https:\/\/aigueliere.fr\/index.php\/nos-clients\/\" \/>\n<meta property=\"og:locale\" content=\"fr_FR\" \/>\n<meta property=\"og:type\" content=\"article\" \/>\n<meta property=\"og:title\" content=\"Nos clients - Domaine L&#039;Aigueli\u00e8re\" \/>\n<meta property=\"og:url\" content=\"https:\/\/aigueliere.fr\/index.php\/nos-clients\/\" \/>\n<meta property=\"og:site_name\" content=\"Domaine L&#039;Aigueli\u00e8re\" \/>\n<meta property=\"article:modified_time\" content=\"2020-08-07T09:07:36+00:00\" \/>\n<meta name=\"twitter:card\" content=\"summary_large_image\" \/>\n<meta name=\"twitter:label1\" content=\"Dur\u00e9e de lecture estim\u00e9e\" \/>\n\t<meta name=\"twitter:data1\" content=\"2 minutes\" \/>\n<script type=\"application\/ld+json\" class=\"yoast-schema-graph\">{\"@context\":\"https:\/\/schema.org\",\"@graph\":[{\"@type\":\"WebPage\",\"@id\":\"https:\/\/aigueliere.fr\/index.php\/nos-clients\/\",\"url\":\"https:\/\/aigueliere.fr\/index.php\/nos-clients\/\",\"name\":\"Nos clients - Domaine L&#039;Aigueli\u00e8re\",\"isPartOf\":{\"@id\":\"https:\/\/aigueliere.fr\/#website\"},\"datePublished\":\"2020-07-16T17:23:25+00:00\",\"dateModified\":\"2020-08-07T09:07:36+00:00\",\"breadcrumb\":{\"@id\":\"https:\/\/aigueliere.fr\/index.php\/nos-clients\/#breadcrumb\"},\"inLanguage\":\"fr-FR\",\"potentialAction\":[{\"@type\":\"ReadAction\",\"target\":[\"https:\/\/aigueliere.fr\/index.php\/nos-clients\/\"]}]},{\"@type\":\"BreadcrumbList\",\"@id\":\"https:\/\/aigueliere.fr\/index.php\/nos-clients\/#breadcrumb\",\"itemListElement\":[{\"@type\":\"ListItem\",\"position\":1,\"name\":\"Accueil\",\"item\":\"https:\/\/aigueliere.fr\/\"},{\"@type\":\"ListItem\",\"position\":2,\"name\":\"Nos clients\"}]},{\"@type\":\"WebSite\",\"@id\":\"https:\/\/aigueliere.fr\/#website\",\"url\":\"https:\/\/aigueliere.fr\/\",\"name\":\"Domaine L&#039;Aigueli\u00e8re\",\"description\":\"Un vigneron \u00e0 votre \u00e9coute\",\"potentialAction\":[{\"@type\":\"SearchAction\",\"target\":{\"@type\":\"EntryPoint\",\"urlTemplate\":\"https:\/\/aigueliere.fr\/?s={search_term_string}\"},\"query-input\":{\"@type\":\"PropertyValueSpecification\",\"valueRequired\":true,\"valueName\":\"search_term_string\"}}],\"inLanguage\":\"fr-FR\"}]}<\/script>\n<!-- \/ Yoast SEO plugin. -->","yoast_head_json":{"title":"Nos clients - Domaine L&#039;Aigueli\u00e8re","robots":{"index":"index","follow":"follow","max-snippet":"max-snippet:-1","max-image-preview":"max-image-preview:large","max-video-preview":"max-video-preview:-1"},"canonical":"https:\/\/aigueliere.fr\/index.php\/nos-clients\/","og_locale":"fr_FR","og_type":"article","og_title":"Nos clients - Domaine L&#039;Aigueli\u00e8re","og_url":"https:\/\/aigueliere.fr\/index.php\/nos-clients\/","og_site_name":"Domaine L&#039;Aigueli\u00e8re","article_modified_time":"2020-08-07T09:07:36+00:00","twitter_card":"summary_large_image","twitter_misc":{"Dur\u00e9e de lecture estim\u00e9e":"2 minutes"},"schema":{"@context":"https:\/\/schema.org","@graph":[{"@type":"WebPage","@id":"https:\/\/aigueliere.fr\/index.php\/nos-clients\/","url":"https:\/\/aigueliere.fr\/index.php\/nos-clients\/","name":"Nos clients - Domaine L&#039;Aigueli\u00e8re","isPartOf":{"@id":"https:\/\/aigueliere.fr\/#website"},"datePublished":"2020-07-16T17:23:25+00:00","dateModified":"2020-08-07T09:07:36+00:00","breadcrumb":{"@id":"https:\/\/aigueliere.fr\/index.php\/nos-clients\/#breadcrumb"},"inLanguage":"fr-FR","potentialAction":[{"@type":"ReadAction","target":["https:\/\/aigueliere.fr\/index.php\/nos-clients\/"]}]},{"@type":"BreadcrumbList","@id":"https:\/\/aigueliere.fr\/index.php\/nos-clients\/#breadcrumb","itemListElement":[{"@type":"ListItem","position":1,"name":"Accueil","item":"https:\/\/aigueliere.fr\/"},{"@type":"ListItem","position":2,"name":"Nos clients"}]},{"@type":"WebSite","@id":"https:\/\/aigueliere.fr\/#website","url":"https:\/\/aigueliere.fr\/","name":"Domaine L&#039;Aigueli\u00e8re","description":"Un vigneron \u00e0 votre \u00e9coute","potentialAction":[{"@type":"SearchAction","target":{"@type":"EntryPoint","urlTemplate":"https:\/\/aigueliere.fr\/?s={search_term_string}"},"query-input":{"@type":"PropertyValueSpecification","valueRequired":true,"valueName":"search_term_string"}}],"inLanguage":"fr-FR"}]}},"_links":{"self":[{"href":"https:\/\/aigueliere.fr\/index.php\/wp-json\/wp\/v2\/pages\/714","targetHints":{"allow":["GET"]}}],"collection":[{"href":"https:\/\/aigueliere.fr\/index.php\/wp-json\/wp\/v2\/pages"}],"about":[{"href":"https:\/\/aigueliere.fr\/index.php\/wp-json\/wp\/v2\/types\/page"}],"author":[{"embeddable":true,"href":"https:\/\/aigueliere.fr\/index.php\/wp-json\/wp\/v2\/users\/1"}],"replies":[{"embeddable":true,"href":"https:\/\/aigueliere.fr\/index.php\/wp-json\/wp\/v2\/comments?post=714"}],"version-history":[{"count":5,"href":"https:\/\/aigueliere.fr\/index.php\/wp-json\/wp\/v2\/pages\/714\/revisions"}],"predecessor-version":[{"id":1016,"href":"https:\/\/aigueliere.fr\/index.php\/wp-json\/wp\/v2\/pages\/714\/revisions\/1016"}],"wp:attachment":[{"href":"https:\/\/aigueliere.fr\/index.php\/wp-json\/wp\/v2\/media?parent=714"}],"curies":[{"name":"wp","href":"https:\/\/api.w.org\/{rel}","templated":true}]}}